{"id":593428,"date":"2025-08-05T10:26:32","date_gmt":"2025-08-05T08:26:32","guid":{"rendered":"https:\/\/lucacastelli.com\/prodotto\/pfanner-gladiator-extrem-schnittschutzhose-grau\/"},"modified":"2026-04-16T01:10:29","modified_gmt":"2026-04-15T23:10:29","slug":"pfanner-gladiator-extrem-schnittschutzhose-grau","status":"publish","type":"product","link":"https:\/\/lucacastelli.com\/de\/produkt\/pfanner-gladiator-extrem-schnittschutzhose-grau\/","title":{"rendered":"PFANNER Gladiator\u00ae Extrem Schnittschutzhose grau"},"content":{"rendered":"<p>Gladiator\u00ae Extrem: Der Name sagt alles. Diese Hose ist f\u00fcr die h\u00e4rtesten Herausforderungen gemacht. 100% Garantie gegen Risse und Einrisse dank unserem neuen ICON Gladiator Gewebe. Das mit Gladiator\u00ae Extrem Garnen verst\u00e4rkte Au\u00dfengewebe widersteht Herausforderungen wie \u00d6l, Hitze, Wasser und Dornen. Diese Hose ist die perfekte Ausr\u00fcstung f\u00fcr den Einsatz in dichten, dornenbewachsenen W\u00e4ldern. Mit diesem au\u00dfergew\u00f6hnlichen High-Tech-Beinschutz, der die KlimaAIR\u00ae- und StretchAIR\u00ae-Technologie beinhaltet, ist h\u00f6chster Komfort garantiert.<br \/>\n-StretchAIR\u00ae-Technologie<br \/>\n-KlimaAIR\u00ae-Technologie<br \/>\n-Gladiator\u00ae Extrem Au\u00dfengewebe<br \/>\n-Dyneema Schnittschutz Klasse 1<br \/>\n-Bel\u00fcftungsschlitze auf der R\u00fcckseite<br \/>\n-Wasserdichte Keprotec\u00ae-Verst\u00e4rkung an den Knien<br \/>\n-Breiterer Nierenschutz     <\/p>\n<p>Material:<br \/>\nGladiator\u00ae Extrem: 100% Polyamid<br \/>\nStretchgewebe: 92% Polyamid, 8% Elastan<br \/>\nFutter: 100% Polyester Cocona<br \/>\nSchnittschutz: Avertic Engtex Pro (Klasse 1, 20 m\/s)<br \/>\nNormen<br \/>\nEN 381-5 Klasse 1 \/ Typ A<\/p>\n","protected":false},"excerpt":{"rendered":"<p>Gladiator\u00ae Extrem: Der Name sagt alles. Diese Hose ist f\u00fcr die h\u00e4rtesten Herausforderungen gemacht. 100% Garantie gegen Risse und Einrisse<\/p>\n","protected":false},"featured_media":590923,"template":"","meta":{"_seopress_robots_primary_cat":"none","_seopress_titles_title":"","_seopress_titles_desc":"","_seopress_robots_index":""},"product_brand":[3458],"product_cat":[21,284],"product_tag":[],"class_list":{"0":"post-593428","1":"product","2":"type-product","3":"status-publish","4":"has-post-thumbnail","6":"product_brand-pfanner","7":"product_cat-abbigliamento","8":"product_cat-abbigliamento-da-lavoro","9":"sws-gruppo-no-gruppo-de","10":"sws-categoria-sito-de","11":"sws-conto-ricavi-merci-rivendita-abbigliamento-de","12":"sws-gruppo-iva-iva81-de","14":"first","15":"instock","16":"shipping-taxable","17":"purchasable","18":"product-type-variable"},"_links":{"self":[{"href":"https:\/\/lucacastelli.com\/de\/wp-json\/wp\/v2\/product\/593428","targetHints":{"allow":["GET"]}}],"collection":[{"href":"https:\/\/lucacastelli.com\/de\/wp-json\/wp\/v2\/product"}],"about":[{"href":"https:\/\/lucacastelli.com\/de\/wp-json\/wp\/v2\/types\/product"}],"wp:featuredmedia":[{"embeddable":true,"href":"https:\/\/lucacastelli.com\/de\/wp-json\/wp\/v2\/media\/590923"}],"wp:attachment":[{"href":"https:\/\/lucacastelli.com\/de\/wp-json\/wp\/v2\/media?parent=593428"}],"wp:term":[{"taxonomy":"product_brand","embeddable":true,"href":"https:\/\/lucacastelli.com\/de\/wp-json\/wp\/v2\/product_brand?post=593428"},{"taxonomy":"product_cat","embeddable":true,"href":"https:\/\/lucacastelli.com\/de\/wp-json\/wp\/v2\/product_cat?post=593428"},{"taxonomy":"product_tag","embeddable":true,"href":"https:\/\/lucacastelli.com\/de\/wp-json\/wp\/v2\/product_tag?post=593428"}],"curies":[{"name":"wp","href":"https:\/\/api.w.org\/{rel}","templated":true}]}}