{"id":590946,"date":"2025-08-06T13:28:53","date_gmt":"2025-08-06T11:28:53","guid":{"rendered":"https:\/\/lucacastelli.com\/?post_type=product&#038;p=590946"},"modified":"2025-12-23T13:03:43","modified_gmt":"2025-12-23T12:03:43","slug":"milwaukee-soffiatore-17-7-n-a-doppia-batteria-2x18v-m18-fuel-2","status":"publish","type":"product","link":"https:\/\/lucacastelli.com\/de\/produkt\/milwaukee-soffiatore-17-7-n-a-doppia-batteria-2x18v-m18-fuel-2\/","title":{"rendered":"MILWAUKEE Soffiatore 17.7 N a doppia batteria (2x18V) M18 FUEL\u2122"},"content":{"rendered":"<p>Soffiatore 17.7 N a doppia batteria (2x18V) M18 FUEL\u2122<br \/>\nM18 F2BL-802 \/ SOFFIATORI<br \/>\nFino a 17 m\u00b3\/min di volume d&#8217;aria e 233 km\/h per rimozione di foglie (anche bagnate), ghiaia e detriti;Potenza costante di 17.7 N durante le operazioni di soffiatura;Design bilanciato per massimo controllo e interruttore a velocit\u00e0 variabile ambidestro con cruise control e possibilit\u00e0 di velocit\u00e0 costante;2 ugelli (piatto e conico) interscambiabili per varie applicazioni;Massima velocit\u00e0 in meno di 1 secondo;Impugnatura secondaria per massima manovrabilit\u00e0 negli spazi stretti;Interruttore a velocit\u00e0 variabile, per massimo controllo;Funziona con 2 batterie da 18V in serie;La tecnologia FUEL\u2122 ridefinisce gli elettroutensili a batteria. Il motore brushless, l&#8217;elettronica REDLINK PLUS\u2122 e il pacco batterie REDLITHIUM\u2122 offrono prestazioni e durata superiori;Funziona con tutte le batterie M18\u2122 MILWAUKEE\u00ae<\/p>\n<p>4933499229<br \/>\n4058546563936<\/p>\n","protected":false},"excerpt":{"rendered":"<p>M18 F2BL-802 \/ SOFFIATORI<\/p>\n","protected":false},"featured_media":590947,"template":"","meta":{"_seopress_robots_primary_cat":"","_seopress_titles_title":"","_seopress_titles_desc":"","_seopress_robots_index":""},"product_brand":[3407],"product_cat":[29,485,489],"product_tag":[3270],"class_list":{"0":"post-590946","1":"product","2":"type-product","3":"status-publish","4":"has-post-thumbnail","6":"product_brand-milwaukee","7":"product_cat-macchinari","8":"product_cat-soffiatori-e-aspiratori","9":"product_cat-soffiatori-a-batteria","10":"product_tag-import-milwau","11":"sws-conto-ricavi-merci-rivendita-macchinari-de","12":"sws-gruppo-iva-iva81-de","14":"first","15":"onbackorder","16":"sale","17":"shipping-taxable","18":"purchasable","19":"product-type-simple"},"_links":{"self":[{"href":"https:\/\/lucacastelli.com\/de\/wp-json\/wp\/v2\/product\/590946","targetHints":{"allow":["GET"]}}],"collection":[{"href":"https:\/\/lucacastelli.com\/de\/wp-json\/wp\/v2\/product"}],"about":[{"href":"https:\/\/lucacastelli.com\/de\/wp-json\/wp\/v2\/types\/product"}],"wp:featuredmedia":[{"embeddable":true,"href":"https:\/\/lucacastelli.com\/de\/wp-json\/wp\/v2\/media\/590947"}],"wp:attachment":[{"href":"https:\/\/lucacastelli.com\/de\/wp-json\/wp\/v2\/media?parent=590946"}],"wp:term":[{"taxonomy":"product_brand","embeddable":true,"href":"https:\/\/lucacastelli.com\/de\/wp-json\/wp\/v2\/product_brand?post=590946"},{"taxonomy":"product_cat","embeddable":true,"href":"https:\/\/lucacastelli.com\/de\/wp-json\/wp\/v2\/product_cat?post=590946"},{"taxonomy":"product_tag","embeddable":true,"href":"https:\/\/lucacastelli.com\/de\/wp-json\/wp\/v2\/product_tag?post=590946"}],"curies":[{"name":"wp","href":"https:\/\/api.w.org\/{rel}","templated":true}]}}