{"id":589729,"date":"2025-08-06T11:28:17","date_gmt":"2025-08-06T09:28:17","guid":{"rendered":"https:\/\/lucacastelli.com\/?post_type=product&#038;p=589729"},"modified":"2025-12-23T13:03:56","modified_gmt":"2025-12-23T12:03:56","slug":"milwaukee-avvitatore-ad-impulsi-5","status":"publish","type":"product","link":"https:\/\/lucacastelli.com\/de\/produkt\/milwaukee-avvitatore-ad-impulsi-5\/","title":{"rendered":"MILWAUKEE Avvitatore ad impulsi"},"content":{"rendered":"<p>M18 ONEFHIWF1DS-121C  \/ AVV IMPULSI IN1<br \/>\nL&#8217;avvitatore ad Impulsi M18 FUEL\u2122 ad altissima potenza garantisce fino a 2576 Nm di coppia di serraggio;Potenza in svitatura fino a 2711 Nm di coppia, per applicazioni con bulloni M42;Sistema con 4 modalit\u00e0 DRIVE CONTROL che permette di scegliere quattro diverse impostazioni di velocit\u00e0 e coppia, per la massima flessibilit\u00e0 in diverse applicazioni;Sensore integrato di conteggio dei colpi, per applicazioni ripetute;Il sistema ONE-KEY\u2122 Tracking &amp; Security offre gratuitamente un servizio di tracciamento e gestione dell&#8217;inventario basata su cloud, disponendo anche di funzionalit\u00e0 di blocco a distanza e di personalizzazione delle prestazioni dell&#8217;utensile;Illuminazione Tri-LED per illuminare l&#8217;area di lavoro;Sistema HIGH OUTPUT\u2122, eleva prestazioni e autonomia della tecnologia M18 FUEL\u2122;Funziona con tutte le batterie M18\u2122 MILWAUKEE\u00ae;Personalizzazione ONE-KEY\u2122: Possibilit\u00e0 di regolare la velocit\u00e0 del&#8217;utensile e il range di coppia desiderato (da 1 a 10)<\/p>\n<p>4933499253<br \/>\n4058546564179<\/p>\n","protected":false},"excerpt":{"rendered":"<p>M18 ONEFHIWF1DS-121C  \/ AVV IMPULSI IN1<\/p>\n","protected":false},"featured_media":453940,"template":"","meta":{"_seopress_robots_primary_cat":"","_seopress_titles_title":"","_seopress_titles_desc":"","_seopress_robots_index":""},"product_brand":[3407],"product_cat":[29,549],"product_tag":[3270],"class_list":{"0":"post-589729","1":"product","2":"type-product","3":"status-publish","4":"has-post-thumbnail","6":"product_brand-milwaukee","7":"product_cat-macchinari","8":"product_cat-trapani-e-avvitatori","9":"product_tag-import-milwau","10":"sws-conto-ricavi-merci-rivendita-macchinari-en","11":"sws-gruppo-iva-iva81-en","13":"first","14":"onbackorder","15":"sale","16":"shipping-taxable","17":"purchasable","18":"product-type-simple"},"_links":{"self":[{"href":"https:\/\/lucacastelli.com\/de\/wp-json\/wp\/v2\/product\/589729","targetHints":{"allow":["GET"]}}],"collection":[{"href":"https:\/\/lucacastelli.com\/de\/wp-json\/wp\/v2\/product"}],"about":[{"href":"https:\/\/lucacastelli.com\/de\/wp-json\/wp\/v2\/types\/product"}],"wp:featuredmedia":[{"embeddable":true,"href":"https:\/\/lucacastelli.com\/de\/wp-json\/wp\/v2\/media\/453940"}],"wp:attachment":[{"href":"https:\/\/lucacastelli.com\/de\/wp-json\/wp\/v2\/media?parent=589729"}],"wp:term":[{"taxonomy":"product_brand","embeddable":true,"href":"https:\/\/lucacastelli.com\/de\/wp-json\/wp\/v2\/product_brand?post=589729"},{"taxonomy":"product_cat","embeddable":true,"href":"https:\/\/lucacastelli.com\/de\/wp-json\/wp\/v2\/product_cat?post=589729"},{"taxonomy":"product_tag","embeddable":true,"href":"https:\/\/lucacastelli.com\/de\/wp-json\/wp\/v2\/product_tag?post=589729"}],"curies":[{"name":"wp","href":"https:\/\/api.w.org\/{rel}","templated":true}]}}