{"id":587798,"date":"2025-08-06T11:27:17","date_gmt":"2025-08-06T09:27:17","guid":{"rendered":"https:\/\/lucacastelli.com\/?post_type=product&#038;p=587798"},"modified":"2025-12-25T19:54:47","modified_gmt":"2025-12-25T18:54:47","slug":"milwaukee-avvitatore-ad-impulsi-one-key-fuel-ad-alta-coppia-attacco-1%e2%80%b3-f","status":"publish","type":"product","link":"https:\/\/lucacastelli.com\/de\/produkt\/milwaukee-avvitatore-ad-impulsi-one-key-fuel-ad-alta-coppia-attacco-1%e2%80%b3-f\/","title":{"rendered":"MILWAUKEE Avvitatore ad impulsi ONE-KEY\u2122 FUEL\u2122 ad alta coppia attacco 1\u2033 F"},"content":{"rendered":"<p>M18ONEFHIWF1-0 AVVITATRI.ELETTRICA<br \/>\nIl primo avvitatore ad impulsi ad alta coppia M18 FUEL\u2122 ONE-KEY\u2122 con attacco da 1doganale, sostituisce gli utensili a filo, a benzina o pneumatici;Sistema con 4 modalit\u00e0 DRIVE CONTROL che permette di scegliere tra quattro diverse impostazioni di velocit\u00e0 e coppia, per la massima flessibilit\u00e0 in diverse applicazioni;In grado di ripetere applicazioni con estrema precisione di coppia;Personalizzazione ONE-KEY\u2122: Possibilit\u00e0 di regolare la velocit\u00e0 del&#8217;utensile e il range di coppia desiderato (da 1 a 10);Con la tecnologia ONE-KEY\u2122 \u00e8 possibile monitorare da remoto i propri utensili dell&#8217;inventario, sapere sempre dove si trovano e prevenire manomissioni;Il sistema ONE-KEY\u2122 Tracking &amp; Security offre gratuitamente un servizio di tracciamento e gestione dell&#8217;inventario basata su cloud, disponendo anche di funzionalit\u00e0 di blocco a distanza e di personalizzazione delle prestazioni dell&#8217;utensile;Sistema HIGH OUTPUT\u2122, eleva prestazioni e autonomia della tecnologia M18 FUEL\u2122;Funziona con tutte le batterie M18\u2122 MILWAUKEE\u00ae<\/p>\n<p>4933499162<br \/>\n4058546530310<\/p>\n","protected":false},"excerpt":{"rendered":"<p>M18ONEFHIWF1-0 AVVITATRI.ELETTRICA<\/p>\n","protected":false},"featured_media":587799,"template":"","meta":{"_seopress_robots_primary_cat":"","_seopress_titles_title":"","_seopress_titles_desc":"","_seopress_robots_index":""},"product_brand":[3407],"product_cat":[29,549],"product_tag":[3270],"class_list":{"0":"post-587798","1":"product","2":"type-product","3":"status-publish","4":"has-post-thumbnail","6":"product_brand-milwaukee","7":"product_cat-macchinari","8":"product_cat-trapani-e-avvitatori","9":"product_tag-import-milwau","10":"sws-conto-ricavi-merci-rivendita-macchinari","11":"sws-gruppo-iva-iva81","13":"first","14":"onbackorder","15":"sale","16":"shipping-taxable","17":"purchasable","18":"product-type-simple"},"_links":{"self":[{"href":"https:\/\/lucacastelli.com\/de\/wp-json\/wp\/v2\/product\/587798","targetHints":{"allow":["GET"]}}],"collection":[{"href":"https:\/\/lucacastelli.com\/de\/wp-json\/wp\/v2\/product"}],"about":[{"href":"https:\/\/lucacastelli.com\/de\/wp-json\/wp\/v2\/types\/product"}],"wp:featuredmedia":[{"embeddable":true,"href":"https:\/\/lucacastelli.com\/de\/wp-json\/wp\/v2\/media\/587799"}],"wp:attachment":[{"href":"https:\/\/lucacastelli.com\/de\/wp-json\/wp\/v2\/media?parent=587798"}],"wp:term":[{"taxonomy":"product_brand","embeddable":true,"href":"https:\/\/lucacastelli.com\/de\/wp-json\/wp\/v2\/product_brand?post=587798"},{"taxonomy":"product_cat","embeddable":true,"href":"https:\/\/lucacastelli.com\/de\/wp-json\/wp\/v2\/product_cat?post=587798"},{"taxonomy":"product_tag","embeddable":true,"href":"https:\/\/lucacastelli.com\/de\/wp-json\/wp\/v2\/product_tag?post=587798"}],"curies":[{"name":"wp","href":"https:\/\/api.w.org\/{rel}","templated":true}]}}