{"id":586795,"date":"2025-08-06T11:27:23","date_gmt":"2025-08-06T09:27:23","guid":{"rendered":"https:\/\/lucacastelli.com\/?post_type=product&#038;p=586795"},"modified":"2025-12-25T20:20:46","modified_gmt":"2025-12-25T19:20:46","slug":"milwaukee-avvitatore-ad-impulsi-compatto-m18-fuel-attacco-%c2%bd%e2%80%b3-quadro-f","status":"publish","type":"product","link":"https:\/\/lucacastelli.com\/de\/produkt\/milwaukee-avvitatore-ad-impulsi-compatto-m18-fuel-attacco-%c2%bd%e2%80%b3-quadro-f\/","title":{"rendered":"MILWAUKEE Avvitatore ad impulsi compatto M18 FUEL\u2122 attacco \u00bd\u2033 quadro F"},"content":{"rendered":"<p>M18FIW2F12-0 AVVITATRI.ELETTRICA<br \/>\nEroga fino a 339 Nm con massima efficienza;Estremamente compatto: lunghezza totale 124 mm, per applicazioni in spazi ristretti;Sistema con 4 modalit\u00e0 DRIVE CONTROL che permette di scegliere tra quattro diverse impostazioni di velocit\u00e0 e coppia, per la massimizza flessibilit\u00e0 in diverse applicazioni;Modalit\u00e0 Bolt Removal per garantire maggiore controllo in svitatura: diminuzione dei giri una volta allentato il bullone per prevenirne la caduta;Modalit\u00e0 Auto Shut-Off per impedire serraggi in sovracoppia: applicati max 34 Nm di coppia per applicazioni ottimizzate;Illuminazione Tri-LED per illuminare l&#8217;area di lavoro;Anello di frizione 1\/2 pollici quadro;Gancio per cintura completamente in metallo;La tecnologia FUEL\u2122 ridefinisce gli elettroutensili a batteria. Il motore brushless, l&#8217;elettronica REDLINK PLUS\u2122 e il pacco batterie REDLITHIUM\u2122 offrono prestazioni e durata superiori;Funziona con tutte le batterie M18\u2122 MILWAUKEE\u00ae<\/p>\n<p>4933498058<br \/>\n4058546512187<\/p>\n","protected":false},"excerpt":{"rendered":"<p>M18FIW2F12-0 AVVITATRI.ELETTRICA<\/p>\n","protected":false},"featured_media":454374,"template":"","meta":{"_seopress_robots_primary_cat":"","_seopress_titles_title":"","_seopress_titles_desc":"","_seopress_robots_index":""},"product_brand":[3407],"product_cat":[29,549],"product_tag":[3270],"class_list":{"0":"post-586795","1":"product","2":"type-product","3":"status-publish","4":"has-post-thumbnail","6":"product_brand-milwaukee","7":"product_cat-macchinari","8":"product_cat-trapani-e-avvitatori","9":"product_tag-import-milwau","10":"sws-conto-ricavi-merci-rivendita-macchinari","11":"sws-gruppo-iva-iva81","13":"first","14":"onbackorder","15":"sale","16":"shipping-taxable","17":"purchasable","18":"product-type-simple"},"_links":{"self":[{"href":"https:\/\/lucacastelli.com\/de\/wp-json\/wp\/v2\/product\/586795","targetHints":{"allow":["GET"]}}],"collection":[{"href":"https:\/\/lucacastelli.com\/de\/wp-json\/wp\/v2\/product"}],"about":[{"href":"https:\/\/lucacastelli.com\/de\/wp-json\/wp\/v2\/types\/product"}],"wp:featuredmedia":[{"embeddable":true,"href":"https:\/\/lucacastelli.com\/de\/wp-json\/wp\/v2\/media\/454374"}],"wp:attachment":[{"href":"https:\/\/lucacastelli.com\/de\/wp-json\/wp\/v2\/media?parent=586795"}],"wp:term":[{"taxonomy":"product_brand","embeddable":true,"href":"https:\/\/lucacastelli.com\/de\/wp-json\/wp\/v2\/product_brand?post=586795"},{"taxonomy":"product_cat","embeddable":true,"href":"https:\/\/lucacastelli.com\/de\/wp-json\/wp\/v2\/product_cat?post=586795"},{"taxonomy":"product_tag","embeddable":true,"href":"https:\/\/lucacastelli.com\/de\/wp-json\/wp\/v2\/product_tag?post=586795"}],"curies":[{"name":"wp","href":"https:\/\/api.w.org\/{rel}","templated":true}]}}