{"id":585892,"date":"2025-08-06T11:27:53","date_gmt":"2025-08-06T09:27:53","guid":{"rendered":"https:\/\/lucacastelli.com\/?post_type=product&#038;p=585892"},"modified":"2025-12-25T19:57:09","modified_gmt":"2025-12-25T18:57:09","slug":"milwaukee-avvitatore-ad-impulsi-compatto-m12-fuel-1-2%cb%9d-f","status":"publish","type":"product","link":"https:\/\/lucacastelli.com\/de\/produkt\/milwaukee-avvitatore-ad-impulsi-compatto-m12-fuel-1-2%cb%9d-f\/","title":{"rendered":"MILWAUKEE Avvitatore ad impulsi compatto M12 FUEL\u2122 1\/2\u02dd F"},"content":{"rendered":"<p>M12 FCIWF12G3-502X\/AVV IMPULSI<br \/>\n542 Nm di coppia in serraggio e 746 Nm in svitatura. Il pi\u00f9 potente della categoria;Compatto e leggero, pesa 1 kg ed \u00e8 lungo poco pi\u00f9 di 12 cm;Eccezionale velocit\u00e0: 3000 giri\/min;4 Modalit\u00e0 DRIVE CONTROL per cambiare velocit\u00e0 direttamente dall&#8217;utensile;Premendo l&#8217;interruttore seleziono velocemente la velocit\u00e0;I 3 LED posti sulla parte frontale illuminano l&#8217;area di lavoro;La tecnologia FUEL\u2122 ridefinisce gli elettroutensili a batteria. Il motore brushless, l&#8217;elettronica REDLINK PLUS\u2122 e il pacco batterie REDLITHIUM\u2122 offrono prestazioni e durata superiori;Funziona con tutte le batterie M12\u2122 MILWAUKEE\u00ae<\/p>\n<p>4933493455<br \/>\n4058546483265<\/p>\n","protected":false},"excerpt":{"rendered":"<p>M12 FCIWF12G3-502X\/AVV IMPULSI<\/p>\n","protected":false},"featured_media":585893,"template":"","meta":{"_seopress_robots_primary_cat":"","_seopress_titles_title":"","_seopress_titles_desc":"","_seopress_robots_index":""},"product_brand":[3407],"product_cat":[29,549],"product_tag":[3270],"class_list":{"0":"post-585892","1":"product","2":"type-product","3":"status-publish","4":"has-post-thumbnail","6":"product_brand-milwaukee","7":"product_cat-macchinari","8":"product_cat-trapani-e-avvitatori","9":"product_tag-import-milwau","10":"sws-conto-ricavi-merci-rivendita-macchinari-de","11":"sws-gruppo-iva-iva81-de","13":"first","14":"onbackorder","15":"sale","16":"shipping-taxable","17":"purchasable","18":"product-type-simple"},"_links":{"self":[{"href":"https:\/\/lucacastelli.com\/de\/wp-json\/wp\/v2\/product\/585892","targetHints":{"allow":["GET"]}}],"collection":[{"href":"https:\/\/lucacastelli.com\/de\/wp-json\/wp\/v2\/product"}],"about":[{"href":"https:\/\/lucacastelli.com\/de\/wp-json\/wp\/v2\/types\/product"}],"wp:featuredmedia":[{"embeddable":true,"href":"https:\/\/lucacastelli.com\/de\/wp-json\/wp\/v2\/media\/585893"}],"wp:attachment":[{"href":"https:\/\/lucacastelli.com\/de\/wp-json\/wp\/v2\/media?parent=585892"}],"wp:term":[{"taxonomy":"product_brand","embeddable":true,"href":"https:\/\/lucacastelli.com\/de\/wp-json\/wp\/v2\/product_brand?post=585892"},{"taxonomy":"product_cat","embeddable":true,"href":"https:\/\/lucacastelli.com\/de\/wp-json\/wp\/v2\/product_cat?post=585892"},{"taxonomy":"product_tag","embeddable":true,"href":"https:\/\/lucacastelli.com\/de\/wp-json\/wp\/v2\/product_tag?post=585892"}],"curies":[{"name":"wp","href":"https:\/\/api.w.org\/{rel}","templated":true}]}}