{"id":584787,"date":"2025-08-06T11:27:14","date_gmt":"2025-08-06T09:27:14","guid":{"rendered":"https:\/\/lucacastelli.com\/?post_type=product&#038;p=584787"},"modified":"2025-12-25T20:21:18","modified_gmt":"2025-12-25T19:21:18","slug":"milwaukee-avvitatore-ad-impulsi-per-ferrovie-da-1%e2%80%b3-m18-fuel-con-anello-di-frizione","status":"publish","type":"product","link":"https:\/\/lucacastelli.com\/de\/produkt\/milwaukee-avvitatore-ad-impulsi-per-ferrovie-da-1%e2%80%b3-m18-fuel-con-anello-di-frizione\/","title":{"rendered":"MILWAUKEE Avvitatore ad impulsi per ferrovie da 1\u2033 M18 FUEL\u2122 con anello di frizione"},"content":{"rendered":"<p>M18FHIWF1R-0C AVVITATRI.ELETTRICA<br \/>\nL&#8217;avvitatore ad impulsi per ferrovie M18 FUEL\u2122 da 1 pollici ha una coppia di 2000 Nm in svitatura in grado di sostituire le soluzioni a scoppio;Pesando solo 6.1 kg risparmia fatica agli operatori che lavorano anche per molte ore sui binari;Tre differenti impostazioni di velocit\u00e0 garantiscono le giuste performance per ogni necessit\u00e0;La quarta modalit\u00e0 &#8220;auto shut-off&#8221; previene il serraggio in sovracoppia;Le impugnature sono ergonomiche e ricoperte di una comoda gomma che migliora la presa;La pratica maniglia agevola il trasporto da e per il cantiere di lavoro;I due LED situati nella parte inferiore dell&#8217;avvitatore assicurano un&#8217;ottima visibilit\u00e0 anche in assenza di luce;Sistema HIGH OUTPUT\u2122, eleva prestazioni e autonomia della tecnologia M18 FUEL\u2122;Funziona con tutte le batterie M18\u2122 MILWAUKEE\u00ae<\/p>\n<p>4933493140<br \/>\n4058546480110<\/p>\n","protected":false},"excerpt":{"rendered":"<p>M18FHIWF1R-0C AVVITATRI.ELETTRICA<\/p>\n","protected":false},"featured_media":584788,"template":"","meta":{"_seopress_robots_primary_cat":"","_seopress_titles_title":"","_seopress_titles_desc":"","_seopress_robots_index":""},"product_brand":[3407],"product_cat":[29,549],"product_tag":[3270],"class_list":{"0":"post-584787","1":"product","2":"type-product","3":"status-publish","4":"has-post-thumbnail","6":"product_brand-milwaukee","7":"product_cat-macchinari","8":"product_cat-trapani-e-avvitatori","9":"product_tag-import-milwau","10":"sws-conto-ricavi-merci-rivendita-macchinari-en","11":"sws-gruppo-iva-iva81-en","13":"first","14":"onbackorder","15":"sale","16":"shipping-taxable","17":"purchasable","18":"product-type-simple"},"_links":{"self":[{"href":"https:\/\/lucacastelli.com\/de\/wp-json\/wp\/v2\/product\/584787","targetHints":{"allow":["GET"]}}],"collection":[{"href":"https:\/\/lucacastelli.com\/de\/wp-json\/wp\/v2\/product"}],"about":[{"href":"https:\/\/lucacastelli.com\/de\/wp-json\/wp\/v2\/types\/product"}],"wp:featuredmedia":[{"embeddable":true,"href":"https:\/\/lucacastelli.com\/de\/wp-json\/wp\/v2\/media\/584788"}],"wp:attachment":[{"href":"https:\/\/lucacastelli.com\/de\/wp-json\/wp\/v2\/media?parent=584787"}],"wp:term":[{"taxonomy":"product_brand","embeddable":true,"href":"https:\/\/lucacastelli.com\/de\/wp-json\/wp\/v2\/product_brand?post=584787"},{"taxonomy":"product_cat","embeddable":true,"href":"https:\/\/lucacastelli.com\/de\/wp-json\/wp\/v2\/product_cat?post=584787"},{"taxonomy":"product_tag","embeddable":true,"href":"https:\/\/lucacastelli.com\/de\/wp-json\/wp\/v2\/product_tag?post=584787"}],"curies":[{"name":"wp","href":"https:\/\/api.w.org\/{rel}","templated":true}]}}