{"id":584570,"date":"2025-08-06T11:28:12","date_gmt":"2025-08-06T09:28:12","guid":{"rendered":"https:\/\/lucacastelli.com\/?post_type=product&#038;p=584570"},"modified":"2025-12-25T20:21:10","modified_gmt":"2025-12-25T19:21:10","slug":"milwaukee-avvitatore-ad-impulsi-1-4%cb%9d-brushless-m18-3-velocita-con-attacco-esagonale-2","status":"publish","type":"product","link":"https:\/\/lucacastelli.com\/de\/produkt\/milwaukee-avvitatore-ad-impulsi-1-4%cb%9d-brushless-m18-3-velocita-con-attacco-esagonale-2\/","title":{"rendered":"MILWAUKEE Avvitatore ad impulsi 1\/4\u02dd Brushless M18\u2122 3 velocit\u00e0 con attacco esagonale"},"content":{"rendered":"<p>M18 BLIDR-502X \/ AVV IMPULSI HEX<br \/>\nCon solo 112 mm di lunghezza, permette di accedere anche negli spazi pi\u00f9 ristretti;Il potente motore brushless eroga 190 Nm di coppia con 3600 giri e 4900 colpi al minuti;3 modalit\u00e0 DRIVE CONTROL selezionabili dall&#8217;utente per avere velocit\u00e0 e coppie differenti;L&#8217;inserimento dell&#8217;inserto pu\u00f2 essere fatto con una sola mano rendendo il lavoro pi\u00f9 veloce e pratico;Gli ingranaggi e la scatola che li contiene sono totalmente in metallo garantendo prestazioni e resistenza nel tempo;Indicatore dello stato di carica della batteria e luce LED per illuminare l&#8217;area di applicazione;Dotato di gancio per cintura reversibile in metallo;Il motore brushless, l&#8217;elettronica REDLINK PLUS\u2122 e il pacco batterie REDLITHIUM\u2122 offrono prestazioni e durata superiori;Funziona con tutte le batterie M18\u2122 MILWAUKEE\u00ae<\/p>\n<p>4933492843<br \/>\n4058546477141<\/p>\n","protected":false},"excerpt":{"rendered":"<p>M18 BLIDR-502X \/ AVV IMPULSI HEX<\/p>\n","protected":false},"featured_media":584571,"template":"","meta":{"_seopress_robots_primary_cat":"","_seopress_titles_title":"","_seopress_titles_desc":"","_seopress_robots_index":""},"product_brand":[3407],"product_cat":[29,549],"product_tag":[3270],"class_list":{"0":"post-584570","1":"product","2":"type-product","3":"status-publish","4":"has-post-thumbnail","6":"product_brand-milwaukee","7":"product_cat-macchinari","8":"product_cat-trapani-e-avvitatori","9":"product_tag-import-milwau","10":"sws-conto-ricavi-merci-rivendita-macchinari","11":"sws-gruppo-iva-iva81","13":"first","14":"onbackorder","15":"sale","16":"shipping-taxable","17":"purchasable","18":"product-type-simple"},"_links":{"self":[{"href":"https:\/\/lucacastelli.com\/de\/wp-json\/wp\/v2\/product\/584570","targetHints":{"allow":["GET"]}}],"collection":[{"href":"https:\/\/lucacastelli.com\/de\/wp-json\/wp\/v2\/product"}],"about":[{"href":"https:\/\/lucacastelli.com\/de\/wp-json\/wp\/v2\/types\/product"}],"wp:featuredmedia":[{"embeddable":true,"href":"https:\/\/lucacastelli.com\/de\/wp-json\/wp\/v2\/media\/584571"}],"wp:attachment":[{"href":"https:\/\/lucacastelli.com\/de\/wp-json\/wp\/v2\/media?parent=584570"}],"wp:term":[{"taxonomy":"product_brand","embeddable":true,"href":"https:\/\/lucacastelli.com\/de\/wp-json\/wp\/v2\/product_brand?post=584570"},{"taxonomy":"product_cat","embeddable":true,"href":"https:\/\/lucacastelli.com\/de\/wp-json\/wp\/v2\/product_cat?post=584570"},{"taxonomy":"product_tag","embeddable":true,"href":"https:\/\/lucacastelli.com\/de\/wp-json\/wp\/v2\/product_tag?post=584570"}],"curies":[{"name":"wp","href":"https:\/\/api.w.org\/{rel}","templated":true}]}}