{"id":580731,"date":"2025-08-07T06:30:21","date_gmt":"2025-08-07T04:30:21","guid":{"rendered":"https:\/\/lucacastelli.com\/?post_type=product&#038;p=580731"},"modified":"2025-08-10T12:57:18","modified_gmt":"2025-08-10T10:57:18","slug":"milwaukee-m12-fuel-roditrice-16-mm","status":"publish","type":"product","link":"https:\/\/lucacastelli.com\/de\/produkt\/milwaukee-m12-fuel-roditrice-16-mm\/","title":{"rendered":"MILWAUKEE M12 FUEL\u2122 Roditrice 1,6 mm"},"content":{"rendered":"<p>M12FNB16-0 RODITRICE A BATTER.<br \/>\nLa prima roditrice 12V con capacit\u00e0 massima di taglio su acciaio al carbonio di 1,6 mm, acciaio inox 1,2 mm, alluminio 2,1 mm;Con solo 1,6 kg di peso (con batteria 6.0 Ah inclusa) \u00e8 la roditrice a batteria pi\u00f9 leggera sul mercato;Massimo controllo per ogni tipo di materiale, con 5 regolazioni \u00e8 ideale per lavorazioni su acciaio inox e alluminio;Sistema di accensione Zollauto controlZoll, si avvia lentamente e raggiunge la massima velocit\u00e0 quando l&#8217;utilizzatore inizia a tagliare;Regolazione della direzione di taglio (90\u00b0) senza l&#8217;utilizzo di utensili;Rimozione e sostituzione degli accessori senza l&#8217;utilizzo di utensili;Dotata di borsa per la raccolta degli scarti di lavorazione;Le luci LED illuminano l&#8217;area di lavoro;Gancio per la cintura e laccio integrati;Il motore brushless POWERSTATE\u2122 garantisce prestazioni anche sotto sforzo. L&#8217;elettronica REDLINK PLUS\u2122 fornisce maggiore protezione al sovraccarico per utensile e batteria garantendo maggiore durata nelle applicazioni gravose mentre la batteria REDLITHIUM\u2122 garantisce una costruzione avanzata del pacco batteria e prestazioni costanti, per offrire maggiore autonomia e massimizzare la vita della batteria;Funziona con tutte le batterie M12\u2122<\/p>\n<p>4933479617<br \/>\n4058546374112<\/p>\n","protected":false},"excerpt":{"rendered":"<p>M12FNB16-0 RODITRICE A BATTER.<\/p>\n","protected":false},"featured_media":580732,"template":"","meta":{"_seopress_robots_primary_cat":"","_seopress_titles_title":"","_seopress_titles_desc":"","_seopress_robots_index":""},"product_brand":[3407],"product_cat":[5531,29,491],"product_tag":[3270],"class_list":{"0":"post-580731","1":"product","2":"type-product","3":"status-publish","4":"has-post-thumbnail","6":"product_brand-milwaukee","7":"product_cat-vari-macchinari-milwaukee","8":"product_cat-macchinari","9":"product_cat-accessori-sistemi-a-batteria","10":"product_tag-import-milwau","11":"sws-conto-ricavi-merci-rivendita-macchinari","12":"sws-gruppo-iva-iva81","14":"first","15":"onbackorder","16":"sale","17":"shipping-taxable","18":"purchasable","19":"product-type-simple"},"_links":{"self":[{"href":"https:\/\/lucacastelli.com\/de\/wp-json\/wp\/v2\/product\/580731","targetHints":{"allow":["GET"]}}],"collection":[{"href":"https:\/\/lucacastelli.com\/de\/wp-json\/wp\/v2\/product"}],"about":[{"href":"https:\/\/lucacastelli.com\/de\/wp-json\/wp\/v2\/types\/product"}],"wp:featuredmedia":[{"embeddable":true,"href":"https:\/\/lucacastelli.com\/de\/wp-json\/wp\/v2\/media\/580732"}],"wp:attachment":[{"href":"https:\/\/lucacastelli.com\/de\/wp-json\/wp\/v2\/media?parent=580731"}],"wp:term":[{"taxonomy":"product_brand","embeddable":true,"href":"https:\/\/lucacastelli.com\/de\/wp-json\/wp\/v2\/product_brand?post=580731"},{"taxonomy":"product_cat","embeddable":true,"href":"https:\/\/lucacastelli.com\/de\/wp-json\/wp\/v2\/product_cat?post=580731"},{"taxonomy":"product_tag","embeddable":true,"href":"https:\/\/lucacastelli.com\/de\/wp-json\/wp\/v2\/product_tag?post=580731"}],"curies":[{"name":"wp","href":"https:\/\/api.w.org\/{rel}","templated":true}]}}