{"id":580539,"date":"2025-12-03T13:00:26","date_gmt":"2025-12-03T12:00:26","guid":{"rendered":"https:\/\/lucacastelli.com\/prodotto\/stihl-bga-200-set-ar-2000-l-2\/"},"modified":"2026-01-02T18:53:51","modified_gmt":"2026-01-02T17:53:51","slug":"stihl-bga-200-set-ar-2000-l-2","status":"publish","type":"product","link":"https:\/\/lucacastelli.com\/de\/produkt\/stihl-bga-200-set-ar-2000-l-2\/","title":{"rendered":"STIHL BGA 200 Set AR 2000 L"},"content":{"rendered":"<p>BESONDERS FLEXIBLER UND KOMFORTABLER AKKU-LAUBBL\u00c4SER<br \/>\nTop-Laubbl\u00e4ser aus der professionellen STIHL Akku-Serie. Schnelle Reinigung dank hoher Blasleistung und hoher Luftgeschwindigkeit. Zweiter Handgriff und Gashebel-Arretierung, schnelle Einstellung des Blasrohrs, reduzierte Belastung des Handgelenks. Kann in engen Bereichen in der Hand getragen werden, mit Tragesystem f\u00fcr gro\u00dfe Fl\u00e4chen. Die Anwendungen sind das Entfernen von Laub und Abf\u00e4llen sowie das Sammeln von Fr\u00fcchten.    <\/p>\n<p>Technische Daten:<br \/>\nNennspannung: 36 V<br \/>\nGewicht: 3,2 kg<br \/>\nMaximale Luftgeschwindigkeit: \u201e84 m\/s<br \/>\nMaximale Luftgeschwindigkeit:\u201c 187 mph<br \/>\nAkkulaufzeit mit AR 2000: von 53 bis zu 315 Minuten<\/p>\n<p>Set bestehend aus:<\/p>\n<p>1 Stk. STIHL BGA 200<br \/>\n1 Stk. AR 2000 L Set<br \/>\n1 Stk. AL 501<br \/>\n1 Stk. AR L Tragesystem<\/p>\n","protected":false},"excerpt":{"rendered":"<p>BESONDERS FLEXIBLER UND KOMFORTABLER AKKU-LAUBBL\u00c4SER Top-Laubbl\u00e4ser aus der professionellen STIHL Akku-Serie. Schnelle Reinigung dank hoher Blasleistung und hoher Luftgeschwindigkeit. Zweiter<\/p>\n","protected":false},"featured_media":580535,"template":"","meta":{"_seopress_robots_primary_cat":"none","_seopress_titles_title":"","_seopress_titles_desc":"","_seopress_robots_index":""},"product_brand":[3554],"product_cat":[1654,1641,169],"product_tag":[],"class_list":{"0":"post-580539","1":"product","2":"type-product","3":"status-publish","4":"has-post-thumbnail","6":"product_brand-stihl-de","7":"product_cat-akku-geblase","8":"product_cat-geblase-und-staubsauger","9":"product_cat-maschinen","10":"sws-gruppo-macchinari-de","11":"sws-conto-ricavi-merci-rivendita-macchinari-de","12":"sws-gruppo-iva-iva81-de","14":"first","15":"instock","16":"sale","17":"shipping-taxable","18":"purchasable","19":"product-type-simple"},"_links":{"self":[{"href":"https:\/\/lucacastelli.com\/de\/wp-json\/wp\/v2\/product\/580539","targetHints":{"allow":["GET"]}}],"collection":[{"href":"https:\/\/lucacastelli.com\/de\/wp-json\/wp\/v2\/product"}],"about":[{"href":"https:\/\/lucacastelli.com\/de\/wp-json\/wp\/v2\/types\/product"}],"wp:featuredmedia":[{"embeddable":true,"href":"https:\/\/lucacastelli.com\/de\/wp-json\/wp\/v2\/media\/580535"}],"wp:attachment":[{"href":"https:\/\/lucacastelli.com\/de\/wp-json\/wp\/v2\/media?parent=580539"}],"wp:term":[{"taxonomy":"product_brand","embeddable":true,"href":"https:\/\/lucacastelli.com\/de\/wp-json\/wp\/v2\/product_brand?post=580539"},{"taxonomy":"product_cat","embeddable":true,"href":"https:\/\/lucacastelli.com\/de\/wp-json\/wp\/v2\/product_cat?post=580539"},{"taxonomy":"product_tag","embeddable":true,"href":"https:\/\/lucacastelli.com\/de\/wp-json\/wp\/v2\/product_tag?post=580539"}],"curies":[{"name":"wp","href":"https:\/\/api.w.org\/{rel}","templated":true}]}}