{"id":580513,"date":"2025-12-03T14:00:59","date_gmt":"2025-12-03T13:00:59","guid":{"rendered":"https:\/\/lucacastelli.com\/prodotto\/stihl-hsa-100-con-1-al-301-e-2-pz-ap-200-s-2\/"},"modified":"2026-02-27T20:04:31","modified_gmt":"2026-02-27T19:04:31","slug":"stihl-hsa-100-con-1-al-301-e-2-pz-ap-200-s-2","status":"publish","type":"product","link":"https:\/\/lucacastelli.com\/de\/produkt\/stihl-hsa-100-con-1-al-301-e-2-pz-ap-200-s-2\/","title":{"rendered":"STIHL HSA 100 mit AL 1 301 und 2 St\u00fcck AP 200 S"},"content":{"rendered":"<p>LEISTUNGSSTARKE HECKENSCHERE F\u00dcR DEN EINSATZ IN L\u00c4RMSENSIBLEN BEREICHEN<\/p>\n<p>Leistungsstarke Universal-Heckenschere f\u00fcr den Einsatz in l\u00e4rmempfindlichen Bereichen. Langlebige Doppelklingenmesser mit 34 mm Zahnabstand f\u00fcr hervorragende Schnittleistung und schnelles Arbeiten. Ergonomische und komfortable Bedienung auch bei l\u00e4ngerem Einsatz dank hervorragender Werkzeugbalance, schwenkbarem Multifunktionsgriff, B\u00fcgelgriff mit Innenschalter und STIHL Antivibrationssystem. Anti-Blockier-System f\u00fcr eine einfache \u00c4nderung der Messerdrehrichtung im Falle einer Blockade. Elektromotor f\u00fcr gleichm\u00e4\u00dfige Leistung und lange Lebensdauer. Anschraubbarer Messerschutz, Messerf\u00fchrungsschutz f\u00fcr verschlei\u00dfarmes Arbeiten in Bodenn\u00e4he oder an W\u00e4nden.     <\/p>\n<p>TECHNISCHE DATEN<br \/>\nSchnittl\u00e4nge: 60 cm<br \/>\nNennspannung: 36 V<br \/>\nGewicht: 3,7 kg<br \/>\nSchalldruckpegel (Norm 2022): 76 dB(A)<br \/>\nSchallleistungspegel: 84 dB(A)<br \/>\nGesamtl\u00e4nge: 116 cm<br \/>\nHubzahl: 300 U\/Min (UM)<br \/>\nZahnabstand: 34 min<br \/>\nAutonomie mit AP 200: bis zu 150 min<\/p>\n<p>Set bestehend aus:<\/p>\n<p>1 St. STIHL HSA 100<br \/>\n2 St. AP 200 S Akku<br \/>\n1 St. AL 301 Ladeger\u00e4t<\/p>\n","protected":false},"excerpt":{"rendered":"<p>LEISTUNGSSTARKE HECKENSCHERE F\u00dcR DEN EINSATZ IN L\u00c4RMSENSIBLEN BEREICHEN Leistungsstarke Universal-Heckenschere f\u00fcr den Einsatz in l\u00e4rmempfindlichen Bereichen. Langlebige Doppelklingenmesser mit 34<\/p>\n","protected":false},"featured_media":580510,"template":"","meta":{"_seopress_robots_primary_cat":"none","_seopress_titles_title":"","_seopress_titles_desc":"","_seopress_robots_index":""},"product_brand":[3554],"product_cat":[1629,1695,169],"product_tag":[],"class_list":{"0":"post-580513","1":"product","2":"type-product","3":"status-publish","4":"has-post-thumbnail","6":"product_brand-stihl-de","7":"product_cat-akku-heckenscheren-und-astscheren","8":"product_cat-heckenscheren-und-astscheren","9":"product_cat-maschinen","10":"sws-gruppo-macchinari-de","11":"sws-conto-ricavi-merci-rivendita-macchinari-de","12":"sws-gruppo-iva-iva81-de","14":"first","15":"instock","16":"sale","17":"shipping-taxable","18":"purchasable","19":"product-type-simple"},"_links":{"self":[{"href":"https:\/\/lucacastelli.com\/de\/wp-json\/wp\/v2\/product\/580513","targetHints":{"allow":["GET"]}}],"collection":[{"href":"https:\/\/lucacastelli.com\/de\/wp-json\/wp\/v2\/product"}],"about":[{"href":"https:\/\/lucacastelli.com\/de\/wp-json\/wp\/v2\/types\/product"}],"wp:featuredmedia":[{"embeddable":true,"href":"https:\/\/lucacastelli.com\/de\/wp-json\/wp\/v2\/media\/580510"}],"wp:attachment":[{"href":"https:\/\/lucacastelli.com\/de\/wp-json\/wp\/v2\/media?parent=580513"}],"wp:term":[{"taxonomy":"product_brand","embeddable":true,"href":"https:\/\/lucacastelli.com\/de\/wp-json\/wp\/v2\/product_brand?post=580513"},{"taxonomy":"product_cat","embeddable":true,"href":"https:\/\/lucacastelli.com\/de\/wp-json\/wp\/v2\/product_cat?post=580513"},{"taxonomy":"product_tag","embeddable":true,"href":"https:\/\/lucacastelli.com\/de\/wp-json\/wp\/v2\/product_tag?post=580513"}],"curies":[{"name":"wp","href":"https:\/\/api.w.org\/{rel}","templated":true}]}}