{"id":580501,"date":"2025-12-03T14:00:48","date_gmt":"2025-12-03T13:00:48","guid":{"rendered":"https:\/\/lucacastelli.com\/prodotto\/stihl-rma-756-v-con-2-ap-500-s-e-al-301-2\/"},"modified":"2026-04-09T11:14:47","modified_gmt":"2026-04-09T09:14:47","slug":"stihl-rma-756-v-con-2-ap-500-s-e-al-301-2","status":"publish","type":"product","link":"https:\/\/lucacastelli.com\/de\/produkt\/stihl-rma-756-v-con-2-ap-500-s-e-al-301-2\/","title":{"rendered":"STIHL RMA 756 V mit 2 AP 500 S und AL 301"},"content":{"rendered":"<p>Profi-Akkum\u00e4her RMA 756 V: M\u00e4hen und Mulchen mittelgro\u00dfer Fl\u00e4chen effizient und bequem<br \/>\nDer STIHL Akku-M\u00e4her RMA 756 V mit Vario-Radantrieb eignet sich besonders f\u00fcr das professionelle M\u00e4hen und Mulchen gro\u00dfer Fl\u00e4chen mit bis zu 25\u00b0 Steigung. Der robuste 4-in-1-Profi-Akkum\u00e4her mit Mulchkeil, Seiten- und Heckauswurf und 80-Liter-Grasfangkorb verbindet hohen Arbeitskomfort mit hoher Leistung und ist sehr leise. Das bedeutet, dass er auch in l\u00e4rmsensiblen Bereichen wie Wohngebieten, Schulen oder Krankenhausg\u00e4rten eingesetzt werden kann.  <\/p>\n<p>Der STIHL RMA 756 V hat ein Hybridgeh\u00e4use, das aus einem robusten Aluminium-Au\u00dfengeh\u00e4use und einem schlagfesten Polymer-Innengeh\u00e4use besteht. Der Frontcrashschutz und die austauschbaren Seitenbleche tragen ebenfalls zu einer langen Lebensdauer bei. Dank seines b\u00fcrstenlosen Elektromotors, der von zwei STIHL AP-Systembatterien angetrieben wird, m\u00e4ht und mulcht der STIHL RMA 756 V auch gro\u00dfe Fl\u00e4chen besonders effektiv.  <\/p>\n<p>Au\u00dferdem sorgt der klappbare, h\u00f6henverstellbare Komfortlenker mit digitalem Steuerger\u00e4t und integrierter STIHL connected Funktion f\u00fcr effizientes Arbeiten und hohen Bedienkomfort. Die Geschwindigkeit des Vario-Antriebs l\u00e4sst sich in 5 Stufen am Komfortlenker einstellen, z. B. durch Verringern der Geschwindigkeit am Hang und Erh\u00f6hen auf ebenen Fl\u00e4chen. F\u00fcr den besten Arbeitsfortschritt kannst du au\u00dferdem zwischen 3 M\u00e4hmodi w\u00e4hlen: Eco, Standard und Auto-Boost. Wenn der Eco-Modus aktiviert ist, passt sich die Motordrehzahl des M\u00e4hers automatisch an die tats\u00e4chlich ben\u00f6tigte Leistung an. So verbraucht der akkubetriebene M\u00e4her weniger Energie und kann eine gr\u00f6\u00dfere Fl\u00e4che abdecken.    <\/p>\n<p>Zusammen mit dem str\u00f6mungsoptimierten Multimesser und 54 cm Schnittbreite kannst du mit dem STIHL RMA 756 V besonders effizient arbeiten. Mit der radbasierten Schnitth\u00f6henverstellung kannst du die gew\u00fcnschte Rasenl\u00e4nge in 6 Stufen von 25 mm bis 100 mm pr\u00e4zise einstellen. Der 80-Liter-Gewebegrasfangkorb des STIHL RMA 756 V l\u00e4sst sich dank des einfachen Komfortlenkers leicht abnehmen und entleeren. <\/p>\n<p>Set bestehend aus:<br \/>\n1 M\u00e4hwerk STIHL RMA 756 V<br \/>\n2 Batterien AP 500 S<br \/>\n1 Ladeger\u00e4t AL 301<\/p>\n","protected":false},"excerpt":{"rendered":"<p>Profi-Akkum\u00e4her RMA 756 V: M\u00e4hen und Mulchen mittelgro\u00dfer Fl\u00e4chen effizient und bequem Der STIHL Akku-M\u00e4her RMA 756 V mit Vario-Radantrieb<\/p>\n","protected":false},"featured_media":580498,"template":"","meta":{"_seopress_robots_primary_cat":"none","_seopress_titles_title":"","_seopress_titles_desc":"","_seopress_robots_index":""},"product_brand":[3554],"product_cat":[1665,169,1656],"product_tag":[],"class_list":{"0":"post-580501","1":"product","2":"type-product","3":"status-publish","4":"has-post-thumbnail","6":"product_brand-stihl-de","7":"product_cat-akku-rasenmaher","8":"product_cat-maschinen","9":"product_cat-rasenmaher-und-roboter","10":"sws-gruppo-macchinari-de","11":"sws-conto-ricavi-merci-rivendita-macchinari-de","12":"sws-gruppo-iva-iva81-de","14":"first","15":"onbackorder","16":"sale","17":"shipping-taxable","18":"purchasable","19":"product-type-simple"},"_links":{"self":[{"href":"https:\/\/lucacastelli.com\/de\/wp-json\/wp\/v2\/product\/580501","targetHints":{"allow":["GET"]}}],"collection":[{"href":"https:\/\/lucacastelli.com\/de\/wp-json\/wp\/v2\/product"}],"about":[{"href":"https:\/\/lucacastelli.com\/de\/wp-json\/wp\/v2\/types\/product"}],"wp:featuredmedia":[{"embeddable":true,"href":"https:\/\/lucacastelli.com\/de\/wp-json\/wp\/v2\/media\/580498"}],"wp:attachment":[{"href":"https:\/\/lucacastelli.com\/de\/wp-json\/wp\/v2\/media?parent=580501"}],"wp:term":[{"taxonomy":"product_brand","embeddable":true,"href":"https:\/\/lucacastelli.com\/de\/wp-json\/wp\/v2\/product_brand?post=580501"},{"taxonomy":"product_cat","embeddable":true,"href":"https:\/\/lucacastelli.com\/de\/wp-json\/wp\/v2\/product_cat?post=580501"},{"taxonomy":"product_tag","embeddable":true,"href":"https:\/\/lucacastelli.com\/de\/wp-json\/wp\/v2\/product_tag?post=580501"}],"curies":[{"name":"wp","href":"https:\/\/api.w.org\/{rel}","templated":true}]}}