{"id":580477,"date":"2025-12-03T14:00:25","date_gmt":"2025-12-03T13:00:25","guid":{"rendered":"https:\/\/lucacastelli.com\/prodotto\/stihl-bga-86-con-2-ap-300-s-e-1-pz-al-301-2\/"},"modified":"2025-12-06T11:35:54","modified_gmt":"2025-12-06T10:35:54","slug":"stihl-bga-86-con-2-ap-300-s-e-1-pz-al-301-2","status":"publish","type":"product","link":"https:\/\/lucacastelli.com\/de\/produkt\/stihl-bga-86-con-2-ap-300-s-e-1-pz-al-301-2\/","title":{"rendered":"STIHL BGA 86 mit 2 AP 300 S und 1 St\u00fcck AL 301"},"content":{"rendered":"<p>Sehr leistungsf\u00e4higes, batteriebetriebenes Gebl\u00e4se<\/p>\n<p>Komfortables und sehr leistungsstarkes Akku-Blasger\u00e4t f\u00fcr den professionellen Einsatz, besonders in st\u00e4dtischen Bereichen wie Spielpl\u00e4tzen und Parkpl\u00e4tzen. Zum Entfernen von Laub, Gr\u00fcnabf\u00e4llen und Schmutz. 40% mehr Blasleistung im Vergleich zum BGA 85 bei reduziertem Gewicht. Rundd\u00fcse, Softgriff, dreistufig verstellbares Blasrohr. Flachd\u00fcse f\u00fcr h\u00f6here Luftgeschwindigkeit als Zubeh\u00f6r erh\u00e4ltlich. Standardm\u00e4\u00dfig mit Akku AP 300 und Ladeger\u00e4t AL 300.     <\/p>\n<p>Set bestehend aus:<br \/>\n1 Blasger\u00e4t BGA 86<br \/>\n2 Akkus AP 300 S<br \/>\n1 Schnellladeger\u00e4t AL 301<\/p>\n<p>TECHNISCHE DATEN<br \/>\nNennspannung 36 V<br \/>\nSchalldruckpegel 1) 79 dB (A)<br \/>\nSchallleistungspegel 1) 90 dB (A)<br \/>\nBlaskraft 2) 15 N<br \/>\nVibrationswert rechts 3) 0,5 m\/s\u00b2<br \/>\nGeschwindigkeit 58 m\/s<br \/>\nAkkutechnologie Lithium-Ionen AP-System<br \/>\nMaximale Luftgeschwindigkeit \u201e154 m\/s<br \/>\nLuftdurchsatz\u201c 4) 780 m\u00b3\/h<br \/>\nMax. Luftdurchsatz 5) 940 m\u00b3\/h<br \/>\nAkkulaufzeit mit AP 100 6) bis zu 11 Min.<br \/>\nAkkulaufzeit mit AP 200 6) bis zu 17 Min.<br \/>\nAkkulaufzeit mit AP 300 bis zu 21 Min.<br \/>\nAkkulaufzeit mit AP 300 S. bis zu 26 Min.<br \/>\nAkkulaufzeit mit AR 1000 6) bis zu 57 Min.<br \/>\nAkkulaufzeit mit AR 2000 6) bis zu 84 Min.<br \/>\nAkkulaufzeit mit AR 3000 6) bis zu 105 Min.<\/p>\n","protected":false},"excerpt":{"rendered":"<p>Sehr leistungsf\u00e4higes, batteriebetriebenes Gebl\u00e4se Komfortables und sehr leistungsstarkes Akku-Blasger\u00e4t f\u00fcr den professionellen Einsatz, besonders in st\u00e4dtischen Bereichen wie Spielpl\u00e4tzen und<\/p>\n","protected":false},"featured_media":580468,"template":"","meta":{"_seopress_robots_primary_cat":"none","_seopress_titles_title":"","_seopress_titles_desc":"","_seopress_robots_index":""},"product_brand":[3554],"product_cat":[1654,1641,169],"product_tag":[],"class_list":{"0":"post-580477","1":"product","2":"type-product","3":"status-publish","4":"has-post-thumbnail","6":"product_brand-stihl-de","7":"product_cat-akku-geblase","8":"product_cat-geblase-und-staubsauger","9":"product_cat-maschinen","10":"sws-gruppo-macchinari-de","11":"sws-conto-ricavi-merci-rivendita-macchinari-de","12":"sws-gruppo-iva-iva81-de","14":"first","15":"onbackorder","16":"sale","17":"shipping-taxable","18":"purchasable","19":"product-type-simple"},"_links":{"self":[{"href":"https:\/\/lucacastelli.com\/de\/wp-json\/wp\/v2\/product\/580477","targetHints":{"allow":["GET"]}}],"collection":[{"href":"https:\/\/lucacastelli.com\/de\/wp-json\/wp\/v2\/product"}],"about":[{"href":"https:\/\/lucacastelli.com\/de\/wp-json\/wp\/v2\/types\/product"}],"wp:featuredmedia":[{"embeddable":true,"href":"https:\/\/lucacastelli.com\/de\/wp-json\/wp\/v2\/media\/580468"}],"wp:attachment":[{"href":"https:\/\/lucacastelli.com\/de\/wp-json\/wp\/v2\/media?parent=580477"}],"wp:term":[{"taxonomy":"product_brand","embeddable":true,"href":"https:\/\/lucacastelli.com\/de\/wp-json\/wp\/v2\/product_brand?post=580477"},{"taxonomy":"product_cat","embeddable":true,"href":"https:\/\/lucacastelli.com\/de\/wp-json\/wp\/v2\/product_cat?post=580477"},{"taxonomy":"product_tag","embeddable":true,"href":"https:\/\/lucacastelli.com\/de\/wp-json\/wp\/v2\/product_tag?post=580477"}],"curies":[{"name":"wp","href":"https:\/\/api.w.org\/{rel}","templated":true}]}}