{"id":580469,"date":"2025-08-04T14:40:24","date_gmt":"2025-08-04T12:40:24","guid":{"rendered":"https:\/\/lucacastelli.com\/?post_type=product&#038;p=580469"},"modified":"2025-12-06T17:41:30","modified_gmt":"2025-12-06T16:41:30","slug":"stihl-ms-881-mit-90-cm-copia","status":"publish","type":"product","link":"https:\/\/lucacastelli.com\/de\/produkt\/stihl-ms-881-mit-90-cm-copia\/","title":{"rendered":"STIHL MS 881 mit 105 cm"},"content":{"rendered":"<p>Superstark f\u00fcr h\u00f6chste Anspr\u00fcche<\/p>\n<p>Spitzenmodell f\u00fcr h\u00f6chste Anspr\u00fcche und Belastungen. Entwickelt f\u00fcr den Einsatz unter anspruchsvollsten Bedingungen. Hervorragendes Verh\u00e4ltnis von Leistung und Gewicht. Serienm\u00e4\u00dfig mit Hochleistungskette und werkzeuglos zu \u00f6ffnendem und zu schlie\u00dfendem \u00d6l- und Kraftstofftankdeckel ausgestattet. Optimale Technologie zum Schneiden von Hartholz.    <\/p>\n<p>Technische Daten<\/p>\n<p>Hubraum cm\u00b3 121.6<br \/>\nLeistung kW\/HP 6.4\/8.7<br \/>\nGewicht kg 1) 10<br \/>\nGewicht\/Leistungsverh\u00e4ltnis kg\/kW 1.5<br \/>\nGesamtgewicht kg 2) 12.29 \/ 12.67<br \/>\nKettenteilung 0.404&#8243;<\/p>\n<p>1) ohne Kraftstoff, Schiene und Kette<br \/>\n2) ohne Kraftstoff, mit Schiene und Kette<\/p>\n","protected":false},"excerpt":{"rendered":"<p>Superstark f\u00fcr h\u00f6chste Anspr\u00fcche Spitzenmodell f\u00fcr h\u00f6chste Anspr\u00fcche und Belastungen. Entwickelt f\u00fcr den Einsatz unter anspruchsvollsten Bedingungen. Hervorragendes Verh\u00e4ltnis von<\/p>\n","protected":false},"featured_media":580652,"template":"","meta":{"_seopress_robots_primary_cat":"none","_seopress_titles_title":"","_seopress_titles_desc":"","_seopress_robots_index":""},"product_brand":[3366],"product_cat":[29,268,494],"product_tag":[],"class_list":{"0":"post-580469","1":"product","2":"type-product","3":"status-publish","4":"has-post-thumbnail","6":"product_brand-stihl","7":"product_cat-macchinari","8":"product_cat-motoseghe","9":"product_cat-motoseghe-a-motore","10":"sws-gruppo-macchinari-de","11":"sws-conto-ricavi-merci-rivendita-macchinari-de","12":"sws-gruppo-iva-iva81-de","14":"first","15":"onbackorder","16":"shipping-taxable","17":"purchasable","18":"product-type-simple"},"_links":{"self":[{"href":"https:\/\/lucacastelli.com\/de\/wp-json\/wp\/v2\/product\/580469","targetHints":{"allow":["GET"]}}],"collection":[{"href":"https:\/\/lucacastelli.com\/de\/wp-json\/wp\/v2\/product"}],"about":[{"href":"https:\/\/lucacastelli.com\/de\/wp-json\/wp\/v2\/types\/product"}],"wp:featuredmedia":[{"embeddable":true,"href":"https:\/\/lucacastelli.com\/de\/wp-json\/wp\/v2\/media\/580652"}],"wp:attachment":[{"href":"https:\/\/lucacastelli.com\/de\/wp-json\/wp\/v2\/media?parent=580469"}],"wp:term":[{"taxonomy":"product_brand","embeddable":true,"href":"https:\/\/lucacastelli.com\/de\/wp-json\/wp\/v2\/product_brand?post=580469"},{"taxonomy":"product_cat","embeddable":true,"href":"https:\/\/lucacastelli.com\/de\/wp-json\/wp\/v2\/product_cat?post=580469"},{"taxonomy":"product_tag","embeddable":true,"href":"https:\/\/lucacastelli.com\/de\/wp-json\/wp\/v2\/product_tag?post=580469"}],"curies":[{"name":"wp","href":"https:\/\/api.w.org\/{rel}","templated":true}]}}