{"id":580208,"date":"2025-12-03T14:00:36","date_gmt":"2025-12-03T13:00:36","guid":{"rendered":"https:\/\/lucacastelli.com\/prodotto\/stihl-bga-250-con-2-ap-300-s-2\/"},"modified":"2026-04-02T17:10:18","modified_gmt":"2026-04-02T15:10:18","slug":"stihl-bga-250-con-2-ap-300-s-2","status":"publish","type":"product","link":"https:\/\/lucacastelli.com\/de\/produkt\/stihl-bga-250-con-2-ap-300-s-2\/","title":{"rendered":"STIHL BGA 250 mit 2 AP 300 S"},"content":{"rendered":"<p>AKKU-GEBL\u00c4SE BGA 250: DAS LEISTUNGSST\u00c4RKSTE HANDGEBL\u00c4SE DER WELT<br \/>\nDas Akku-Gebl\u00e4se STIHL BGA 250 ist das weltweit leistungsst\u00e4rkste Handgebl\u00e4se \u00fcber die gesamte Akkulaufzeit \u2013 ideal f\u00fcr den professionellen Einsatz in Garten und Garten. Die Blasleistung des STIHL BGA 250 bleibt \u00fcber die gesamte Akkulaufzeit hoch und nimmt bei der Nutzung nicht ab. Dieses tragbare Gebl\u00e4se ist ideal f\u00fcr schnelle und kurze Arbeiten, z.B. nach dem Schneiden von Hecken oder dem Entfernen von Laub, aber auch f\u00fcr Reinigungsarbeiten im Geb\u00e4udemanagement. Das Gebl\u00e4se ist \u00e4u\u00dferst handlich und angenehm leise, so dass Sie auch in l\u00e4rmsensiblen Bereichen abgestorbenes Laub, Gr\u00fcnschnitt und andere Verschmutzungen schnell und effizient entfernen k\u00f6nnen.   <\/p>\n<p>Das BGA 250 ist kurz und kompakt, so dass es leicht zu handhaben ist. Die schwersten Komponenten, wie z.B. der Akku, befinden sich unter dem Griff. Das bedeutet, dass Sie den Handbl\u00e4ser mit verbl\u00fcffender Leichtigkeit drehen und bewegen k\u00f6nnen. Diese hervorragende Man\u00f6vrierf\u00e4higkeit macht die Arbeit weniger erm\u00fcdend. Da das Blasrohr abgewinkelt ist, muss das Handgelenk nicht verdreht werden, auch nicht beim Anfahren, was die Arbeit erleichtert und Ihnen hilft, l\u00e4nger zu arbeiten.    <\/p>\n<p>STIHL hat zudem alles daran gesetzt, dass das Betriebsger\u00e4usch des BGA 250 so umweltfreundlich wie m\u00f6glich ist. Die unangenehmen Frequenzen wurden deutlich reduziert, was auch f\u00fcr Sie bei der Arbeit mit dem STIHL Handgebl\u00e4se von Vorteil ist. <\/p>\n<p>Und dank des Smart Connector 2 A l\u00e4sst sich das Akku-Gebl\u00e4se STIHL BGA 250 \u00fcber STIHL connect vernetzen.<\/p>\n<p>In unserer \u00dcbersicht der Betriebs- und Ladezeiten von STIHL Akkus erfahren Sie, wie lange Sie mit Ihrem Akku-Laubbl\u00e4ser STIHL BGA 250 arbeiten k\u00f6nnen und wie lange es dauert, den Akku im Betrieb wieder aufzuladen.<\/p>\n<p>Alle Akku-Maschinen des STIHL AP Systems sind sowohl f\u00fcr den professionellen Einsatz als auch f\u00fcr den t\u00e4glichen Einsatz auch bei widrigen Witterungsbedingungen ausgelegt. Aus diesem Grund sind sie mit einem gepr\u00fcften Spritzwasserschutz ausgestattet. Ihre Wirksamkeit wird durch strenge interne Kontrollen best\u00e4tigt. Insbesondere der Wasserspritztest basiert auf dem IPX4-Standard. Der STIHL BGA 250 kann auch bei Regenwetter eingesetzt werden.    <\/p>\n<p>TECHNISCHE DATEN<\/p>\n<p>Blasleistung [N] 26<br \/>\nLuftdurchsatz [m3\/h] 1044<br \/>\nLuftgeschwindigkeit [m\/s] 85<br \/>\nBetriebszeit im<br \/>\nBoost-Modus [min]<br \/>\n12 mit AP 300S<br \/>\nGewicht ohne Akku [kg] 2,7<br \/>\nSchalldruckpegel [dB(A)]* 83<\/p>\n<p>Set bestehend aus:<\/p>\n<p>1 Stk. STIHL BGA 250<br \/>\n2 Stk. Akku AP 300 S<\/p>\n","protected":false},"excerpt":{"rendered":"<p>AKKU-GEBL\u00c4SE BGA 250: DAS LEISTUNGSST\u00c4RKSTE HANDGEBL\u00c4SE DER WELT Das Akku-Gebl\u00e4se STIHL BGA 250 ist das weltweit leistungsst\u00e4rkste Handgebl\u00e4se \u00fcber die<\/p>\n","protected":false},"featured_media":580201,"template":"","meta":{"_seopress_robots_primary_cat":"none","_seopress_titles_title":"","_seopress_titles_desc":"","_seopress_robots_index":""},"product_brand":[3554],"product_cat":[1654,1641,169],"product_tag":[],"class_list":{"0":"post-580208","1":"product","2":"type-product","3":"status-publish","4":"has-post-thumbnail","6":"product_brand-stihl-de","7":"product_cat-akku-geblase","8":"product_cat-geblase-und-staubsauger","9":"product_cat-maschinen","10":"sws-gruppo-macchinari-de","11":"sws-conto-ricavi-merci-rivendita-macchinari-de","12":"sws-gruppo-iva-iva81-de","14":"first","15":"onbackorder","16":"sale","17":"shipping-taxable","18":"purchasable","19":"product-type-simple"},"_links":{"self":[{"href":"https:\/\/lucacastelli.com\/de\/wp-json\/wp\/v2\/product\/580208","targetHints":{"allow":["GET"]}}],"collection":[{"href":"https:\/\/lucacastelli.com\/de\/wp-json\/wp\/v2\/product"}],"about":[{"href":"https:\/\/lucacastelli.com\/de\/wp-json\/wp\/v2\/types\/product"}],"wp:featuredmedia":[{"embeddable":true,"href":"https:\/\/lucacastelli.com\/de\/wp-json\/wp\/v2\/media\/580201"}],"wp:attachment":[{"href":"https:\/\/lucacastelli.com\/de\/wp-json\/wp\/v2\/media?parent=580208"}],"wp:term":[{"taxonomy":"product_brand","embeddable":true,"href":"https:\/\/lucacastelli.com\/de\/wp-json\/wp\/v2\/product_brand?post=580208"},{"taxonomy":"product_cat","embeddable":true,"href":"https:\/\/lucacastelli.com\/de\/wp-json\/wp\/v2\/product_cat?post=580208"},{"taxonomy":"product_tag","embeddable":true,"href":"https:\/\/lucacastelli.com\/de\/wp-json\/wp\/v2\/product_tag?post=580208"}],"curies":[{"name":"wp","href":"https:\/\/api.w.org\/{rel}","templated":true}]}}