{"id":580171,"date":"2025-12-03T14:00:31","date_gmt":"2025-12-03T13:00:31","guid":{"rendered":"https:\/\/lucacastelli.com\/prodotto\/stihl-sga-85-con-1-ap-200-s-e-1-pz-al-301-2\/"},"modified":"2026-03-02T10:34:43","modified_gmt":"2026-03-02T09:34:43","slug":"stihl-sga-85-con-1-ap-200-s-e-1-pz-al-301-2","status":"publish","type":"product","link":"https:\/\/lucacastelli.com\/de\/produkt\/stihl-sga-85-con-1-ap-200-s-e-1-pz-al-301-2\/","title":{"rendered":"STIHL SGA 85 mit 1 AP 200 S und 1 St. AL 301"},"content":{"rendered":"<p>Komfortables akkubetriebenes Spr\u00fchger\u00e4t f\u00fcr die Ausbringung von fl\u00fcssigen Pestiziden und D\u00fcngemitteln im Garten- und Landschaftsbau sowie im Obst-, Gem\u00fcse- und Weinbau. Besonders leistungsstark dank der kraftvollen Membranpumpe mit 6 bar Arbeitsdruck. Verstellbare Hohlkegeld\u00fcse, stufenlose Druckeinstellung \u00fcber Drehregler w\u00e4hrend der Arbeit, gro\u00dfe Einf\u00fcll\u00f6ffnung zum einfachen Bef\u00fcllen des Tanks, Halterung zur sicheren Aufbewahrung der Lanze in Arbeitspausen. Ergonomisches Tragesystem mit verstellbarem Brustgurt f\u00fcr hohen Arbeitskomfort. Zus\u00e4tzlicher H\u00fcftg\u00fcrtel und verschiedene D\u00fcsen f\u00fcr unterschiedliche Eins\u00e4tze und Anwendungen als Zubeh\u00f6r erh\u00e4ltlich.    <\/p>\n<p>Set bestehend aus:<br \/>\n1 St\u00fcck SGA 85<br \/>\n1 St\u00fcck AL 301 Ladeger\u00e4t<br \/>\n1 St\u00fcck AP 200 S Akku<\/p>\n","protected":false},"excerpt":{"rendered":"<p>Komfortables akkubetriebenes Spr\u00fchger\u00e4t f\u00fcr die Ausbringung von fl\u00fcssigen Pestiziden und D\u00fcngemitteln im Garten- und Landschaftsbau sowie im Obst-, Gem\u00fcse- und<\/p>\n","protected":false},"featured_media":580164,"template":"","meta":{"_seopress_robots_primary_cat":"none","_seopress_titles_title":"","_seopress_titles_desc":"","_seopress_robots_index":""},"product_brand":[3554],"product_cat":[169,1566,1577],"product_tag":[],"class_list":{"0":"post-580171","1":"product","2":"type-product","3":"status-publish","4":"has-post-thumbnail","6":"product_brand-stihl-de","7":"product_cat-maschinen","8":"product_cat-nebelgeblase-und-spruhgerate","9":"product_cat-spruhgerate-de","10":"sws-gruppo-macchinari-de","11":"sws-conto-ricavi-merci-rivendita-macchinari-de","12":"sws-gruppo-iva-iva81-de","14":"first","15":"instock","16":"sale","17":"shipping-taxable","18":"purchasable","19":"product-type-simple"},"_links":{"self":[{"href":"https:\/\/lucacastelli.com\/de\/wp-json\/wp\/v2\/product\/580171","targetHints":{"allow":["GET"]}}],"collection":[{"href":"https:\/\/lucacastelli.com\/de\/wp-json\/wp\/v2\/product"}],"about":[{"href":"https:\/\/lucacastelli.com\/de\/wp-json\/wp\/v2\/types\/product"}],"wp:featuredmedia":[{"embeddable":true,"href":"https:\/\/lucacastelli.com\/de\/wp-json\/wp\/v2\/media\/580164"}],"wp:attachment":[{"href":"https:\/\/lucacastelli.com\/de\/wp-json\/wp\/v2\/media?parent=580171"}],"wp:term":[{"taxonomy":"product_brand","embeddable":true,"href":"https:\/\/lucacastelli.com\/de\/wp-json\/wp\/v2\/product_brand?post=580171"},{"taxonomy":"product_cat","embeddable":true,"href":"https:\/\/lucacastelli.com\/de\/wp-json\/wp\/v2\/product_cat?post=580171"},{"taxonomy":"product_tag","embeddable":true,"href":"https:\/\/lucacastelli.com\/de\/wp-json\/wp\/v2\/product_tag?post=580171"}],"curies":[{"name":"wp","href":"https:\/\/api.w.org\/{rel}","templated":true}]}}