{"id":580146,"date":"2025-08-04T14:28:07","date_gmt":"2025-08-04T12:28:07","guid":{"rendered":"https:\/\/lucacastelli.com\/prodotto\/stihl-rma-7-rv-set-con-2-ap-500-s-e-al-301-2\/"},"modified":"2026-03-02T09:19:06","modified_gmt":"2026-03-02T08:19:06","slug":"stihl-rma-7-rv-set-con-2-ap-500-s-e-al-301-2","status":"publish","type":"product","link":"https:\/\/lucacastelli.com\/de\/produkt\/stihl-rma-7-rv-set-con-2-ap-500-s-e-al-301-2\/","title":{"rendered":"STIHL RMA 7 RV Set mit 2 AP 500 S und AL 301"},"content":{"rendered":"<p>Akku-Mulchm\u00e4her RMA 7 RV: f\u00fcr effizientes professionelles M\u00e4hen und Mulchen auf mittelgro\u00dfen Fl\u00e4chen<br \/>\nDer STIHL Akku-Rasenm\u00e4her RMA 7 RV mit Vario-Radantrieb eignet sich besonders f\u00fcr professionelles M\u00e4hen und Mulchen von mittelgro\u00dfen Fl\u00e4chen mit Steigungen bis 25\u00b0. Der robuste professionelle 2-in-1-Akku-Rasenm\u00e4her mit Seitenauswurf kombiniert hohen Arbeitskomfort mit hoher Leistung und ist sehr leise. Das bedeutet, dass er auch in l\u00e4rmempfindlichen Bereichen eingesetzt werden kann, wie z. B. in Wohngebieten, Schulen oder Krankenhausg\u00e4rten.  <\/p>\n<p>Der STIHL RMA 7 RV verf\u00fcgt \u00fcber ein Hybridgeh\u00e4use aus einem robusten Au\u00dfengeh\u00e4use aus Aluminium und einem schlagfesten Innengeh\u00e4use aus Polymer. Auch der vordere Anfahrschutz und die austauschbaren seitlichen Metallplatten tragen zu einer langen Lebensdauer bei. Dank des b\u00fcrstenlosen Elektromotors, der von 2 Akkus des STIHL AP Systems betrieben wird, m\u00e4ht und mulcht der STIHL RMA 7 RV besonders effektiv auch gro\u00dfe Fl\u00e4chen.  <\/p>\n<p>Dar\u00fcber hinaus sorgt der klappbare und h\u00f6henverstellbare Komfortholm mit digitaler Bedieneinheit und integrierter STIHL connected Funktion f\u00fcr effizientes Arbeiten und hohen Bedienkomfort. Die Geschwindigkeit des Vario-Antriebs kann in 5 Stufen am Komfortholm eingestellt werden, z. B. durch Reduzierung der Geschwindigkeit an Steigungen und Erh\u00f6hung auf ebenen Fl\u00e4chen. F\u00fcr den besten Arbeitsfortschritt k\u00f6nnen Sie au\u00dferdem zwischen 3 M\u00e4hmodi w\u00e4hlen: Eco, Standard und Auto-Boost. Bei Aktivierung des Eco-Modus passt sich die Motordrehzahl des M\u00e4hers automatisch an die tats\u00e4chlich ben\u00f6tigte Leistung an. So verbraucht der Akku-Rasenm\u00e4her weniger Energie und kann eine gr\u00f6\u00dfere Fl\u00e4che abdecken.    <\/p>\n<p>Zusammen mit dem str\u00f6mungsoptimierten Multimesser und der Schnittbreite von 51 cm erm\u00f6glicht Ihnen der STIHL RMA 7 RV besonders effizientes Arbeiten. Mit der radbasierten Schnitth\u00f6henverstellung k\u00f6nnen Sie die gew\u00fcnschte Rasenl\u00e4nge pr\u00e4zise in 6 Stufen von 25 mm bis 100 mm einstellen. <\/p>\n<p>Set bestehend aus:<\/p>\n<p>1 STIHL RMA 7 RV-M\u00e4her<br \/>\n2 AP 500 S Batterien<br \/>\nAL 1 301 Schnellladeger\u00e4t<\/p>\n","protected":false},"excerpt":{"rendered":"<p>Akku-Mulchm\u00e4her RMA 7 RV: f\u00fcr effizientes professionelles M\u00e4hen und Mulchen auf mittelgro\u00dfen Fl\u00e4chen Der STIHL Akku-Rasenm\u00e4her RMA 7 RV mit<\/p>\n","protected":false},"featured_media":580139,"template":"","meta":{"_seopress_robots_primary_cat":"none","_seopress_titles_title":"","_seopress_titles_desc":"","_seopress_robots_index":""},"product_brand":[3554],"product_cat":[1665,169,1656],"product_tag":[],"class_list":{"0":"post-580146","1":"product","2":"type-product","3":"status-publish","4":"has-post-thumbnail","6":"product_brand-stihl-de","7":"product_cat-akku-rasenmaher","8":"product_cat-maschinen","9":"product_cat-rasenmaher-und-roboter","10":"sws-gruppo-macchinari-de","11":"sws-conto-ricavi-merci-rivendita-macchinari-de","12":"sws-gruppo-iva-iva81-de","14":"first","15":"instock","16":"sale","17":"shipping-taxable","18":"purchasable","19":"product-type-simple"},"_links":{"self":[{"href":"https:\/\/lucacastelli.com\/de\/wp-json\/wp\/v2\/product\/580146","targetHints":{"allow":["GET"]}}],"collection":[{"href":"https:\/\/lucacastelli.com\/de\/wp-json\/wp\/v2\/product"}],"about":[{"href":"https:\/\/lucacastelli.com\/de\/wp-json\/wp\/v2\/types\/product"}],"wp:featuredmedia":[{"embeddable":true,"href":"https:\/\/lucacastelli.com\/de\/wp-json\/wp\/v2\/media\/580139"}],"wp:attachment":[{"href":"https:\/\/lucacastelli.com\/de\/wp-json\/wp\/v2\/media?parent=580146"}],"wp:term":[{"taxonomy":"product_brand","embeddable":true,"href":"https:\/\/lucacastelli.com\/de\/wp-json\/wp\/v2\/product_brand?post=580146"},{"taxonomy":"product_cat","embeddable":true,"href":"https:\/\/lucacastelli.com\/de\/wp-json\/wp\/v2\/product_cat?post=580146"},{"taxonomy":"product_tag","embeddable":true,"href":"https:\/\/lucacastelli.com\/de\/wp-json\/wp\/v2\/product_tag?post=580146"}],"curies":[{"name":"wp","href":"https:\/\/api.w.org\/{rel}","templated":true}]}}