{"id":580118,"date":"2025-08-04T14:27:44","date_gmt":"2025-08-04T12:27:44","guid":{"rendered":"https:\/\/lucacastelli.com\/prodotto\/stihl-msa-220-tc-o-30-cm-con-ap-300-s-e-al-301-2\/"},"modified":"2026-03-02T09:26:16","modified_gmt":"2026-03-02T08:26:16","slug":"stihl-msa-220-tc-o-30-cm-con-ap-300-s-e-al-301-2","status":"publish","type":"product","link":"https:\/\/lucacastelli.com\/de\/produkt\/stihl-msa-220-tc-o-30-cm-con-ap-300-s-e-al-301-2\/","title":{"rendered":"STIHL MSA 220 TC-O 30 cm mit AP 300 S und AL 301"},"content":{"rendered":"<p>STIHL Akku-Kettens\u00e4ge f\u00fcr die Baumpflege<\/p>\n<p>Die STIHL MSA 220 TC-O ist die leistungsst\u00e4rkste Akku-Kettens\u00e4ge von STIHL f\u00fcr die Baumpflege. Die hohe Durchzugskraft und die Kettengeschwindigkeit von 23 m\/s garantieren hervorragende Schnittleistung. Ein waschbarer Vliesfilter h\u00e4lt S\u00e4gesp\u00e4ne und Staub vom K\u00fchlungsluftstrom fern und verl\u00e4ngert die Lebensdauer von Motor und Elektronik. Die Akku-Kettens\u00e4ge f\u00fcr die Baumpflege STIHL MSA 220 TC-O \u00fcberzeugt durch Leistung und kompakte Abmessungen und ist damit das ideale Werkzeug f\u00fcr die professionelle Baumpflege.   <\/p>\n<p>Set bestehend aus:<\/p>\n<p>1 Stk. MSA 220 TC-O mit 30 cm<br \/>\n1 Stk. Akku AP 300 S<br \/>\n1 Stk. Ladeger\u00e4t AL 301<\/p>\n<p>Wird ohne Akku und Ladeger\u00e4t geliefert<\/p>\n<table class=\"technical_data\">\n<thead>\n<tr>\n<th class=\"col1\">Technische Daten<\/th>\n<th class=\"col2\">Wert<\/th>\n<\/tr>\n<\/thead>\n<tbody>\n<tr class=\"\">\n<td class=\"col1\">Pesokg<br \/>\n 1<sup>)<\/sup><\/td>\n<td class=\"col2\">3,3<\/td>\n<\/tr>\n<tr class=\"odd\">\n<td class=\"col1\">Vibrationswert links\/rechtsm\/s\u00b2<br \/>\n<sup>2)<\/sup><\/td>\n<td class=\"col2\">3\/3,4<\/td>\n<\/tr>\n<tr class=\"\">\n<td class=\"col1\">SchalldruckpegeladB(A)<br \/>\n 3<sup>)<\/sup><\/td>\n<td class=\"col2\">94<\/td>\n<\/tr>\n<tr class=\"odd\">\n<td class=\"col1\">Schienenl\u00e4ngecm<\/td>\n<td class=\"col2\">30-35<\/td>\n<\/tr>\n<tr class=\"\">\n<td class=\"col1\">SchallleistungspegeladB(A)<br \/>\n 3<sup>)<\/sup><\/td>\n<td class=\"col2\">104<\/td>\n<\/tr>\n<tr class=\"odd\">\n<td class=\"col1\">Betriebszeit mit AR 3000 Lmin<br \/>\n<sup>4)<\/sup><\/td>\n<td class=\"col2\">bis zu 174<\/td>\n<\/tr>\n<tr class=\"\">\n<td class=\"col1\">Betriebszeit mit AP 100min<br \/>\n<sup>4)<\/sup><\/td>\n<td class=\"col2\">bis zu 8<\/td>\n<\/tr>\n<tr class=\"odd\">\n<td class=\"col1\">Betriebszeit mit AR 2000min<br \/>\n<sup>4)<\/sup><\/td>\n<td class=\"col2\">bis zu 112<\/td>\n<\/tr>\n<tr class=\"\">\n<td class=\"col1\">Betriebszeit mit AP 300min<br \/>\n<sup>4)<\/sup><\/td>\n<td class=\"col2\">bis zu 25<\/td>\n<\/tr>\n<tr class=\"odd\">\n<td class=\"col1\">Betriebszeit mit AR 1000min<br \/>\n<sup>4)<\/sup><\/td>\n<td class=\"col2\">bis zu 80<\/td>\n<\/tr>\n<tr class=\"\">\n<td class=\"col1\">NennspannungV<\/td>\n<td class=\"col2\">36<\/td>\n<\/tr>\n<tr class=\"odd\">\n<td class=\"col1\">Betriebszeit mit AP 200min<br \/>\n<sup>4)<\/sup><\/td>\n<td class=\"col2\">bis zu 16<\/td>\n<\/tr>\n<tr class=\"\">\n<td class=\"col1\">Betriebszeit mit AR 2000 Lmin<br \/>\n<sup>4)<\/sup><\/td>\n<td class=\"col2\">bis zu 109<\/td>\n<\/tr>\n<tr class=\"odd\">\n<td class=\"col1\">Betriebszeit mit AP 300 Smin<br \/>\n<sup>4)<\/sup><\/td>\n<td class=\"col2\">bis zu 29<\/td>\n<\/tr>\n<tr class=\"\">\n<td class=\"col1\">Betriebszeit mit AR 3000min<br \/>\n<sup>4)<\/sup><\/td>\n<td class=\"col2\">bis zu 140<\/td>\n<\/tr>\n<\/tbody>\n<\/table>\n","protected":false},"excerpt":{"rendered":"<p>STIHL Akku-Kettens\u00e4ge f\u00fcr die Baumpflege Die STIHL MSA 220 TC-O ist die leistungsst\u00e4rkste Akku-Kettens\u00e4ge von STIHL f\u00fcr die Baumpflege. Die<\/p>\n","protected":false},"featured_media":580115,"template":"","meta":{"_seopress_robots_primary_cat":"none","_seopress_titles_title":"","_seopress_titles_desc":"","_seopress_robots_index":""},"product_brand":[3366],"product_cat":[29,268,528],"product_tag":[],"class_list":{"0":"post-580118","1":"product","2":"type-product","3":"status-publish","4":"has-post-thumbnail","6":"product_brand-stihl","7":"product_cat-macchinari","8":"product_cat-motoseghe","9":"product_cat-motoseghe-a-batteria","10":"sws-gruppo-macchinari-de","11":"sws-conto-ricavi-merci-rivendita-macchinari-de","12":"sws-gruppo-iva-iva81-de","14":"first","15":"instock","16":"sale","17":"shipping-taxable","18":"purchasable","19":"product-type-simple"},"_links":{"self":[{"href":"https:\/\/lucacastelli.com\/de\/wp-json\/wp\/v2\/product\/580118","targetHints":{"allow":["GET"]}}],"collection":[{"href":"https:\/\/lucacastelli.com\/de\/wp-json\/wp\/v2\/product"}],"about":[{"href":"https:\/\/lucacastelli.com\/de\/wp-json\/wp\/v2\/types\/product"}],"wp:featuredmedia":[{"embeddable":true,"href":"https:\/\/lucacastelli.com\/de\/wp-json\/wp\/v2\/media\/580115"}],"wp:attachment":[{"href":"https:\/\/lucacastelli.com\/de\/wp-json\/wp\/v2\/media?parent=580118"}],"wp:term":[{"taxonomy":"product_brand","embeddable":true,"href":"https:\/\/lucacastelli.com\/de\/wp-json\/wp\/v2\/product_brand?post=580118"},{"taxonomy":"product_cat","embeddable":true,"href":"https:\/\/lucacastelli.com\/de\/wp-json\/wp\/v2\/product_cat?post=580118"},{"taxonomy":"product_tag","embeddable":true,"href":"https:\/\/lucacastelli.com\/de\/wp-json\/wp\/v2\/product_tag?post=580118"}],"curies":[{"name":"wp","href":"https:\/\/api.w.org\/{rel}","templated":true}]}}