{"id":580106,"date":"2025-08-04T14:27:34","date_gmt":"2025-08-04T12:27:34","guid":{"rendered":"https:\/\/lucacastelli.com\/prodotto\/stihl-msa-300-c-o-40-cm-con-ap-500-s-e-al-301-2\/"},"modified":"2026-03-02T09:25:14","modified_gmt":"2026-03-02T08:25:14","slug":"stihl-msa-300-c-o-40-cm-con-ap-500-s-e-al-301-2","status":"publish","type":"product","link":"https:\/\/lucacastelli.com\/de\/produkt\/stihl-msa-300-c-o-40-cm-con-ap-500-s-e-al-301-2\/","title":{"rendered":"STIHL MSA 300 C-O 40 cm mit AP 500 S und AL 301"},"content":{"rendered":"<p>Die leistungsst\u00e4rkste Akku-Kettens\u00e4ge von STIHL f\u00fcr den professionellen Einsatz. Die hohe Leistung und drei w\u00e4hlbare Betriebsmodi erm\u00f6glichen optimales Arbeiten in einem breiten Anwendungsspektrum wie F\u00e4llen, Entasten oder Abl\u00e4ngen. Hohe Ergonomie auch bei l\u00e4ngeren Arbeiten dank schlankem und handlichem Design, hervorragender Balance und STIHL Antivibrationssystem. Intuitives Bedien- und Benachrichtigungs-Cockpit mit LED-Anzeige, integrierter K\u00fchlluftfilter, verliersichere Mutter am Kettenraddeckel, regulierbare \u00d6lpumpe, RM Pro Kette .325&#8243; f\u00fcr sehr hohe Schnittleistung. Serienm\u00e4\u00dfig mit \u00d6lsensor und LED-Anzeige f\u00fcr aktive Benutzerinformation bei \u00d6lmangel. Vorbereitung f\u00fcr STIHL Smart Connector 2 A im Ger\u00e4tegeh\u00e4use.     <\/p>\n<p>Set bestehend aus:<\/p>\n<p>1 Stk. MSA 300 C-O 40 cm<br \/>\n1 Stk. Akku AP 500 S<br \/>\n1 Stk. Ladeger\u00e4t AL 301<\/p>\n<table class=\"technical_data\">\n<thead>\n<tr>\n<th class=\"col1\">Technische Daten<\/th>\n<th class=\"col2\">Wert<\/th>\n<\/tr>\n<\/thead>\n<tbody>\n<tr class=\"\">\n<td class=\"col1\">Vibrationswert links\/rechtsm\/s\u00b2<br \/>\n<sup>1)<\/sup><\/td>\n<td class=\"col2\">2,6\/2,8<\/td>\n<\/tr>\n<tr class=\"odd\">\n<td class=\"col1\">Schienenl\u00e4ngecm<\/td>\n<td class=\"col2\">40-45<\/td>\n<\/tr>\n<tr class=\"\">\n<td class=\"col1\">SchallleistungspegeladB(A)<br \/>\n 2<sup>)<\/sup><\/td>\n<td class=\"col2\">104<\/td>\n<\/tr>\n<tr class=\"odd\">\n<td class=\"col1\">SchalldruckpegeladB(A)<br \/>\n 2<sup>)<\/sup><\/td>\n<td class=\"col2\">93<\/td>\n<\/tr>\n<tr class=\"\">\n<td class=\"col1\">Pesokg<br \/>\n 3<sup>)<\/sup><\/td>\n<td class=\"col2\">5,4<\/td>\n<\/tr>\n<tr class=\"odd\">\n<td class=\"col1\">NennspannungV<\/td>\n<td class=\"col2\">36<\/td>\n<\/tr>\n<\/tbody>\n<\/table>\n","protected":false},"excerpt":{"rendered":"<p>Die leistungsst\u00e4rkste Akku-Kettens\u00e4ge von STIHL f\u00fcr den professionellen Einsatz. Die hohe Leistung und drei w\u00e4hlbare Betriebsmodi erm\u00f6glichen optimales Arbeiten in<\/p>\n","protected":false},"featured_media":580103,"template":"","meta":{"_seopress_robots_primary_cat":"none","_seopress_titles_title":"","_seopress_titles_desc":"","_seopress_robots_index":""},"product_brand":[3366],"product_cat":[29,268,528],"product_tag":[],"class_list":{"0":"post-580106","1":"product","2":"type-product","3":"status-publish","4":"has-post-thumbnail","6":"product_brand-stihl","7":"product_cat-macchinari","8":"product_cat-motoseghe","9":"product_cat-motoseghe-a-batteria","10":"sws-gruppo-macchinari-de","11":"sws-conto-ricavi-merci-rivendita-macchinari-de","12":"sws-gruppo-iva-iva81-de","14":"first","15":"instock","16":"sale","17":"shipping-taxable","18":"purchasable","19":"product-type-simple"},"_links":{"self":[{"href":"https:\/\/lucacastelli.com\/de\/wp-json\/wp\/v2\/product\/580106","targetHints":{"allow":["GET"]}}],"collection":[{"href":"https:\/\/lucacastelli.com\/de\/wp-json\/wp\/v2\/product"}],"about":[{"href":"https:\/\/lucacastelli.com\/de\/wp-json\/wp\/v2\/types\/product"}],"wp:featuredmedia":[{"embeddable":true,"href":"https:\/\/lucacastelli.com\/de\/wp-json\/wp\/v2\/media\/580103"}],"wp:attachment":[{"href":"https:\/\/lucacastelli.com\/de\/wp-json\/wp\/v2\/media?parent=580106"}],"wp:term":[{"taxonomy":"product_brand","embeddable":true,"href":"https:\/\/lucacastelli.com\/de\/wp-json\/wp\/v2\/product_brand?post=580106"},{"taxonomy":"product_cat","embeddable":true,"href":"https:\/\/lucacastelli.com\/de\/wp-json\/wp\/v2\/product_cat?post=580106"},{"taxonomy":"product_tag","embeddable":true,"href":"https:\/\/lucacastelli.com\/de\/wp-json\/wp\/v2\/product_tag?post=580106"}],"curies":[{"name":"wp","href":"https:\/\/api.w.org\/{rel}","templated":true}]}}