{"id":580094,"date":"2025-08-04T14:27:22","date_gmt":"2025-08-04T12:27:22","guid":{"rendered":"https:\/\/lucacastelli.com\/prodotto\/stihl-rga-140-con-2-pz-ap-300-s-e-al-301-2\/"},"modified":"2025-12-08T14:57:43","modified_gmt":"2025-12-08T13:57:43","slug":"stihl-rga-140-con-2-pz-ap-300-s-e-al-301-2","status":"publish","type":"product","link":"https:\/\/lucacastelli.com\/de\/produkt\/stihl-rga-140-con-2-pz-ap-300-s-e-al-301-2\/","title":{"rendered":"STIHL RGA 140 mit 2 St\u00fcck AP 300 S und AL 301"},"content":{"rendered":"<p>Leistungsstarke akkubetriebene Kreisschere f\u00fcr die professionelle mechanische Unkrautentfernung. AP-Akkufach im Ger\u00e4t, ergonomischer Bediengriff mit dreistufiger Geschwindigkeitsvorwahl und LED-Anzeige sowie stufenloser Geschwindigkeitsregelung, Zweihandgriff, doppelter Schultergurt, Luftfilter f\u00fcr lange Lebensdauer. Die robuste Kreisschere erm\u00f6glicht die effektive Entfernung von Unkraut und Gras auf verschiedenen Oberfl\u00e4chen wie Kies oder gepflasterten Fl\u00e4chen mit reduziertem Tangentialwurfeffekt.   Bereitstellung des STIHL Smart Connectors 2 A im Werkzeuggeh\u00e4use.<\/p>\n<p>Set wird geliefert mit:<\/p>\n<p>1 St. STIHL RGA 140<br \/>\n2 St. Akkus AP 300 S<br \/>\n1 St. Ladeger\u00e4t AL 301<\/p>\n","protected":false},"excerpt":{"rendered":"<p>Leistungsstarke akkubetriebene Kreisschere f\u00fcr die professionelle mechanische Unkrautentfernung. AP-Akkufach im Ger\u00e4t, ergonomischer Bediengriff mit dreistufiger Geschwindigkeitsvorwahl und LED-Anzeige sowie stufenloser<\/p>\n","protected":false},"featured_media":580087,"template":"","meta":{"_seopress_robots_primary_cat":"none","_seopress_titles_title":"","_seopress_titles_desc":"","_seopress_robots_index":""},"product_brand":[3366],"product_cat":[29,270,281],"product_tag":[],"class_list":{"0":"post-580094","1":"product","2":"type-product","3":"status-publish","4":"has-post-thumbnail","6":"product_brand-stihl","7":"product_cat-macchinari","8":"product_cat-decespugliatori-e-tagliabordi","9":"product_cat-decespugliatori-e-tagliabordi-a-batteria","10":"sws-gruppo-macchinari-de","11":"sws-conto-ricavi-merci-rivendita-macchinari-de","12":"sws-gruppo-iva-iva81-de","14":"first","15":"onbackorder","16":"shipping-taxable","17":"purchasable","18":"product-type-simple"},"_links":{"self":[{"href":"https:\/\/lucacastelli.com\/de\/wp-json\/wp\/v2\/product\/580094","targetHints":{"allow":["GET"]}}],"collection":[{"href":"https:\/\/lucacastelli.com\/de\/wp-json\/wp\/v2\/product"}],"about":[{"href":"https:\/\/lucacastelli.com\/de\/wp-json\/wp\/v2\/types\/product"}],"wp:featuredmedia":[{"embeddable":true,"href":"https:\/\/lucacastelli.com\/de\/wp-json\/wp\/v2\/media\/580087"}],"wp:attachment":[{"href":"https:\/\/lucacastelli.com\/de\/wp-json\/wp\/v2\/media?parent=580094"}],"wp:term":[{"taxonomy":"product_brand","embeddable":true,"href":"https:\/\/lucacastelli.com\/de\/wp-json\/wp\/v2\/product_brand?post=580094"},{"taxonomy":"product_cat","embeddable":true,"href":"https:\/\/lucacastelli.com\/de\/wp-json\/wp\/v2\/product_cat?post=580094"},{"taxonomy":"product_tag","embeddable":true,"href":"https:\/\/lucacastelli.com\/de\/wp-json\/wp\/v2\/product_tag?post=580094"}],"curies":[{"name":"wp","href":"https:\/\/api.w.org\/{rel}","templated":true}]}}