{"id":579840,"date":"2025-08-04T14:16:04","date_gmt":"2025-08-04T12:16:04","guid":{"rendered":"https:\/\/lucacastelli.com\/prodotto\/stihl-hla-86-con-1-ap-200-s-e-al-301-2\/"},"modified":"2026-03-02T09:25:52","modified_gmt":"2026-03-02T08:25:52","slug":"stihl-hla-86-con-1-ap-200-s-e-al-301-2","status":"publish","type":"product","link":"https:\/\/lucacastelli.com\/de\/produkt\/stihl-hla-86-con-1-ap-200-s-e-al-301-2\/","title":{"rendered":"STIHL HLA 86 mit 1 AP 200 S und AL 301"},"content":{"rendered":"<p>Akku-Heckenschere mit Teleskopstange<br \/>\nAkku-Heckenschere mit gro\u00dfer Reichweite f\u00fcr den professionellen Einsatz. Besonders geeignet f\u00fcr den Schnitt hoher Hecken und Str\u00e4ucher sowie zum Schneiden von Vegetation in Bodenn\u00e4he. Ergonomisches Arbeiten dank robustem quadratischem Teleskopschaft.  <\/p>\n<p>Set bestehend aus:<\/p>\n<p>1 STIHL Heckenschere HLA 86<br \/>\n1 AP 200 S Akku<br \/>\nAL 1 301 Schnellladeger\u00e4t<\/p>\n","protected":false},"excerpt":{"rendered":"<p>Akku-Heckenschere mit Teleskopstange Akku-Heckenschere mit gro\u00dfer Reichweite f\u00fcr den professionellen Einsatz. Besonders geeignet f\u00fcr den Schnitt hoher Hecken und Str\u00e4ucher<\/p>\n","protected":false},"featured_media":579833,"template":"","meta":{"_seopress_robots_primary_cat":"none","_seopress_titles_title":"","_seopress_titles_desc":"","_seopress_robots_index":""},"product_brand":[3554],"product_cat":[1629,1695,169],"product_tag":[],"class_list":{"0":"post-579840","1":"product","2":"type-product","3":"status-publish","4":"has-post-thumbnail","6":"product_brand-stihl-de","7":"product_cat-akku-heckenscheren-und-astscheren","8":"product_cat-heckenscheren-und-astscheren","9":"product_cat-maschinen","10":"sws-gruppo-macchinari-de","11":"sws-conto-ricavi-merci-rivendita-macchinari-de","12":"sws-gruppo-iva-iva81-de","14":"first","15":"onbackorder","16":"sale","17":"shipping-taxable","18":"purchasable","19":"product-type-simple"},"_links":{"self":[{"href":"https:\/\/lucacastelli.com\/de\/wp-json\/wp\/v2\/product\/579840","targetHints":{"allow":["GET"]}}],"collection":[{"href":"https:\/\/lucacastelli.com\/de\/wp-json\/wp\/v2\/product"}],"about":[{"href":"https:\/\/lucacastelli.com\/de\/wp-json\/wp\/v2\/types\/product"}],"wp:featuredmedia":[{"embeddable":true,"href":"https:\/\/lucacastelli.com\/de\/wp-json\/wp\/v2\/media\/579833"}],"wp:attachment":[{"href":"https:\/\/lucacastelli.com\/de\/wp-json\/wp\/v2\/media?parent=579840"}],"wp:term":[{"taxonomy":"product_brand","embeddable":true,"href":"https:\/\/lucacastelli.com\/de\/wp-json\/wp\/v2\/product_brand?post=579840"},{"taxonomy":"product_cat","embeddable":true,"href":"https:\/\/lucacastelli.com\/de\/wp-json\/wp\/v2\/product_cat?post=579840"},{"taxonomy":"product_tag","embeddable":true,"href":"https:\/\/lucacastelli.com\/de\/wp-json\/wp\/v2\/product_tag?post=579840"}],"curies":[{"name":"wp","href":"https:\/\/api.w.org\/{rel}","templated":true}]}}