{"id":579824,"date":"2025-08-04T14:15:51","date_gmt":"2025-08-04T12:15:51","guid":{"rendered":"https:\/\/lucacastelli.com\/prodotto\/stihl-hla-66-set-con-ap-200-s-e-al-301-2\/"},"modified":"2026-03-02T09:26:33","modified_gmt":"2026-03-02T08:26:33","slug":"stihl-hla-66-set-con-ap-200-s-e-al-301-2","status":"publish","type":"product","link":"https:\/\/lucacastelli.com\/de\/produkt\/stihl-hla-66-set-con-ap-200-s-e-al-301-2\/","title":{"rendered":"STIHL HLA 66 SET mit AP 200 S und AL 301"},"content":{"rendered":"<p>Ger\u00e4uscharme Akku-Heckenschere<br \/>\nLeichte Akku-Heckenschere zum Schneiden von Hecken, Str\u00e4uchern und bodennahen Pflanzen. Der Messerbalken ist werkzeuglos um 115\u00b0 f\u00fcr \u00dcberkopf-, Seiten- und Bodenschnitte verstellbar. Beidseitig gesch\u00e4rfte Messer f\u00fcr ein sauberes Schnittbild.  <\/p>\n<p>Set bestehend aus:<\/p>\n<p>1 STIHL HLA 66<br \/>\n1 AP 200 S Batterie<br \/>\nAL 1 301 Batterieladeger\u00e4t<\/p>\n","protected":false},"excerpt":{"rendered":"<p>Ger\u00e4uscharme Akku-Heckenschere Leichte Akku-Heckenschere zum Schneiden von Hecken, Str\u00e4uchern und bodennahen Pflanzen. Der Messerbalken ist werkzeuglos um 115\u00b0 f\u00fcr \u00dcberkopf-,<\/p>\n","protected":false},"featured_media":579820,"template":"","meta":{"_seopress_robots_primary_cat":"none","_seopress_titles_title":"","_seopress_titles_desc":"","_seopress_robots_index":""},"product_brand":[3366],"product_cat":[29,282,267],"product_tag":[],"class_list":{"0":"post-579824","1":"product","2":"type-product","3":"status-publish","4":"has-post-thumbnail","6":"product_brand-stihl","7":"product_cat-macchinari","8":"product_cat-tosasiepi-e-potatori-a-batteria","9":"product_cat-tosasiepi-e-potatori","10":"sws-gruppo-macchinari-de","11":"sws-conto-ricavi-merci-rivendita-macchinari-de","12":"sws-gruppo-iva-iva81-de","14":"first","15":"instock","16":"sale","17":"shipping-taxable","18":"purchasable","19":"product-type-simple"},"_links":{"self":[{"href":"https:\/\/lucacastelli.com\/de\/wp-json\/wp\/v2\/product\/579824","targetHints":{"allow":["GET"]}}],"collection":[{"href":"https:\/\/lucacastelli.com\/de\/wp-json\/wp\/v2\/product"}],"about":[{"href":"https:\/\/lucacastelli.com\/de\/wp-json\/wp\/v2\/types\/product"}],"wp:featuredmedia":[{"embeddable":true,"href":"https:\/\/lucacastelli.com\/de\/wp-json\/wp\/v2\/media\/579820"}],"wp:attachment":[{"href":"https:\/\/lucacastelli.com\/de\/wp-json\/wp\/v2\/media?parent=579824"}],"wp:term":[{"taxonomy":"product_brand","embeddable":true,"href":"https:\/\/lucacastelli.com\/de\/wp-json\/wp\/v2\/product_brand?post=579824"},{"taxonomy":"product_cat","embeddable":true,"href":"https:\/\/lucacastelli.com\/de\/wp-json\/wp\/v2\/product_cat?post=579824"},{"taxonomy":"product_tag","embeddable":true,"href":"https:\/\/lucacastelli.com\/de\/wp-json\/wp\/v2\/product_tag?post=579824"}],"curies":[{"name":"wp","href":"https:\/\/api.w.org\/{rel}","templated":true}]}}