{"id":579799,"date":"2025-12-03T14:15:26","date_gmt":"2025-12-03T13:15:26","guid":{"rendered":"https:\/\/lucacastelli.com\/prodotto\/stihl-set-bga-160-con-2-pz-ap-300-s-e-1-al-301-2\/"},"modified":"2026-04-08T15:11:48","modified_gmt":"2026-04-08T13:11:48","slug":"stihl-set-bga-160-con-2-pz-ap-300-s-e-1-al-301-2","status":"publish","type":"product","link":"https:\/\/lucacastelli.com\/de\/produkt\/stihl-set-bga-160-con-2-pz-ap-300-s-e-1-al-301-2\/","title":{"rendered":"STIHL SET BGA 160 mit 2 St\u00fcck AP 300 S und AL 1 301"},"content":{"rendered":"<p>Neues Topmodell<br \/>\nLeistungsstarkes Akku-Gebl\u00e4se f\u00fcr anspruchsvolle Anwendungen im Haushalt und f\u00fcr professionelle Reinigungsarbeiten, z. B. in der Geb\u00e4udewirtschaft. Gleichbleibend hohe Saugleistung \u00fcber die gesamte Akkulaufzeit. Kurzes und kompaktes Ger\u00e4t mit abgewinkeltem Blasrohr f\u00fcr hervorragende Man\u00f6vrierf\u00e4higkeit und m\u00fcheloses Arbeiten.  <\/p>\n<p>STIHL Sound Engineering reduziert unangenehme Frequenzen. Vorbereitung f\u00fcr die Vernetzung \u00fcber STIHL connected dank Smart Connector. <\/p>\n<table data-test-id=\"pdp-spec-tech-table\">\n<tbody>\n<tr>\n<td>Nennspannung<\/td>\n<td>36 V<\/td>\n<\/tr>\n<tr>\n<td>Gewicht<\/td>\n<td>2,6 kg<\/td>\n<\/tr>\n<tr>\n<td>Akkusystem<\/td>\n<td>AP<\/td>\n<\/tr>\n<tr>\n<td>Max. Luftgeschwindigkeit mit Rundd\u00fcse<\/td>\n<td>78 m\/s<\/td>\n<\/tr>\n<tr>\n<td>Max. Luftgeschwindigkeit mit Rundd\u00fcse<\/td>\n<td>174 mph<\/td>\n<\/tr>\n<tr>\n<td>Luftdurchsatz mit Rundd\u00fcse<\/td>\n<td>970 m\u00b3\/h <sup>1)<\/sup><\/td>\n<\/tr>\n<tr>\n<td>Schalldruckpegel<\/td>\n<td>80 dB(A) <sup>2)<\/sup><\/td>\n<\/tr>\n<tr>\n<td>Vibrationswert rechts<\/td>\n<td>0.7 m\/s\u00b2 <sup>3)<\/sup><\/td>\n<\/tr>\n<tr>\n<td>Schalldruckpegel 15 m Entfernung<\/td>\n<td>57 dB(A) <sup>4)<\/sup><\/td>\n<\/tr>\n<tr>\n<td>Schallleistungspegel<\/td>\n<td>90 dB(A) <sup>2)<\/sup><\/td>\n<\/tr>\n<tr>\n<td>Empfohlener Akku<\/td>\n<td>AP 300 S<\/td>\n<\/tr>\n<tr>\n<td>Akkulaufzeit mit AP 300 S<\/td>\n<td>bis zu 110 min<\/td>\n<\/tr>\n<tr>\n<td>Akkulaufzeit mit AP 300 S (4)<\/td>\n<td>bis zu 15 min<\/td>\n<\/tr>\n<tr>\n<td>IP-Schutzart<\/td>\n<td>IPX4<\/td>\n<\/tr>\n<\/tbody>\n<\/table>\n<p>Set bestehend aus:<\/p>\n<p>2 Batterien AP 300 S<br \/>\n1 Gebl\u00e4se BGA 160<br \/>\n1 Ladeger\u00e4t AL 301<\/p>\n","protected":false},"excerpt":{"rendered":"<p>Neues Topmodell Leistungsstarkes Akku-Gebl\u00e4se f\u00fcr anspruchsvolle Anwendungen im Haushalt und f\u00fcr professionelle Reinigungsarbeiten, z. B. in der Geb\u00e4udewirtschaft. Gleichbleibend hohe<\/p>\n","protected":false},"featured_media":579796,"template":"","meta":{"_seopress_robots_primary_cat":"none","_seopress_titles_title":"","_seopress_titles_desc":"","_seopress_robots_index":""},"product_brand":[3554],"product_cat":[169,1641,1654],"product_tag":[],"class_list":{"0":"post-579799","1":"product","2":"type-product","3":"status-publish","4":"has-post-thumbnail","6":"product_brand-stihl-de","7":"product_cat-maschinen","8":"product_cat-geblase-und-staubsauger","9":"product_cat-akku-geblase","10":"sws-gruppo-macchinari-de","11":"sws-conto-ricavi-merci-rivendita-macchinari-de","12":"sws-gruppo-iva-iva81-de","14":"first","15":"onbackorder","16":"sale","17":"shipping-taxable","18":"purchasable","19":"product-type-simple"},"_links":{"self":[{"href":"https:\/\/lucacastelli.com\/de\/wp-json\/wp\/v2\/product\/579799","targetHints":{"allow":["GET"]}}],"collection":[{"href":"https:\/\/lucacastelli.com\/de\/wp-json\/wp\/v2\/product"}],"about":[{"href":"https:\/\/lucacastelli.com\/de\/wp-json\/wp\/v2\/types\/product"}],"wp:featuredmedia":[{"embeddable":true,"href":"https:\/\/lucacastelli.com\/de\/wp-json\/wp\/v2\/media\/579796"}],"wp:attachment":[{"href":"https:\/\/lucacastelli.com\/de\/wp-json\/wp\/v2\/media?parent=579799"}],"wp:term":[{"taxonomy":"product_brand","embeddable":true,"href":"https:\/\/lucacastelli.com\/de\/wp-json\/wp\/v2\/product_brand?post=579799"},{"taxonomy":"product_cat","embeddable":true,"href":"https:\/\/lucacastelli.com\/de\/wp-json\/wp\/v2\/product_cat?post=579799"},{"taxonomy":"product_tag","embeddable":true,"href":"https:\/\/lucacastelli.com\/de\/wp-json\/wp\/v2\/product_tag?post=579799"}],"curies":[{"name":"wp","href":"https:\/\/api.w.org\/{rel}","templated":true}]}}