{"id":577727,"date":"2025-08-04T12:45:08","date_gmt":"2025-08-04T10:45:08","guid":{"rendered":"https:\/\/lucacastelli.com\/prodotto\/stihl-catena-micro-3-8-1-6-mm-2\/"},"modified":"2026-03-02T09:26:12","modified_gmt":"2026-03-02T08:26:12","slug":"stihl-catena-micro-3-8-1-6-mm-2","status":"publish","type":"product","link":"https:\/\/lucacastelli.com\/de\/produkt\/stihl-catena-micro-3-8-1-6-mm-2\/","title":{"rendered":"STIHL S\u00e4gekette MICRO 3\/8&#8243; 1,6 mm"},"content":{"rendered":"<p>Micro S\u00e4geketten sind besonders zuverl\u00e4ssig und komfortabel in der Anwendung. Die Halbmei\u00dfelkette bietet eine hohe Schnittqualit\u00e4t bei geringer Vibration und l\u00e4sst sich leicht sch\u00e4rfen. Sie ist daher auch f\u00fcr Gelegenheitsanwender und die Landwirtschaft eine ausgezeichnete Wahl.  <\/p>\n","protected":false},"excerpt":{"rendered":"<p>Micro S\u00e4geketten sind besonders zuverl\u00e4ssig und komfortabel in der Anwendung. Die Halbmei\u00dfelkette bietet eine hohe Schnittqualit\u00e4t bei geringer Vibration und<\/p>\n","protected":false},"featured_media":577716,"template":"","meta":{"_seopress_robots_primary_cat":"none","_seopress_titles_title":"","_seopress_titles_desc":"","_seopress_robots_index":""},"product_brand":[3554],"product_cat":[1614,1612,169],"product_tag":[],"class_list":{"0":"post-577727","1":"product","2":"type-product","3":"status-publish","4":"has-post-thumbnail","6":"product_brand-stihl-de","7":"product_cat-ketten-und-haspeln","8":"product_cat-kettensagen","9":"product_cat-maschinen","10":"sws-gruppo-macchinari-de","11":"sws-conto-ricavi-merci-rivendita-macchinari-de","12":"sws-gruppo-iva-iva81-de","14":"first","15":"onbackorder","16":"shipping-taxable","17":"purchasable","18":"product-type-variable"},"_links":{"self":[{"href":"https:\/\/lucacastelli.com\/de\/wp-json\/wp\/v2\/product\/577727","targetHints":{"allow":["GET"]}}],"collection":[{"href":"https:\/\/lucacastelli.com\/de\/wp-json\/wp\/v2\/product"}],"about":[{"href":"https:\/\/lucacastelli.com\/de\/wp-json\/wp\/v2\/types\/product"}],"wp:featuredmedia":[{"embeddable":true,"href":"https:\/\/lucacastelli.com\/de\/wp-json\/wp\/v2\/media\/577716"}],"wp:attachment":[{"href":"https:\/\/lucacastelli.com\/de\/wp-json\/wp\/v2\/media?parent=577727"}],"wp:term":[{"taxonomy":"product_brand","embeddable":true,"href":"https:\/\/lucacastelli.com\/de\/wp-json\/wp\/v2\/product_brand?post=577727"},{"taxonomy":"product_cat","embeddable":true,"href":"https:\/\/lucacastelli.com\/de\/wp-json\/wp\/v2\/product_cat?post=577727"},{"taxonomy":"product_tag","embeddable":true,"href":"https:\/\/lucacastelli.com\/de\/wp-json\/wp\/v2\/product_tag?post=577727"}],"curies":[{"name":"wp","href":"https:\/\/api.w.org\/{rel}","templated":true}]}}