{"id":577205,"date":"2025-08-04T12:22:23","date_gmt":"2025-08-04T10:22:23","guid":{"rendered":"https:\/\/lucacastelli.com\/prodotto\/stihl-catena-micro-3-3-8-p-1-3-mm-2\/"},"modified":"2026-03-02T09:23:44","modified_gmt":"2026-03-02T08:23:44","slug":"stihl-catena-micro-3-3-8-p-1-3-mm-2","status":"publish","type":"product","link":"https:\/\/lucacastelli.com\/de\/produkt\/stihl-catena-micro-3-3-8-p-1-3-mm-2\/","title":{"rendered":"STIHL S\u00e4gekette MICRO 3 3\/8&#8243; P 1,3 mm"},"content":{"rendered":"<p>Micro-S\u00e4geketten sind besonders zuverl\u00e4ssig und komfortabel in der Anwendung. Die Halbmei\u00dfelkette bietet eine hohe Schnittqualit\u00e4t bei geringen Vibrationen und l\u00e4sst sich einfach sch\u00e4rfen. Damit ist sie auch f\u00fcr Gelegenheitsanwender und die Landwirtschaft eine exzellente Wahl.  <\/p>\n","protected":false},"excerpt":{"rendered":"<p>Micro-S\u00e4geketten sind besonders zuverl\u00e4ssig und komfortabel in der Anwendung. Die Halbmei\u00dfelkette bietet eine hohe Schnittqualit\u00e4t bei geringen Vibrationen und l\u00e4sst<\/p>\n","protected":false},"featured_media":577194,"template":"","meta":{"_seopress_robots_primary_cat":"none","_seopress_titles_title":"","_seopress_titles_desc":"","_seopress_robots_index":""},"product_brand":[3554],"product_cat":[169,1612,1614],"product_tag":[],"class_list":{"0":"post-577205","1":"product","2":"type-product","3":"status-publish","4":"has-post-thumbnail","6":"product_brand-stihl-de","7":"product_cat-maschinen","8":"product_cat-kettensagen","9":"product_cat-ketten-und-haspeln","10":"sws-gruppo-macchinari-de","11":"sws-conto-ricavi-merci-rivendita-macchinari-de","12":"sws-gruppo-iva-iva81-de","14":"first","15":"instock","16":"shipping-taxable","17":"purchasable","18":"product-type-variable"},"_links":{"self":[{"href":"https:\/\/lucacastelli.com\/de\/wp-json\/wp\/v2\/product\/577205","targetHints":{"allow":["GET"]}}],"collection":[{"href":"https:\/\/lucacastelli.com\/de\/wp-json\/wp\/v2\/product"}],"about":[{"href":"https:\/\/lucacastelli.com\/de\/wp-json\/wp\/v2\/types\/product"}],"wp:featuredmedia":[{"embeddable":true,"href":"https:\/\/lucacastelli.com\/de\/wp-json\/wp\/v2\/media\/577194"}],"wp:attachment":[{"href":"https:\/\/lucacastelli.com\/de\/wp-json\/wp\/v2\/media?parent=577205"}],"wp:term":[{"taxonomy":"product_brand","embeddable":true,"href":"https:\/\/lucacastelli.com\/de\/wp-json\/wp\/v2\/product_brand?post=577205"},{"taxonomy":"product_cat","embeddable":true,"href":"https:\/\/lucacastelli.com\/de\/wp-json\/wp\/v2\/product_cat?post=577205"},{"taxonomy":"product_tag","embeddable":true,"href":"https:\/\/lucacastelli.com\/de\/wp-json\/wp\/v2\/product_tag?post=577205"}],"curies":[{"name":"wp","href":"https:\/\/api.w.org\/{rel}","templated":true}]}}