{"id":577141,"date":"2025-08-04T12:21:20","date_gmt":"2025-08-04T10:21:20","guid":{"rendered":"https:\/\/lucacastelli.com\/prodotto\/stihl-catena-micro-3-rotolo-2\/"},"modified":"2025-08-04T12:23:39","modified_gmt":"2025-08-04T10:23:39","slug":"stihl-catena-micro-3-rotolo-2","status":"publish","type":"product","link":"https:\/\/lucacastelli.com\/de\/produkt\/stihl-catena-micro-3-rotolo-2\/","title":{"rendered":"STIHL Catena MICRO 3 Rotolo"},"content":{"rendered":"<p>Mikroketten sind besonders zuverl\u00e4ssig und komfortabel in der Anwendung. Die Kette mit Halbmei\u00dfelz\u00e4hnen bietet hohe Schnittqualit\u00e4t bei geringer Vibration und ist leicht zu sch\u00e4rfen. Er eignet sich daher auch hervorragend f\u00fcr den Gelegenheitsnutzer und f\u00fcr die Landwirtschaft.<\/p>\n","protected":false},"excerpt":{"rendered":"<p>Mikroketten sind besonders zuverl\u00e4ssig und komfortabel in der Anwendung. Die Kette mit Halbmei\u00dfelz\u00e4hnen bietet hohe Schnittqualit\u00e4t bei geringer Vibration und<\/p>\n","protected":false},"featured_media":577131,"template":"","meta":{"_seopress_robots_primary_cat":"","_seopress_titles_title":"","_seopress_titles_desc":"","_seopress_robots_index":""},"product_brand":[3366],"product_cat":[29,268,504],"product_tag":[],"class_list":{"0":"post-577141","1":"product","2":"type-product","3":"status-publish","4":"has-post-thumbnail","6":"product_brand-stihl","7":"product_cat-macchinari","8":"product_cat-motoseghe","9":"product_cat-catene-e-rotoli","11":"first","12":"instock","13":"shipping-taxable","14":"product-type-variable"},"_links":{"self":[{"href":"https:\/\/lucacastelli.com\/de\/wp-json\/wp\/v2\/product\/577141","targetHints":{"allow":["GET"]}}],"collection":[{"href":"https:\/\/lucacastelli.com\/de\/wp-json\/wp\/v2\/product"}],"about":[{"href":"https:\/\/lucacastelli.com\/de\/wp-json\/wp\/v2\/types\/product"}],"wp:featuredmedia":[{"embeddable":true,"href":"https:\/\/lucacastelli.com\/de\/wp-json\/wp\/v2\/media\/577131"}],"wp:attachment":[{"href":"https:\/\/lucacastelli.com\/de\/wp-json\/wp\/v2\/media?parent=577141"}],"wp:term":[{"taxonomy":"product_brand","embeddable":true,"href":"https:\/\/lucacastelli.com\/de\/wp-json\/wp\/v2\/product_brand?post=577141"},{"taxonomy":"product_cat","embeddable":true,"href":"https:\/\/lucacastelli.com\/de\/wp-json\/wp\/v2\/product_cat?post=577141"},{"taxonomy":"product_tag","embeddable":true,"href":"https:\/\/lucacastelli.com\/de\/wp-json\/wp\/v2\/product_tag?post=577141"}],"curies":[{"name":"wp","href":"https:\/\/api.w.org\/{rel}","templated":true}]}}