{"id":576408,"date":"2025-08-07T06:28:31","date_gmt":"2025-08-07T04:28:31","guid":{"rendered":"https:\/\/lucacastelli.com\/?post_type=product&#038;p=576408"},"modified":"2025-12-29T23:15:28","modified_gmt":"2025-12-29T22:15:28","slug":"milwaukee-laser-lineare-verde-ricaricabile-usb-a-2-linee-2","status":"publish","type":"product","link":"https:\/\/lucacastelli.com\/de\/produkt\/milwaukee-laser-lineare-verde-ricaricabile-usb-a-2-linee-2\/","title":{"rendered":"MILWAUKEE Laser lineare Verde Ricaricabile USB a 2 linee"},"content":{"rendered":"<p>L4 CLL-301C\/LIVELLE LASER<br \/>\nPermette livellamento orizzontale e allineamento verticale;Laser verde ad alta intensit\u00e0 per una visibilit\u00e0 senza compromessi: fino a 4 volte pi\u00f9 visibile dei laser rossi;Portata 30 m (50 m con il ricevitore laser LLD50, 100 m con il ricevitore laser LRD100);La batteria ricaricabile REDLITHIUM\u2122 USB 3.0 Ah garantisce una autonomia di pi\u00f9 di 8 ore;1 batteria REDLITHIUM\u2122 USB 3.0 \u00e8 in grado di sostituire fino a 6.000 batterie alcaline;Sistema del pendolo in 3 modalit\u00e0: Manuale per utilizzo ad ogni angolazione, Auto-livellamento con indicazione di disallineamento con 4\u00b0 di variazione e pendolo Bloccato per maggiore protezione durante il trasporto;Magneti, filettatura 1\/4doganale per treppiede e fori integrati: facile aggancio su acciaio, su legno, treppiede o asta;Rotazione completa del laser con rotellina di microallineamento, per regolazioni precise e rapide;Classe di protezione IP 54, resistenza a cadute da 1 m;Possibilit\u00e0 di ricaricare la batteria REDTLITHIUM\u2122 USB durante l&#8217;uso tramite cavo micro-USB o presa elettrica;Indicatore frontale e laterale dello stato di carica<\/p>\n<p>4933478098<br \/>\n4058546340315<\/p>\n","protected":false},"excerpt":{"rendered":"<p>L4 CLL-301C\/LIVELLE LASER<\/p>\n","protected":false},"featured_media":575924,"template":"","meta":{"_seopress_robots_primary_cat":"","_seopress_titles_title":"","_seopress_titles_desc":"","_seopress_robots_index":""},"product_brand":[3407],"product_cat":[29,491,514,551],"product_tag":[3270],"class_list":{"0":"post-576408","1":"product","2":"type-product","3":"status-publish","4":"has-post-thumbnail","6":"product_brand-milwaukee","7":"product_cat-macchinari","8":"product_cat-accessori-sistemi-a-batteria","9":"product_cat-altri-dispositivi","10":"product_cat-apparecchi-di-misurazione","11":"product_tag-import-milwau","12":"sws-conto-ricavi-merci-rivendita-macchinari","13":"sws-gruppo-iva-iva81","15":"first","16":"onbackorder","17":"sale","18":"shipping-taxable","19":"purchasable","20":"product-type-simple"},"_links":{"self":[{"href":"https:\/\/lucacastelli.com\/de\/wp-json\/wp\/v2\/product\/576408","targetHints":{"allow":["GET"]}}],"collection":[{"href":"https:\/\/lucacastelli.com\/de\/wp-json\/wp\/v2\/product"}],"about":[{"href":"https:\/\/lucacastelli.com\/de\/wp-json\/wp\/v2\/types\/product"}],"wp:featuredmedia":[{"embeddable":true,"href":"https:\/\/lucacastelli.com\/de\/wp-json\/wp\/v2\/media\/575924"}],"wp:attachment":[{"href":"https:\/\/lucacastelli.com\/de\/wp-json\/wp\/v2\/media?parent=576408"}],"wp:term":[{"taxonomy":"product_brand","embeddable":true,"href":"https:\/\/lucacastelli.com\/de\/wp-json\/wp\/v2\/product_brand?post=576408"},{"taxonomy":"product_cat","embeddable":true,"href":"https:\/\/lucacastelli.com\/de\/wp-json\/wp\/v2\/product_cat?post=576408"},{"taxonomy":"product_tag","embeddable":true,"href":"https:\/\/lucacastelli.com\/de\/wp-json\/wp\/v2\/product_tag?post=576408"}],"curies":[{"name":"wp","href":"https:\/\/api.w.org\/{rel}","templated":true}]}}