{"id":576366,"date":"2025-08-04T11:42:10","date_gmt":"2025-08-04T09:42:10","guid":{"rendered":"https:\/\/lucacastelli.com\/prodotto\/stihl-catena-duro-3-3-8-1-6-mm-2\/"},"modified":"2025-08-04T11:53:39","modified_gmt":"2025-08-04T09:53:39","slug":"stihl-catena-duro-3-3-8-1-6-mm-2","status":"publish","type":"product","link":"https:\/\/lucacastelli.com\/de\/produkt\/stihl-catena-duro-3-3-8-1-6-mm-2\/","title":{"rendered":"STIHL Catena DURO 3 3\/8&#8243; 1.6 mm"},"content":{"rendered":"<p>Duro-Ketten sind extrem robust und verschlei\u00dffest. Sie sind hartmetallbeschichtet und haben eine zehnmal l\u00e4ngere Lebensdauer als herk\u00f6mmliche Ketten. Sie eignen sich daher besonders zum Schneiden von verschmutztem Holz.<\/p>\n","protected":false},"excerpt":{"rendered":"<p>Duro-Ketten sind extrem robust und verschlei\u00dffest. Sie sind hartmetallbeschichtet und haben eine zehnmal l\u00e4ngere Lebensdauer als herk\u00f6mmliche Ketten. Sie eignen<\/p>\n","protected":false},"featured_media":576356,"template":"","meta":{"_seopress_robots_primary_cat":"","_seopress_titles_title":"","_seopress_titles_desc":"","_seopress_robots_index":""},"product_brand":[3366],"product_cat":[29,268,504],"product_tag":[],"class_list":{"0":"post-576366","1":"product","2":"type-product","3":"status-publish","4":"has-post-thumbnail","6":"product_brand-stihl","7":"product_cat-macchinari","8":"product_cat-motoseghe","9":"product_cat-catene-e-rotoli","11":"first","12":"instock","13":"shipping-taxable","14":"product-type-variable"},"_links":{"self":[{"href":"https:\/\/lucacastelli.com\/de\/wp-json\/wp\/v2\/product\/576366","targetHints":{"allow":["GET"]}}],"collection":[{"href":"https:\/\/lucacastelli.com\/de\/wp-json\/wp\/v2\/product"}],"about":[{"href":"https:\/\/lucacastelli.com\/de\/wp-json\/wp\/v2\/types\/product"}],"wp:featuredmedia":[{"embeddable":true,"href":"https:\/\/lucacastelli.com\/de\/wp-json\/wp\/v2\/media\/576356"}],"wp:attachment":[{"href":"https:\/\/lucacastelli.com\/de\/wp-json\/wp\/v2\/media?parent=576366"}],"wp:term":[{"taxonomy":"product_brand","embeddable":true,"href":"https:\/\/lucacastelli.com\/de\/wp-json\/wp\/v2\/product_brand?post=576366"},{"taxonomy":"product_cat","embeddable":true,"href":"https:\/\/lucacastelli.com\/de\/wp-json\/wp\/v2\/product_cat?post=576366"},{"taxonomy":"product_tag","embeddable":true,"href":"https:\/\/lucacastelli.com\/de\/wp-json\/wp\/v2\/product_tag?post=576366"}],"curies":[{"name":"wp","href":"https:\/\/api.w.org\/{rel}","templated":true}]}}