{"id":576342,"date":"2025-08-04T11:41:33","date_gmt":"2025-08-04T09:41:33","guid":{"rendered":"https:\/\/lucacastelli.com\/prodotto\/stihl-filo-perimetrale-rotolo-300-m-5-5-mm-2\/"},"modified":"2025-08-04T11:41:38","modified_gmt":"2025-08-04T09:41:38","slug":"stihl-filo-perimetrale-rotolo-300-m-5-5-mm-2","status":"publish","type":"product","link":"https:\/\/lucacastelli.com\/de\/produkt\/stihl-filo-perimetrale-rotolo-300-m-5-5-mm-2\/","title":{"rendered":"STIHL Filo perimetrale rotolo 300 m\/5.5 mm"},"content":{"rendered":"<p>Mit dem STIHL Begrenzungsdraht iMOW\u00ae legen Sie den Arbeitsbereich Ihres M\u00e4hroboters fest und k\u00f6nnen zudem nicht zu m\u00e4hende Bereiche wie Hindernisse einfach ausgrenzen. Ihr STIHL iMOW\u00ae Rasenroboter f\u00e4hrt und m\u00e4ht dann ausschlie\u00dflich innerhalb der festgelegten Eingrenzung. Der Begrenzungsdraht hat einen Durchmesser von 3,4 mm, wird Ihnen auf einer 150 m Rolle geliefert und ist damit f\u00fcr kleinere Rasenfl\u00e4chen geeignet. Damit der Draht nach dem Auslegen an den vorgesehenen Stellen bleibt, verankern Sie diesen mit Fixiern\u00e4geln STIHL AFN 075 oder Bio Fixiern\u00e4geln im Rasen. Ihren STIHL Begrenzungsdraht iMOW\u00ae k\u00f6nnen Sie jederzeit um weitere Meter erg\u00e4nzen, indem Sie zus\u00e4tzlichen Begrenzungsdraht mit Drahtverbindern STIHL ADV 010 an der bereits verlegten Umrandung anklemmen.<\/p>\n<p>Praktische Tipps zum Verlegen des Drahtes finden Sie in unserem Ratgeber M\u00e4hroboter-Installation.<\/p>\n<p>Begrenzungsdraht f\u00fcr STIHL iMOW\u00ae M\u00e4hroboter zur Festlegung des Einsatzbereichs<br \/>\nGeeignet f\u00fcr kleinere und mittlere Rasenfl\u00e4chen<br \/>\nPassend f\u00fcr alle STIHL iMOW\u00ae Modelle<\/p>\n","protected":false},"excerpt":{"rendered":"<p>Mit dem STIHL Begrenzungsdraht iMOW\u00ae legen Sie den Arbeitsbereich Ihres M\u00e4hroboters fest und k\u00f6nnen zudem nicht zu m\u00e4hende Bereiche wie<\/p>\n","protected":false},"featured_media":576336,"template":"","meta":{"_seopress_robots_primary_cat":"","_seopress_titles_title":"","_seopress_titles_desc":"","_seopress_robots_index":""},"product_brand":[3366],"product_cat":[29,262,278],"product_tag":[],"class_list":{"0":"post-576342","1":"product","2":"type-product","3":"status-publish","4":"has-post-thumbnail","6":"product_brand-stihl","7":"product_cat-macchinari","8":"product_cat-tosaerba-e-robot","9":"product_cat-robot-tosaerba","11":"first","12":"onbackorder","13":"shipping-taxable","14":"purchasable","15":"product-type-simple"},"_links":{"self":[{"href":"https:\/\/lucacastelli.com\/de\/wp-json\/wp\/v2\/product\/576342","targetHints":{"allow":["GET"]}}],"collection":[{"href":"https:\/\/lucacastelli.com\/de\/wp-json\/wp\/v2\/product"}],"about":[{"href":"https:\/\/lucacastelli.com\/de\/wp-json\/wp\/v2\/types\/product"}],"wp:featuredmedia":[{"embeddable":true,"href":"https:\/\/lucacastelli.com\/de\/wp-json\/wp\/v2\/media\/576336"}],"wp:attachment":[{"href":"https:\/\/lucacastelli.com\/de\/wp-json\/wp\/v2\/media?parent=576342"}],"wp:term":[{"taxonomy":"product_brand","embeddable":true,"href":"https:\/\/lucacastelli.com\/de\/wp-json\/wp\/v2\/product_brand?post=576342"},{"taxonomy":"product_cat","embeddable":true,"href":"https:\/\/lucacastelli.com\/de\/wp-json\/wp\/v2\/product_cat?post=576342"},{"taxonomy":"product_tag","embeddable":true,"href":"https:\/\/lucacastelli.com\/de\/wp-json\/wp\/v2\/product_tag?post=576342"}],"curies":[{"name":"wp","href":"https:\/\/api.w.org\/{rel}","templated":true}]}}