{"id":576334,"date":"2025-08-04T11:41:22","date_gmt":"2025-08-04T09:41:22","guid":{"rendered":"https:\/\/lucacastelli.com\/prodotto\/stihl-olio-motore-10-w-30-2\/"},"modified":"2025-08-04T11:42:26","modified_gmt":"2025-08-04T09:42:26","slug":"stihl-olio-motore-10-w-30-2","status":"publish","type":"product","link":"https:\/\/lucacastelli.com\/de\/produkt\/stihl-olio-motore-10-w-30-2\/","title":{"rendered":"STIHL Olio motore 10 W-30"},"content":{"rendered":"<p>Hochwertiges Mehrbereichs-Motoren\u00f6l, speziell entwickelt f\u00fcr die Anforderungen von 4-Takt-Motoren. Hervorragende Schmier- und Verbrennungseigenschaften, ganzj\u00e4hriger Einsatz bis zu -30 \u00b0C.<\/p>\n","protected":false},"excerpt":{"rendered":"<p>Hochwertiges Mehrbereichs-Motoren\u00f6l, speziell entwickelt f\u00fcr die Anforderungen von 4-Takt-Motoren. Hervorragende Schmier- und Verbrennungseigenschaften, ganzj\u00e4hriger Einsatz bis zu -30 \u00b0C.<\/p>\n","protected":false},"featured_media":576328,"template":"","meta":{"_seopress_robots_primary_cat":"","_seopress_titles_title":"","_seopress_titles_desc":"","_seopress_robots_index":""},"product_brand":[3554],"product_cat":[1436,1448],"product_tag":[],"class_list":{"0":"post-576334","1":"product","2":"type-product","3":"status-publish","4":"has-post-thumbnail","6":"product_brand-stihl-de","7":"product_cat-kraftstoffe-und-ole","8":"product_cat-schmiermittel","10":"first","11":"instock","12":"shipping-taxable","13":"product-type-variable"},"_links":{"self":[{"href":"https:\/\/lucacastelli.com\/de\/wp-json\/wp\/v2\/product\/576334","targetHints":{"allow":["GET"]}}],"collection":[{"href":"https:\/\/lucacastelli.com\/de\/wp-json\/wp\/v2\/product"}],"about":[{"href":"https:\/\/lucacastelli.com\/de\/wp-json\/wp\/v2\/types\/product"}],"wp:featuredmedia":[{"embeddable":true,"href":"https:\/\/lucacastelli.com\/de\/wp-json\/wp\/v2\/media\/576328"}],"wp:attachment":[{"href":"https:\/\/lucacastelli.com\/de\/wp-json\/wp\/v2\/media?parent=576334"}],"wp:term":[{"taxonomy":"product_brand","embeddable":true,"href":"https:\/\/lucacastelli.com\/de\/wp-json\/wp\/v2\/product_brand?post=576334"},{"taxonomy":"product_cat","embeddable":true,"href":"https:\/\/lucacastelli.com\/de\/wp-json\/wp\/v2\/product_cat?post=576334"},{"taxonomy":"product_tag","embeddable":true,"href":"https:\/\/lucacastelli.com\/de\/wp-json\/wp\/v2\/product_tag?post=576334"}],"curies":[{"name":"wp","href":"https:\/\/api.w.org\/{rel}","templated":true}]}}