{"id":576246,"date":"2025-08-04T11:17:52","date_gmt":"2025-08-04T09:17:52","guid":{"rendered":"https:\/\/lucacastelli.com\/prodotto\/stihl-moto4plus-2\/"},"modified":"2026-03-31T19:28:07","modified_gmt":"2026-03-31T17:28:07","slug":"stihl-moto4plus-2","status":"publish","type":"product","link":"https:\/\/lucacastelli.com\/de\/produkt\/stihl-moto4plus-2\/","title":{"rendered":"STIHL MOTO4PLUS"},"content":{"rendered":"<p>Werkzeugbenzin, speziell entwickelt f\u00fcr kleine 4-Takt-Motoren STIHL. Enth\u00e4lt kein Ethanol, fast keine Olefine und aromatischen Verbindungen. Geringe Emissionen machen es unsch\u00e4dlich f\u00fcr Mensch und Motor. Ausgezeichnete Haltbarkeit von bis zu 5 Jahren. Zuverl\u00e4ssige Leistung aus einer Hand. Die kleinen 4-Takt-Motoren STIHL und STIHL Moto4Plus sind perfekt aufeinander abgestimmt und haben Dutzende von Tests f\u00fcr eine Vielzahl von Anwendungen durchlaufen.     <\/p>\n<p>Nicht f\u00fcr 4-MIX Stihl Motoren<\/p>\n","protected":false},"excerpt":{"rendered":"<p>Werkzeugbenzin, speziell entwickelt f\u00fcr kleine 4-Takt-Motoren STIHL. Enth\u00e4lt kein Ethanol, fast keine Olefine und aromatischen Verbindungen. Geringe Emissionen machen es<\/p>\n","protected":false},"featured_media":576235,"template":"","meta":{"_seopress_robots_primary_cat":"none","_seopress_titles_title":"","_seopress_titles_desc":"","_seopress_robots_index":""},"product_brand":[3554],"product_cat":[1436,1442],"product_tag":[],"class_list":{"0":"post-576246","1":"product","2":"type-product","3":"status-publish","4":"has-post-thumbnail","6":"product_brand-stihl-de","7":"product_cat-kraftstoffe-und-ole","8":"product_cat-kraftstoffe","9":"sws-gruppo-macchinari-de","10":"sws-conto-ricavi-merci-rivendita-carburante-stihl-de","11":"sws-gruppo-iva-iva81-de","13":"first","14":"onbackorder","15":"shipping-taxable","16":"purchasable","17":"product-type-variable"},"_links":{"self":[{"href":"https:\/\/lucacastelli.com\/de\/wp-json\/wp\/v2\/product\/576246","targetHints":{"allow":["GET"]}}],"collection":[{"href":"https:\/\/lucacastelli.com\/de\/wp-json\/wp\/v2\/product"}],"about":[{"href":"https:\/\/lucacastelli.com\/de\/wp-json\/wp\/v2\/types\/product"}],"wp:featuredmedia":[{"embeddable":true,"href":"https:\/\/lucacastelli.com\/de\/wp-json\/wp\/v2\/media\/576235"}],"wp:attachment":[{"href":"https:\/\/lucacastelli.com\/de\/wp-json\/wp\/v2\/media?parent=576246"}],"wp:term":[{"taxonomy":"product_brand","embeddable":true,"href":"https:\/\/lucacastelli.com\/de\/wp-json\/wp\/v2\/product_brand?post=576246"},{"taxonomy":"product_cat","embeddable":true,"href":"https:\/\/lucacastelli.com\/de\/wp-json\/wp\/v2\/product_cat?post=576246"},{"taxonomy":"product_tag","embeddable":true,"href":"https:\/\/lucacastelli.com\/de\/wp-json\/wp\/v2\/product_tag?post=576246"}],"curies":[{"name":"wp","href":"https:\/\/api.w.org\/{rel}","templated":true}]}}