{"id":576222,"date":"2025-08-04T11:17:20","date_gmt":"2025-08-04T09:17:20","guid":{"rendered":"https:\/\/lucacastelli.com\/prodotto\/stihl-olio-hp-per-motore-a-2-tempi-2\/"},"modified":"2025-08-04T11:17:45","modified_gmt":"2025-08-04T09:17:45","slug":"stihl-olio-hp-per-motore-a-2-tempi-2","status":"publish","type":"product","link":"https:\/\/lucacastelli.com\/de\/produkt\/stihl-olio-hp-per-motore-a-2-tempi-2\/","title":{"rendered":"STIHL Olio HP per motore a 2 tempi"},"content":{"rendered":"<p>Motor\u00f6l auf Mineral\u00f6lbasis, speziell entwickelt f\u00fcr die hohen Anforderungen von Elektrowerkzeugen. Hervorragende Schmier- und Verbrennungseigenschaften, JASO-FB, ISO-L-EGB, Mischungsverh\u00e4ltnis 1:50, geeignet f\u00fcr alle STIHL 2-Takt-Motoren.<\/p>\n","protected":false},"excerpt":{"rendered":"<p>Motor\u00f6l auf Mineral\u00f6lbasis, speziell entwickelt f\u00fcr die hohen Anforderungen von Elektrowerkzeugen. Hervorragende Schmier- und Verbrennungseigenschaften, JASO-FB, ISO-L-EGB, Mischungsverh\u00e4ltnis 1:50, geeignet<\/p>\n","protected":false},"featured_media":576216,"template":"","meta":{"_seopress_robots_primary_cat":"","_seopress_titles_title":"","_seopress_titles_desc":"","_seopress_robots_index":""},"product_brand":[3554],"product_cat":[1436,1448],"product_tag":[],"class_list":{"0":"post-576222","1":"product","2":"type-product","3":"status-publish","4":"has-post-thumbnail","6":"product_brand-stihl-de","7":"product_cat-kraftstoffe-und-ole","8":"product_cat-schmiermittel","10":"first","11":"instock","12":"shipping-taxable","13":"product-type-variable"},"_links":{"self":[{"href":"https:\/\/lucacastelli.com\/de\/wp-json\/wp\/v2\/product\/576222","targetHints":{"allow":["GET"]}}],"collection":[{"href":"https:\/\/lucacastelli.com\/de\/wp-json\/wp\/v2\/product"}],"about":[{"href":"https:\/\/lucacastelli.com\/de\/wp-json\/wp\/v2\/types\/product"}],"wp:featuredmedia":[{"embeddable":true,"href":"https:\/\/lucacastelli.com\/de\/wp-json\/wp\/v2\/media\/576216"}],"wp:attachment":[{"href":"https:\/\/lucacastelli.com\/de\/wp-json\/wp\/v2\/media?parent=576222"}],"wp:term":[{"taxonomy":"product_brand","embeddable":true,"href":"https:\/\/lucacastelli.com\/de\/wp-json\/wp\/v2\/product_brand?post=576222"},{"taxonomy":"product_cat","embeddable":true,"href":"https:\/\/lucacastelli.com\/de\/wp-json\/wp\/v2\/product_cat?post=576222"},{"taxonomy":"product_tag","embeddable":true,"href":"https:\/\/lucacastelli.com\/de\/wp-json\/wp\/v2\/product_tag?post=576222"}],"curies":[{"name":"wp","href":"https:\/\/api.w.org\/{rel}","templated":true}]}}