{"id":576186,"date":"2025-08-04T11:06:08","date_gmt":"2025-08-04T09:06:08","guid":{"rendered":"https:\/\/lucacastelli.com\/prodotto\/stihl-olio-per-catene-forestplus-2\/"},"modified":"2025-08-04T11:06:24","modified_gmt":"2025-08-04T09:06:24","slug":"stihl-olio-per-catene-forestplus-2","status":"publish","type":"product","link":"https:\/\/lucacastelli.com\/de\/produkt\/stihl-olio-per-catene-forestplus-2\/","title":{"rendered":"STIHL Olio per catene FORESTPLUS"},"content":{"rendered":"<p>Auf der Basis hochwertiger Mineral\u00f6le. Zuverl\u00e4ssige Schmierung, keine Verharzung auch nach l\u00e4ngerer Nichtbenutzung.<\/p>\n","protected":false},"excerpt":{"rendered":"<p>Auf der Basis hochwertiger Mineral\u00f6le. Zuverl\u00e4ssige Schmierung, keine Verharzung auch nach l\u00e4ngerer Nichtbenutzung.<\/p>\n","protected":false},"featured_media":576180,"template":"","meta":{"_seopress_robots_primary_cat":"","_seopress_titles_title":"","_seopress_titles_desc":"","_seopress_robots_index":""},"product_brand":[3554],"product_cat":[1436,1448],"product_tag":[],"class_list":{"0":"post-576186","1":"product","2":"type-product","3":"status-publish","4":"has-post-thumbnail","6":"product_brand-stihl-de","7":"product_cat-kraftstoffe-und-ole","8":"product_cat-schmiermittel","10":"first","11":"instock","12":"shipping-taxable","13":"product-type-variable"},"_links":{"self":[{"href":"https:\/\/lucacastelli.com\/de\/wp-json\/wp\/v2\/product\/576186","targetHints":{"allow":["GET"]}}],"collection":[{"href":"https:\/\/lucacastelli.com\/de\/wp-json\/wp\/v2\/product"}],"about":[{"href":"https:\/\/lucacastelli.com\/de\/wp-json\/wp\/v2\/types\/product"}],"wp:featuredmedia":[{"embeddable":true,"href":"https:\/\/lucacastelli.com\/de\/wp-json\/wp\/v2\/media\/576180"}],"wp:attachment":[{"href":"https:\/\/lucacastelli.com\/de\/wp-json\/wp\/v2\/media?parent=576186"}],"wp:term":[{"taxonomy":"product_brand","embeddable":true,"href":"https:\/\/lucacastelli.com\/de\/wp-json\/wp\/v2\/product_brand?post=576186"},{"taxonomy":"product_cat","embeddable":true,"href":"https:\/\/lucacastelli.com\/de\/wp-json\/wp\/v2\/product_cat?post=576186"},{"taxonomy":"product_tag","embeddable":true,"href":"https:\/\/lucacastelli.com\/de\/wp-json\/wp\/v2\/product_tag?post=576186"}],"curies":[{"name":"wp","href":"https:\/\/api.w.org\/{rel}","templated":true}]}}