{"id":575393,"date":"2025-08-04T09:13:08","date_gmt":"2025-08-04T07:13:08","guid":{"rendered":"https:\/\/lucacastelli.com\/prodotto\/stihl-install-kit-1-imow-2\/"},"modified":"2025-08-04T09:13:12","modified_gmt":"2025-08-04T07:13:12","slug":"stihl-install-kit-1-imow-2","status":"publish","type":"product","link":"https:\/\/lucacastelli.com\/de\/produkt\/stihl-install-kit-1-imow-2\/","title":{"rendered":"STIHL INSTALL KIT 1 IMOW"},"content":{"rendered":"<p>INSTALL KIT 1 IMOW\u00ae: ZUR BEGRENZUNG DES ARBEITSBEREICHES<br \/>\nMit dem Installations-Kit STIHL Install KIT 1 iMOW\u00ae k\u00f6nnen Sie kleine bis mittlere Gr\u00fcnfl\u00e4chen selbst f\u00fcr den Betrieb Ihres STIHL iMOW\u00ae M\u00e4hroboters vorbereiten und den gew\u00fcnschten Arbeitsbereich f\u00fcr den M\u00e4heinsatz definieren. Dazu verlegen Sie das Begrenzungskabel am Rand der Rasenfl\u00e4che und fixieren es anschlie\u00dfend mit den dazugeh\u00f6rigen N\u00e4geln. Den korrekten Abstand, den Sie beim Verlegen zum Rand der M\u00e4hfl\u00e4che einhalten sollten, finden Sie in der Bedienungsanleitung Ihres STIHL iMOW\u00ae M\u00e4hroboters.<\/p>\n<p>Das STIHL Install KIT 1 iMOW\u00ae enth\u00e4lt eine 150 m Rolle STIHL ARB 151 Begrenzungsdraht (\u00d8 3,4 mm) f\u00fcr das Festlegen des Arbeitsbereiches, 250 Fixiern\u00e4gel STIHL AFN 075 zur Verankerung des Drahts und 3 Drahtverbinder STIHL ADV 010 f\u00fcr die Verbindung mehrerer Drahtsegmente sowie Kabelmarkierungen. Dieses Kit k\u00f6nnen Sie zusammen mit Ihrem STIHL iMOW\u00ae M\u00e4hroboter installieren.<\/p>\n<p>Selbstverst\u00e4ndlich k\u00f6nnen Sie auch weiterhin die Vorbereitung und Installation Ihres iMOW\u00ae M\u00e4hroboters durch Ihren STIHL Fachhandel vor Ort vornehmen lassen.<\/p>\n<p>Install KIT 1 iMOW\u00ae f\u00fcr STIHL iMOW\u00ae M\u00e4hroboter<br \/>\nDefiniert die Au\u00dfengrenze der zu bearbeitenden Rasenfl\u00e4che<br \/>\nGeeignet f\u00fcr kleinere und mittlere Rasenfl\u00e4chen<br \/>\nEnth\u00e4lt 150 m Draht, 250 Fixiern\u00e4gel, 3 Drahtverbinder und Kabelmarkierungen<br \/>\nPassend f\u00fcr alle STIHL iMOW\u00ae Modelle<\/p>\n","protected":false},"excerpt":{"rendered":"<p>INSTALL KIT 1 IMOW\u00ae: ZUR BEGRENZUNG DES ARBEITSBEREICHES Mit dem Installations-Kit STIHL Install KIT 1 iMOW\u00ae k\u00f6nnen Sie kleine bis<\/p>\n","protected":false},"featured_media":575386,"template":"","meta":{"_seopress_robots_primary_cat":"","_seopress_titles_title":"","_seopress_titles_desc":"","_seopress_robots_index":""},"product_brand":[3366],"product_cat":[29,262,278],"product_tag":[],"class_list":{"0":"post-575393","1":"product","2":"type-product","3":"status-publish","4":"has-post-thumbnail","6":"product_brand-stihl","7":"product_cat-macchinari","8":"product_cat-tosaerba-e-robot","9":"product_cat-robot-tosaerba","11":"first","12":"onbackorder","13":"shipping-taxable","14":"purchasable","15":"product-type-simple"},"_links":{"self":[{"href":"https:\/\/lucacastelli.com\/de\/wp-json\/wp\/v2\/product\/575393","targetHints":{"allow":["GET"]}}],"collection":[{"href":"https:\/\/lucacastelli.com\/de\/wp-json\/wp\/v2\/product"}],"about":[{"href":"https:\/\/lucacastelli.com\/de\/wp-json\/wp\/v2\/types\/product"}],"wp:featuredmedia":[{"embeddable":true,"href":"https:\/\/lucacastelli.com\/de\/wp-json\/wp\/v2\/media\/575386"}],"wp:attachment":[{"href":"https:\/\/lucacastelli.com\/de\/wp-json\/wp\/v2\/media?parent=575393"}],"wp:term":[{"taxonomy":"product_brand","embeddable":true,"href":"https:\/\/lucacastelli.com\/de\/wp-json\/wp\/v2\/product_brand?post=575393"},{"taxonomy":"product_cat","embeddable":true,"href":"https:\/\/lucacastelli.com\/de\/wp-json\/wp\/v2\/product_cat?post=575393"},{"taxonomy":"product_tag","embeddable":true,"href":"https:\/\/lucacastelli.com\/de\/wp-json\/wp\/v2\/product_tag?post=575393"}],"curies":[{"name":"wp","href":"https:\/\/api.w.org\/{rel}","templated":true}]}}