{"id":575138,"date":"2025-08-04T09:01:55","date_gmt":"2025-08-04T07:01:55","guid":{"rendered":"https:\/\/lucacastelli.com\/prodotto\/stihl-hse-42-2\/"},"modified":"2025-08-04T09:01:59","modified_gmt":"2025-08-04T07:01:59","slug":"stihl-hse-42-2","status":"publish","type":"product","link":"https:\/\/lucacastelli.com\/de\/produkt\/stihl-hse-42-2\/","title":{"rendered":"STIHL HSE 42"},"content":{"rendered":"<p>Sehr leichte und handliche Elektro-Heckenschere zum ger\u00e4uscharmen Trimmen und Schneiden von Zweigen und d\u00fcnnen \u00c4sten. Zweihandschaltung mit Schalthebelsperre.<\/p>\n<table class=\"technical_data\">\n<thead>\n<tr>\n<th class=\"col1\">Technische Daten<\/th>\n<th class=\"col2\">Wert<\/th>\n<\/tr>\n<\/thead>\n<tbody>\n<tr class=\"\">\n<td class=\"col1\">\n                            Schnittl\u00e4nge<\/p>\n<p>                            cm<\/p>\n<\/td>\n<td class=\"col2\">\n                            45<\/p>\n<\/td>\n<\/tr>\n<tr class=\"odd\">\n<td class=\"col1\">\n                            Nennspannung<\/p>\n<p>                            V<\/p>\n<\/td>\n<td class=\"col2\">\n                            220-240<\/p>\n<\/td>\n<\/tr>\n<tr class=\"\">\n<td class=\"col1\">\n                            Leistungsaufnahme<\/p>\n<p>                            W<\/p>\n<\/td>\n<td class=\"col2\">\n                            420<\/p>\n<\/td>\n<\/tr>\n<tr class=\"odd\">\n<td class=\"col1\">\n                            Gewicht<\/p>\n<p>                            kg<br \/>\n                            <sup>1)<\/sup><\/p>\n<\/td>\n<td class=\"col2\">\n                            3<\/p>\n<\/td>\n<\/tr>\n<tr class=\"\">\n<td class=\"col1\">\n                            Schalldruckpegel<\/p>\n<p>                            dB(A)<br \/>\n                            <sup>2)<\/sup><\/p>\n<\/td>\n<td class=\"col2\">\n                            84<\/p>\n<\/td>\n<\/tr>\n<tr class=\"odd\">\n<td class=\"col1\">\n                            Schallleistungspegel<\/p>\n<p>                            dB(A)<br \/>\n                            <sup>3)<\/sup><\/p>\n<\/td>\n<td class=\"col2\">\n                            95<\/p>\n<\/td>\n<\/tr>\n<tr class=\"\">\n<td class=\"col1\">\n                            Vibrationswert links\/rechts<\/p>\n<p>                            m\/s\u00b2<br \/>\n                            <sup>4)<\/sup><\/p>\n<\/td>\n<td class=\"col2\">\n                            3,1\/1,5<\/p>\n<\/td>\n<\/tr>\n<tr class=\"odd\">\n<td class=\"col1\">\n                            Gesamtl\u00e4nge<\/p>\n<p>                            cm<\/p>\n<\/td>\n<td class=\"col2\">\n                            92<\/p>\n<\/td>\n<\/tr>\n<tr class=\"\">\n<td class=\"col1\">\n                            Zahnabstand<\/p>\n<p>                            mm<\/p>\n<\/td>\n<td class=\"col2\">\n                            21<\/p>\n<\/td>\n<\/tr>\n<\/tbody>\n<\/table>\n","protected":false},"excerpt":{"rendered":"<p>Sehr leichte und handliche Elektro-Heckenschere zum ger\u00e4uscharmen Trimmen und Schneiden von Zweigen und d\u00fcnnen \u00c4sten. Zweihandschaltung mit Schalthebelsperre. Technische Daten<\/p>\n","protected":false},"featured_media":575132,"template":"","meta":{"_seopress_robots_primary_cat":"","_seopress_titles_title":"","_seopress_titles_desc":"","_seopress_robots_index":""},"product_brand":[3366],"product_cat":[29,501,267],"product_tag":[],"class_list":{"0":"post-575138","1":"product","2":"type-product","3":"status-publish","4":"has-post-thumbnail","6":"product_brand-stihl","7":"product_cat-macchinari","8":"product_cat-tosasiepi-e-potatori-elettrici","9":"product_cat-tosasiepi-e-potatori","11":"first","12":"instock","13":"shipping-taxable","14":"purchasable","15":"product-type-simple"},"_links":{"self":[{"href":"https:\/\/lucacastelli.com\/de\/wp-json\/wp\/v2\/product\/575138","targetHints":{"allow":["GET"]}}],"collection":[{"href":"https:\/\/lucacastelli.com\/de\/wp-json\/wp\/v2\/product"}],"about":[{"href":"https:\/\/lucacastelli.com\/de\/wp-json\/wp\/v2\/types\/product"}],"wp:featuredmedia":[{"embeddable":true,"href":"https:\/\/lucacastelli.com\/de\/wp-json\/wp\/v2\/media\/575132"}],"wp:attachment":[{"href":"https:\/\/lucacastelli.com\/de\/wp-json\/wp\/v2\/media?parent=575138"}],"wp:term":[{"taxonomy":"product_brand","embeddable":true,"href":"https:\/\/lucacastelli.com\/de\/wp-json\/wp\/v2\/product_brand?post=575138"},{"taxonomy":"product_cat","embeddable":true,"href":"https:\/\/lucacastelli.com\/de\/wp-json\/wp\/v2\/product_cat?post=575138"},{"taxonomy":"product_tag","embeddable":true,"href":"https:\/\/lucacastelli.com\/de\/wp-json\/wp\/v2\/product_tag?post=575138"}],"curies":[{"name":"wp","href":"https:\/\/api.w.org\/{rel}","templated":true}]}}