{"id":575103,"date":"2025-08-04T09:01:30","date_gmt":"2025-08-04T07:01:30","guid":{"rendered":"https:\/\/lucacastelli.com\/prodotto\/stihl-nano-da-giardino-2\/"},"modified":"2025-11-28T12:30:03","modified_gmt":"2025-11-28T11:30:03","slug":"stihl-nano-da-giardino-2","status":"publish","type":"product","link":"https:\/\/lucacastelli.com\/de\/produkt\/stihl-nano-da-giardino-2\/","title":{"rendered":"STIHL Nano da giardino"},"content":{"rendered":"<p>Dieser Gartenzwerg mit STIHL Motors\u00e4ge im Anschlag geh\u00f6rt in jeden Vorgarten\u2009! Der rund 20 cm gro\u00dfe Wichtel mit Arbeitshose, Karohemd, Hosentr\u00e4gern, obligatorischer Zipfelm\u00fctze und vielen weiteren liebevoll herausgearbeiteten Details macht Spa\u00df und ist die Zierde eines jeden Blumenbeets.<\/p>\n","protected":false},"excerpt":{"rendered":"<p>Dieser Gartenzwerg mit STIHL Motors\u00e4ge im Anschlag geh\u00f6rt in jeden Vorgarten\u2009! Der rund 20 cm gro\u00dfe Wichtel mit Arbeitshose, Karohemd,<\/p>\n","protected":false},"featured_media":575093,"template":"","meta":{"_seopress_robots_primary_cat":"","_seopress_titles_title":"","_seopress_titles_desc":"","_seopress_robots_index":""},"product_brand":[3554],"product_cat":[1478],"product_tag":[],"class_list":{"0":"post-575103","1":"product","2":"type-product","3":"status-publish","4":"has-post-thumbnail","6":"product_brand-stihl-de","7":"product_cat-shop-de","9":"first","10":"onbackorder","11":"shipping-taxable","12":"purchasable","13":"product-type-simple"},"_links":{"self":[{"href":"https:\/\/lucacastelli.com\/de\/wp-json\/wp\/v2\/product\/575103","targetHints":{"allow":["GET"]}}],"collection":[{"href":"https:\/\/lucacastelli.com\/de\/wp-json\/wp\/v2\/product"}],"about":[{"href":"https:\/\/lucacastelli.com\/de\/wp-json\/wp\/v2\/types\/product"}],"wp:featuredmedia":[{"embeddable":true,"href":"https:\/\/lucacastelli.com\/de\/wp-json\/wp\/v2\/media\/575093"}],"wp:attachment":[{"href":"https:\/\/lucacastelli.com\/de\/wp-json\/wp\/v2\/media?parent=575103"}],"wp:term":[{"taxonomy":"product_brand","embeddable":true,"href":"https:\/\/lucacastelli.com\/de\/wp-json\/wp\/v2\/product_brand?post=575103"},{"taxonomy":"product_cat","embeddable":true,"href":"https:\/\/lucacastelli.com\/de\/wp-json\/wp\/v2\/product_cat?post=575103"},{"taxonomy":"product_tag","embeddable":true,"href":"https:\/\/lucacastelli.com\/de\/wp-json\/wp\/v2\/product_tag?post=575103"}],"curies":[{"name":"wp","href":"https:\/\/api.w.org\/{rel}","templated":true}]}}