{"id":574817,"date":"2025-08-04T08:49:00","date_gmt":"2025-08-04T06:49:00","guid":{"rendered":"https:\/\/lucacastelli.com\/prodotto\/stihl-pantaloni-fs-protect-2\/"},"modified":"2026-03-02T09:20:45","modified_gmt":"2026-03-02T08:20:45","slug":"stihl-pantaloni-fs-protect-2","status":"publish","type":"product","link":"https:\/\/lucacastelli.com\/de\/produkt\/stihl-pantaloni-fs-protect-2\/","title":{"rendered":"STIHL Hose FS PROTECT"},"content":{"rendered":"<p>Schutzhose f\u00fcr den Freischneider<\/p>\n<p>Obermaterial: 65 % Polyester, 35 % Baumwolle, Innenfutter: 100 % Polyester<\/p>\n<p>Mit atmungsaktivem Aufprallschutz. Farbe gr\u00fcn, lange hintere Bel\u00fcftungs\u00f6ffnungen, \u00d6sen f\u00fcr FS-Hosentr\u00e4ger, viele praktische Taschen.<\/p>\n","protected":false},"excerpt":{"rendered":"<p>Schutzhose f\u00fcr den Freischneider Obermaterial: 65 % Polyester, 35 % Baumwolle, Innenfutter: 100 % Polyester Mit atmungsaktivem Aufprallschutz. Farbe gr\u00fcn,<\/p>\n","protected":false},"featured_media":574803,"template":"","meta":{"_seopress_robots_primary_cat":"","_seopress_titles_title":"","_seopress_titles_desc":"","_seopress_robots_index":""},"product_brand":[3366],"product_cat":[21,284],"product_tag":[],"class_list":{"0":"post-574817","1":"product","2":"type-product","3":"status-publish","4":"has-post-thumbnail","6":"product_brand-stihl","7":"product_cat-abbigliamento","8":"product_cat-abbigliamento-da-lavoro","9":"sws-gruppo-abb-libero-de","10":"sws-conto-ricavi-merci-rivendita-abbigliamento-de","11":"sws-gruppo-iva-iva81-de","13":"first","14":"instock","15":"shipping-taxable","16":"purchasable","17":"product-type-variable"},"_links":{"self":[{"href":"https:\/\/lucacastelli.com\/de\/wp-json\/wp\/v2\/product\/574817","targetHints":{"allow":["GET"]}}],"collection":[{"href":"https:\/\/lucacastelli.com\/de\/wp-json\/wp\/v2\/product"}],"about":[{"href":"https:\/\/lucacastelli.com\/de\/wp-json\/wp\/v2\/types\/product"}],"wp:featuredmedia":[{"embeddable":true,"href":"https:\/\/lucacastelli.com\/de\/wp-json\/wp\/v2\/media\/574803"}],"wp:attachment":[{"href":"https:\/\/lucacastelli.com\/de\/wp-json\/wp\/v2\/media?parent=574817"}],"wp:term":[{"taxonomy":"product_brand","embeddable":true,"href":"https:\/\/lucacastelli.com\/de\/wp-json\/wp\/v2\/product_brand?post=574817"},{"taxonomy":"product_cat","embeddable":true,"href":"https:\/\/lucacastelli.com\/de\/wp-json\/wp\/v2\/product_cat?post=574817"},{"taxonomy":"product_tag","embeddable":true,"href":"https:\/\/lucacastelli.com\/de\/wp-json\/wp\/v2\/product_tag?post=574817"}],"curies":[{"name":"wp","href":"https:\/\/api.w.org\/{rel}","templated":true}]}}