{"id":574289,"date":"2025-08-04T08:26:25","date_gmt":"2025-08-04T06:26:25","guid":{"rendered":"https:\/\/lucacastelli.com\/prodotto\/stihl-pantaloni-advance-x-flex-2\/"},"modified":"2025-09-05T16:34:26","modified_gmt":"2025-09-05T14:34:26","slug":"stihl-pantaloni-advance-x-flex-2","status":"publish","type":"product","link":"https:\/\/lucacastelli.com\/de\/produkt\/stihl-pantaloni-advance-x-flex-2\/","title":{"rendered":"STIHL ADVANCE X-FLEX Hose"},"content":{"rendered":"<p>Exklusiv f\u00fcr STIHL aus dem ultraleichten und extrem atmungsaktiven AVERTIC\u2122 pro lite-Schnittschutzmaterial hergestellt: Dieses sechslagige Material ist 20 % leichter als bisherige sechslagige Eins\u00e4tze. Farbe schwarz und signalorange, spezielle Schrittstruktur f\u00fcr mehr Bewegungsfreiheit, besonders robustes, dehnbares und atmungsaktives Au\u00dfenmaterial, dehnbarer und wasserdichter Knieschutz, Schutz vor Dornen und N\u00e4sse im Unterschenkelbereich, schmutzabweisend, lange Rei\u00dfverschl\u00fcsse zur Bel\u00fcftung im hinteren Beinbereich. <\/p>\n<p>Hose, Schutzstufe 1, Ausf\u00fchrung A (EN ISO 11393)<\/p>\n","protected":false},"excerpt":{"rendered":"<p>Exklusiv f\u00fcr STIHL aus dem ultraleichten und extrem atmungsaktiven AVERTIC\u2122 pro lite-Schnittschutzmaterial hergestellt: Dieses sechslagige Material ist 20 % leichter<\/p>\n","protected":false},"featured_media":574271,"template":"","meta":{"_seopress_robots_primary_cat":"","_seopress_titles_title":"","_seopress_titles_desc":"","_seopress_robots_index":""},"product_brand":[3554],"product_cat":[1382,82],"product_tag":[],"class_list":{"0":"post-574289","1":"product","2":"type-product","3":"status-publish","4":"has-post-thumbnail","6":"product_brand-stihl-de","7":"product_cat-arbeitskleidung","8":"product_cat-kleidung","9":"sws-gruppo-abb-libero-de","10":"sws-conto-ricavi-merci-rivendita-abbigliamento-de","11":"sws-gruppo-iva-iva81-de","13":"first","14":"onbackorder","15":"shipping-taxable","16":"purchasable","17":"product-type-variable"},"_links":{"self":[{"href":"https:\/\/lucacastelli.com\/de\/wp-json\/wp\/v2\/product\/574289","targetHints":{"allow":["GET"]}}],"collection":[{"href":"https:\/\/lucacastelli.com\/de\/wp-json\/wp\/v2\/product"}],"about":[{"href":"https:\/\/lucacastelli.com\/de\/wp-json\/wp\/v2\/types\/product"}],"wp:featuredmedia":[{"embeddable":true,"href":"https:\/\/lucacastelli.com\/de\/wp-json\/wp\/v2\/media\/574271"}],"wp:attachment":[{"href":"https:\/\/lucacastelli.com\/de\/wp-json\/wp\/v2\/media?parent=574289"}],"wp:term":[{"taxonomy":"product_brand","embeddable":true,"href":"https:\/\/lucacastelli.com\/de\/wp-json\/wp\/v2\/product_brand?post=574289"},{"taxonomy":"product_cat","embeddable":true,"href":"https:\/\/lucacastelli.com\/de\/wp-json\/wp\/v2\/product_cat?post=574289"},{"taxonomy":"product_tag","embeddable":true,"href":"https:\/\/lucacastelli.com\/de\/wp-json\/wp\/v2\/product_tag?post=574289"}],"curies":[{"name":"wp","href":"https:\/\/api.w.org\/{rel}","templated":true}]}}