{"id":574265,"date":"2025-08-04T08:26:07","date_gmt":"2025-08-04T06:26:07","guid":{"rendered":"https:\/\/lucacastelli.com\/prodotto\/stihl-portachiavi-boscaiolo-2\/"},"modified":"2025-08-04T08:26:11","modified_gmt":"2025-08-04T06:26:11","slug":"stihl-portachiavi-boscaiolo-2","status":"publish","type":"product","link":"https:\/\/lucacastelli.com\/de\/produkt\/stihl-portachiavi-boscaiolo-2\/","title":{"rendered":"STIHL Portachiavi boscaiolo"},"content":{"rendered":"<p>Der besondere Schl\u00fcsselanh\u00e4nger in Form eines Holzf\u00e4llers: Liebevolle Details wie Helm, Geh\u00f6rschutz und Motors\u00e4ge machen ihn zum neuen Lieblingsaccessoire f\u00fcr jeden STIHL Liebhaber.<\/p>\n","protected":false},"excerpt":{"rendered":"<p>Der besondere Schl\u00fcsselanh\u00e4nger in Form eines Holzf\u00e4llers: Liebevolle Details wie Helm, Geh\u00f6rschutz und Motors\u00e4ge machen ihn zum neuen Lieblingsaccessoire f\u00fcr<\/p>\n","protected":false},"featured_media":574259,"template":"","meta":{"_seopress_robots_primary_cat":"","_seopress_titles_title":"","_seopress_titles_desc":"","_seopress_robots_index":""},"product_brand":[3366],"product_cat":[1103],"product_tag":[],"class_list":{"0":"post-574265","1":"product","2":"type-product","3":"status-publish","4":"has-post-thumbnail","6":"product_brand-stihl","7":"product_cat-shops","9":"first","10":"instock","11":"shipping-taxable","12":"purchasable","13":"product-type-simple"},"_links":{"self":[{"href":"https:\/\/lucacastelli.com\/de\/wp-json\/wp\/v2\/product\/574265","targetHints":{"allow":["GET"]}}],"collection":[{"href":"https:\/\/lucacastelli.com\/de\/wp-json\/wp\/v2\/product"}],"about":[{"href":"https:\/\/lucacastelli.com\/de\/wp-json\/wp\/v2\/types\/product"}],"wp:featuredmedia":[{"embeddable":true,"href":"https:\/\/lucacastelli.com\/de\/wp-json\/wp\/v2\/media\/574259"}],"wp:attachment":[{"href":"https:\/\/lucacastelli.com\/de\/wp-json\/wp\/v2\/media?parent=574265"}],"wp:term":[{"taxonomy":"product_brand","embeddable":true,"href":"https:\/\/lucacastelli.com\/de\/wp-json\/wp\/v2\/product_brand?post=574265"},{"taxonomy":"product_cat","embeddable":true,"href":"https:\/\/lucacastelli.com\/de\/wp-json\/wp\/v2\/product_cat?post=574265"},{"taxonomy":"product_tag","embeddable":true,"href":"https:\/\/lucacastelli.com\/de\/wp-json\/wp\/v2\/product_tag?post=574265"}],"curies":[{"name":"wp","href":"https:\/\/api.w.org\/{rel}","templated":true}]}}