{"id":573517,"date":"2025-08-04T07:53:18","date_gmt":"2025-08-04T05:53:18","guid":{"rendered":"https:\/\/lucacastelli.com\/prodotto\/stihl-portachiavi-casco-2\/"},"modified":"2025-08-04T07:53:22","modified_gmt":"2025-08-04T05:53:22","slug":"stihl-portachiavi-casco-2","status":"publish","type":"product","link":"https:\/\/lucacastelli.com\/de\/produkt\/stihl-portachiavi-casco-2\/","title":{"rendered":"STIHL Portachiavi casco"},"content":{"rendered":"<p>Der Schl\u00fcsselanh\u00e4nger in Helmform ist ein echter Hingucker \u2013 und praktisch zugleich. Der Miniaturhelm ist aus robustem Acryl gefertigt, Schl\u00fcsselring und Schl\u00fcsselkette aus glanzverzinktem Stahl. Der praktische Keyholder im Sicherheitshelm-Design ist ein Muss f\u00fcr jeden Fan.<\/p>\n","protected":false},"excerpt":{"rendered":"<p>Der Schl\u00fcsselanh\u00e4nger in Helmform ist ein echter Hingucker \u2013 und praktisch zugleich. Der Miniaturhelm ist aus robustem Acryl gefertigt, Schl\u00fcsselring<\/p>\n","protected":false},"featured_media":573507,"template":"","meta":{"_seopress_robots_primary_cat":"","_seopress_titles_title":"","_seopress_titles_desc":"","_seopress_robots_index":""},"product_brand":[3366],"product_cat":[1103],"product_tag":[],"class_list":{"0":"post-573517","1":"product","2":"type-product","3":"status-publish","4":"has-post-thumbnail","6":"product_brand-stihl","7":"product_cat-shops","9":"first","10":"onbackorder","11":"shipping-taxable","12":"purchasable","13":"product-type-simple"},"_links":{"self":[{"href":"https:\/\/lucacastelli.com\/de\/wp-json\/wp\/v2\/product\/573517","targetHints":{"allow":["GET"]}}],"collection":[{"href":"https:\/\/lucacastelli.com\/de\/wp-json\/wp\/v2\/product"}],"about":[{"href":"https:\/\/lucacastelli.com\/de\/wp-json\/wp\/v2\/types\/product"}],"wp:featuredmedia":[{"embeddable":true,"href":"https:\/\/lucacastelli.com\/de\/wp-json\/wp\/v2\/media\/573507"}],"wp:attachment":[{"href":"https:\/\/lucacastelli.com\/de\/wp-json\/wp\/v2\/media?parent=573517"}],"wp:term":[{"taxonomy":"product_brand","embeddable":true,"href":"https:\/\/lucacastelli.com\/de\/wp-json\/wp\/v2\/product_brand?post=573517"},{"taxonomy":"product_cat","embeddable":true,"href":"https:\/\/lucacastelli.com\/de\/wp-json\/wp\/v2\/product_cat?post=573517"},{"taxonomy":"product_tag","embeddable":true,"href":"https:\/\/lucacastelli.com\/de\/wp-json\/wp\/v2\/product_tag?post=573517"}],"curies":[{"name":"wp","href":"https:\/\/api.w.org\/{rel}","templated":true}]}}