{"id":573456,"date":"2025-08-04T07:52:31","date_gmt":"2025-08-04T05:52:31","guid":{"rendered":"https:\/\/lucacastelli.com\/prodotto\/stihl-spranga-guida-rollomatic-e-2\/"},"modified":"2026-03-02T09:19:24","modified_gmt":"2026-03-02T08:19:24","slug":"stihl-spranga-guida-rollomatic-e-2","status":"publish","type":"product","link":"https:\/\/lucacastelli.com\/de\/produkt\/stihl-spranga-guida-rollomatic-e-2\/","title":{"rendered":"STIHL ROLLOMATIC E F\u00fchrungsstange"},"content":{"rendered":"<p>Mini:<br \/>\nBesonders schmale Schiene. F\u00fcr feingliedrige Ketten mit Treibgliedst\u00e4rke von 1,1 mm. <\/p>\n<p>Standard:<br \/>\nK\u00f6rper aus drei elektroverschwei\u00dften Metallblechen, wobei das mittlere Blech einen gro\u00dfen Hohlraum aufweist. Geringes Gewicht, hohe Stabilit\u00e4t, erh\u00e4ltlich mit kleinem oder gro\u00dfem Kopf. Wartungsfrei dank geschlossenem Lager des Umlenkrads.  <\/p>\n","protected":false},"excerpt":{"rendered":"<p>Mini: Besonders schmale Schiene. F\u00fcr feingliedrige Ketten mit Treibgliedst\u00e4rke von 1,1 mm. Standard: K\u00f6rper aus drei elektroverschwei\u00dften Metallblechen, wobei das<\/p>\n","protected":false},"featured_media":573449,"template":"","meta":{"_seopress_robots_primary_cat":"none","_seopress_titles_title":"","_seopress_titles_desc":"","_seopress_robots_index":""},"product_brand":[3366],"product_cat":[29,268,524],"product_tag":[],"class_list":{"0":"post-573456","1":"product","2":"type-product","3":"status-publish","4":"has-post-thumbnail","6":"product_brand-stihl","7":"product_cat-macchinari","8":"product_cat-motoseghe","9":"product_cat-spranghe-guida","10":"sws-gruppo-macchinari-de","11":"sws-conto-ricavi-merci-rivendita-macchinari-de","12":"sws-gruppo-iva-iva81-de","14":"first","15":"instock","16":"shipping-taxable","17":"purchasable","18":"product-type-variable"},"_links":{"self":[{"href":"https:\/\/lucacastelli.com\/de\/wp-json\/wp\/v2\/product\/573456","targetHints":{"allow":["GET"]}}],"collection":[{"href":"https:\/\/lucacastelli.com\/de\/wp-json\/wp\/v2\/product"}],"about":[{"href":"https:\/\/lucacastelli.com\/de\/wp-json\/wp\/v2\/types\/product"}],"wp:featuredmedia":[{"embeddable":true,"href":"https:\/\/lucacastelli.com\/de\/wp-json\/wp\/v2\/media\/573449"}],"wp:attachment":[{"href":"https:\/\/lucacastelli.com\/de\/wp-json\/wp\/v2\/media?parent=573456"}],"wp:term":[{"taxonomy":"product_brand","embeddable":true,"href":"https:\/\/lucacastelli.com\/de\/wp-json\/wp\/v2\/product_brand?post=573456"},{"taxonomy":"product_cat","embeddable":true,"href":"https:\/\/lucacastelli.com\/de\/wp-json\/wp\/v2\/product_cat?post=573456"},{"taxonomy":"product_tag","embeddable":true,"href":"https:\/\/lucacastelli.com\/de\/wp-json\/wp\/v2\/product_tag?post=573456"}],"curies":[{"name":"wp","href":"https:\/\/api.w.org\/{rel}","templated":true}]}}