{"id":573422,"date":"2025-08-04T07:51:53","date_gmt":"2025-08-04T05:51:53","guid":{"rendered":"https:\/\/lucacastelli.com\/prodotto\/stihl-spranga-guida-duromatic-e-2\/"},"modified":"2026-03-02T09:21:24","modified_gmt":"2026-03-02T08:21:24","slug":"stihl-spranga-guida-duromatic-e-2","status":"publish","type":"product","link":"https:\/\/lucacastelli.com\/de\/produkt\/stihl-spranga-guida-duromatic-e-2\/","title":{"rendered":"STIHL DUROMATIC E F\u00fchrungsschiene"},"content":{"rendered":"<p>Vollintegrale Schiene f\u00fcr Arbeiten mit mittelstarken und leistungsstarken Motors\u00e4gen. Extrem robust, Schienenspitze mit Hartmetallbeschichtung gesch\u00fctzt, STIHL Ematic-System mit schr\u00e4gem \u00d6lbohrung f\u00fcr optimale Schmierung. <\/p>\n","protected":false},"excerpt":{"rendered":"<p>Vollintegrale Schiene f\u00fcr Arbeiten mit mittelstarken und leistungsstarken Motors\u00e4gen. Extrem robust, Schienenspitze mit Hartmetallbeschichtung gesch\u00fctzt, STIHL Ematic-System mit schr\u00e4gem \u00d6lbohrung<\/p>\n","protected":false},"featured_media":573415,"template":"","meta":{"_seopress_robots_primary_cat":"none","_seopress_titles_title":"","_seopress_titles_desc":"","_seopress_robots_index":""},"product_brand":[3554],"product_cat":[1618,1612,169],"product_tag":[],"class_list":{"0":"post-573422","1":"product","2":"type-product","3":"status-publish","4":"has-post-thumbnail","6":"product_brand-stihl-de","7":"product_cat-fuhrungsschienen","8":"product_cat-kettensagen","9":"product_cat-maschinen","10":"sws-gruppo-macchinari-de","11":"sws-conto-ricavi-merci-rivendita-macchinari-de","12":"sws-gruppo-iva-iva81-de","14":"first","15":"onbackorder","16":"shipping-taxable","17":"purchasable","18":"product-type-variable"},"_links":{"self":[{"href":"https:\/\/lucacastelli.com\/de\/wp-json\/wp\/v2\/product\/573422","targetHints":{"allow":["GET"]}}],"collection":[{"href":"https:\/\/lucacastelli.com\/de\/wp-json\/wp\/v2\/product"}],"about":[{"href":"https:\/\/lucacastelli.com\/de\/wp-json\/wp\/v2\/types\/product"}],"wp:featuredmedia":[{"embeddable":true,"href":"https:\/\/lucacastelli.com\/de\/wp-json\/wp\/v2\/media\/573415"}],"wp:attachment":[{"href":"https:\/\/lucacastelli.com\/de\/wp-json\/wp\/v2\/media?parent=573422"}],"wp:term":[{"taxonomy":"product_brand","embeddable":true,"href":"https:\/\/lucacastelli.com\/de\/wp-json\/wp\/v2\/product_brand?post=573422"},{"taxonomy":"product_cat","embeddable":true,"href":"https:\/\/lucacastelli.com\/de\/wp-json\/wp\/v2\/product_cat?post=573422"},{"taxonomy":"product_tag","embeddable":true,"href":"https:\/\/lucacastelli.com\/de\/wp-json\/wp\/v2\/product_tag?post=573422"}],"curies":[{"name":"wp","href":"https:\/\/api.w.org\/{rel}","templated":true}]}}