{"id":571928,"date":"2025-08-07T06:27:22","date_gmt":"2025-08-07T04:27:22","guid":{"rendered":"https:\/\/lucacastelli.com\/?post_type=product&#038;p=571928"},"modified":"2026-01-04T17:57:38","modified_gmt":"2026-01-04T16:57:38","slug":"milwaukee-lanterna-led-da-terra-m18-one-key-e-caricabatterie-batteria-corrente","status":"publish","type":"product","link":"https:\/\/lucacastelli.com\/de\/produkt\/milwaukee-lanterna-led-da-terra-m18-one-key-e-caricabatterie-batteria-corrente\/","title":{"rendered":"MILWAUKEE Lanterna LED da terra M18\u2122 ONE-KEY\u2122 e caricabatterie Batteria\/Corrente"},"content":{"rendered":"<p>M18 ONESLDP-0\/ILLUMINAZIONE IN3<br \/>\nPossibilit\u00e0 di regolare l&#8217;intensit\u00e0 luminosa da 0 &#8211; 9000 lumen;La tecnologia ONE-KEY\u2122 consente di personalizzare la luce e di controllarla con lo smartphone fino ad una distanza di 30 m;Il sistema ONE-KEY\u2122 Tracking &#038; Security offre gratuitamente un servizio di tracciamento e gestione dell&#8217;inventario basata su cloud, disponendo anche di funzionalit\u00e0 di blocco a distanza;Dotato di cavo per alimentazione a corrente e con Funzione Caricabatterie: ricarica tutte le batterie M18\u2122 (quando alimentato a corrente);Funziona tramite batteria M18\u2122 REDLITHIUM\u2122 o cavo da 2,5 metri;L&#8217;uscita AC permette di collegare pi\u00f9 fari in serie;Lenti in policarbonato per resistere alle difficili condizioni del cantiere;Protezione da acqua e povere IP54;L&#8217;illuminazione professionale MILWAUKEE\u00ae TRUEVIEW\u2122 consente una grande visibilit\u00e0 dei dettagli ed una fedele rappresentazione dei colori, in pi\u00f9 reduce I riflessi e le ombre;Il vano per la batteria la protegge dal furto (la serratura non \u00e8 inclusa);Personalizzazione ONE-KEY\u2122: Possibilit\u00e0 di regolare tramite app la luminosit\u00e0 dell&#8217;utensile (0-9000 lumen), il tipo di luce (frontale, posteriore, entrambe) e di programmare l&#8217;accensione e lo spegnimento del faro in determinati giorni e orari;Funziona con tutte le batterie M18\u2122 MILWAUKEE\u00ae<\/p>\n<p>4933459160<br \/>\n4002395287154<\/p>\n","protected":false},"excerpt":{"rendered":"<p>M18 ONESLDP-0\/ILLUMINAZIONE IN3<\/p>\n","protected":false},"featured_media":571929,"template":"","meta":{"_seopress_robots_primary_cat":"","_seopress_titles_title":"","_seopress_titles_desc":"","_seopress_robots_index":""},"product_brand":[3407],"product_cat":[5531,29,491],"product_tag":[3270],"class_list":{"0":"post-571928","1":"product","2":"type-product","3":"status-publish","4":"has-post-thumbnail","6":"product_brand-milwaukee","7":"product_cat-vari-macchinari-milwaukee","8":"product_cat-macchinari","9":"product_cat-accessori-sistemi-a-batteria","10":"product_tag-import-milwau","11":"sws-conto-ricavi-merci-rivendita-macchinari-de","12":"sws-gruppo-iva-iva81-de","14":"first","15":"onbackorder","16":"shipping-taxable","17":"purchasable","18":"product-type-simple"},"_links":{"self":[{"href":"https:\/\/lucacastelli.com\/de\/wp-json\/wp\/v2\/product\/571928","targetHints":{"allow":["GET"]}}],"collection":[{"href":"https:\/\/lucacastelli.com\/de\/wp-json\/wp\/v2\/product"}],"about":[{"href":"https:\/\/lucacastelli.com\/de\/wp-json\/wp\/v2\/types\/product"}],"wp:featuredmedia":[{"embeddable":true,"href":"https:\/\/lucacastelli.com\/de\/wp-json\/wp\/v2\/media\/571929"}],"wp:attachment":[{"href":"https:\/\/lucacastelli.com\/de\/wp-json\/wp\/v2\/media?parent=571928"}],"wp:term":[{"taxonomy":"product_brand","embeddable":true,"href":"https:\/\/lucacastelli.com\/de\/wp-json\/wp\/v2\/product_brand?post=571928"},{"taxonomy":"product_cat","embeddable":true,"href":"https:\/\/lucacastelli.com\/de\/wp-json\/wp\/v2\/product_cat?post=571928"},{"taxonomy":"product_tag","embeddable":true,"href":"https:\/\/lucacastelli.com\/de\/wp-json\/wp\/v2\/product_tag?post=571928"}],"curies":[{"name":"wp","href":"https:\/\/api.w.org\/{rel}","templated":true}]}}