{"id":571603,"date":"2025-08-07T06:27:01","date_gmt":"2025-08-07T04:27:01","guid":{"rendered":"https:\/\/lucacastelli.com\/?post_type=product&#038;p=571603"},"modified":"2026-01-04T17:57:52","modified_gmt":"2026-01-04T16:57:52","slug":"milwaukee-lucidatrice-rotativa-m18-fuel","status":"publish","type":"product","link":"https:\/\/lucacastelli.com\/de\/produkt\/milwaukee-lucidatrice-rotativa-m18-fuel\/","title":{"rendered":"MILWAUKEE Lucidatrice rotativa M18 FUEL\u2122"},"content":{"rendered":"<p>M18 FAP180-0X\/LUCIDATRICI<br \/>\nMotore senza spazzole POWERSTATE\u2122 progettato e costruito da Milwaukee\u00ae;Il sistema intelligente REDLINK PLUS\u2122 fornisce una protezione digitale avanzata al sovraccarico per utensili e batterie, e migliora in modo eccezionale le prestazioni dell&#8217;utensile sotto carico;La batteria REDLITHIUM\u2122 offre una costruzione del pacco batteria superiore, elettronica e prestazioni costanti per offrire pi\u00f9 autonomia e pi\u00f9 lavoro durante la vita della batteria;La prima lucidatrice a batteria al mondo con 8 velocit\u00e0 selezionabili (da 360 a 2200 giri\/min);Autonomia di lucidatura di un&#8217;intera macchina con una carica (durata calcolata su applicazioni non gravose);Avviamento morbido e velocit\u00e0 costante;Diametro massimo degli accessori di lucidatura di 180mm;Griglia di protezione della polvere rimovibile per prevenire l&#8217;ingresso di detriti, prolungando la vita del motore;Impugnatura in gomma confortevole, anche per utilizzi verticali;Possibilit\u00e0 di bloccare l&#8217;interruttore per lavori prolungati;3 posizioni differenti dell&#8217;impugnatura frontale per un maggiore controllo;Protezione contro il riavvio accidentale (LLO), in caso di sgancio batteria;Funziona con tutte le batterie MILWAUKEE\u00ae M18\u2122<\/p>\n<p>4933451552<br \/>\n4002395144549<\/p>\n","protected":false},"excerpt":{"rendered":"<p>M18 FAP180-0X\/LUCIDATRICI<\/p>\n","protected":false},"featured_media":455270,"template":"","meta":{"_seopress_robots_primary_cat":"","_seopress_titles_title":"","_seopress_titles_desc":"","_seopress_robots_index":""},"product_brand":[3407],"product_cat":[5531,29,491],"product_tag":[3270],"class_list":{"0":"post-571603","1":"product","2":"type-product","3":"status-publish","4":"has-post-thumbnail","6":"product_brand-milwaukee","7":"product_cat-vari-macchinari-milwaukee","8":"product_cat-macchinari","9":"product_cat-accessori-sistemi-a-batteria","10":"product_tag-import-milwau","11":"sws-conto-ricavi-merci-rivendita-macchinari","12":"sws-gruppo-iva-iva81","14":"first","15":"onbackorder","16":"shipping-taxable","17":"purchasable","18":"product-type-simple"},"_links":{"self":[{"href":"https:\/\/lucacastelli.com\/de\/wp-json\/wp\/v2\/product\/571603","targetHints":{"allow":["GET"]}}],"collection":[{"href":"https:\/\/lucacastelli.com\/de\/wp-json\/wp\/v2\/product"}],"about":[{"href":"https:\/\/lucacastelli.com\/de\/wp-json\/wp\/v2\/types\/product"}],"wp:featuredmedia":[{"embeddable":true,"href":"https:\/\/lucacastelli.com\/de\/wp-json\/wp\/v2\/media\/455270"}],"wp:attachment":[{"href":"https:\/\/lucacastelli.com\/de\/wp-json\/wp\/v2\/media?parent=571603"}],"wp:term":[{"taxonomy":"product_brand","embeddable":true,"href":"https:\/\/lucacastelli.com\/de\/wp-json\/wp\/v2\/product_brand?post=571603"},{"taxonomy":"product_cat","embeddable":true,"href":"https:\/\/lucacastelli.com\/de\/wp-json\/wp\/v2\/product_cat?post=571603"},{"taxonomy":"product_tag","embeddable":true,"href":"https:\/\/lucacastelli.com\/de\/wp-json\/wp\/v2\/product_tag?post=571603"}],"curies":[{"name":"wp","href":"https:\/\/api.w.org\/{rel}","templated":true}]}}