{"id":560922,"date":"2025-08-03T20:27:24","date_gmt":"2025-08-03T18:27:24","guid":{"rendered":"https:\/\/lucacastelli.com\/prodotto\/stihl-t-shirt-logo-circle-2\/"},"modified":"2025-08-03T20:27:42","modified_gmt":"2025-08-03T18:27:42","slug":"stihl-t-shirt-logo-circle-2","status":"publish","type":"product","link":"https:\/\/lucacastelli.com\/de\/produkt\/stihl-t-shirt-logo-circle-2\/","title":{"rendered":"STIHL T-Shirt LOGO-CIRCLE"},"content":{"rendered":"<p>Was darf in der Garderobe eines jeden Fans nicht fehlen? Nat\u00fcrlich &#8211; dieses legend\u00e4re T-Shirt! Sie hat eine gute Passform und ist angenehm zu tragen. Mit gro\u00dfem &#8220;LEGENDARY PERFORMANCE&#8221;-Print auf dem R\u00fccken und dezentem STIHL Logo auf der linken Brust. Das ist eine klare Ansage: Ich bin ein Enthusiast!<\/p>\n","protected":false},"excerpt":{"rendered":"<p>Was darf in der Garderobe eines jeden Fans nicht fehlen? Nat\u00fcrlich &#8211; dieses legend\u00e4re T-Shirt! Sie hat eine gute Passform<\/p>\n","protected":false},"featured_media":560912,"template":"","meta":{"_seopress_robots_primary_cat":"","_seopress_titles_title":"","_seopress_titles_desc":"","_seopress_robots_index":""},"product_brand":[3366],"product_cat":[21,189,190],"product_tag":[],"class_list":{"0":"post-560922","1":"product","2":"type-product","3":"status-publish","4":"has-post-thumbnail","6":"product_brand-stihl","7":"product_cat-abbigliamento","8":"product_cat-abbigliamento-per-il-tempo-libero","9":"product_cat-abbigliamento-da-uomo","10":"sws-gruppo-abb-libero-de","11":"sws-conto-ricavi-merci-rivendita-abbigliamento-de","12":"sws-gruppo-iva-iva81-de","14":"first","15":"instock","16":"shipping-taxable","17":"product-type-variable"},"_links":{"self":[{"href":"https:\/\/lucacastelli.com\/de\/wp-json\/wp\/v2\/product\/560922","targetHints":{"allow":["GET"]}}],"collection":[{"href":"https:\/\/lucacastelli.com\/de\/wp-json\/wp\/v2\/product"}],"about":[{"href":"https:\/\/lucacastelli.com\/de\/wp-json\/wp\/v2\/types\/product"}],"wp:featuredmedia":[{"embeddable":true,"href":"https:\/\/lucacastelli.com\/de\/wp-json\/wp\/v2\/media\/560912"}],"wp:attachment":[{"href":"https:\/\/lucacastelli.com\/de\/wp-json\/wp\/v2\/media?parent=560922"}],"wp:term":[{"taxonomy":"product_brand","embeddable":true,"href":"https:\/\/lucacastelli.com\/de\/wp-json\/wp\/v2\/product_brand?post=560922"},{"taxonomy":"product_cat","embeddable":true,"href":"https:\/\/lucacastelli.com\/de\/wp-json\/wp\/v2\/product_cat?post=560922"},{"taxonomy":"product_tag","embeddable":true,"href":"https:\/\/lucacastelli.com\/de\/wp-json\/wp\/v2\/product_tag?post=560922"}],"curies":[{"name":"wp","href":"https:\/\/api.w.org\/{rel}","templated":true}]}}