{"id":560899,"date":"2025-08-03T18:36:39","date_gmt":"2025-08-03T16:36:39","guid":{"rendered":"https:\/\/lucacastelli.com\/prodotto\/stihl-ms-181-2\/"},"modified":"2025-08-13T10:40:05","modified_gmt":"2025-08-13T08:40:05","slug":"stihl-ms-181-2","status":"publish","type":"product","link":"https:\/\/lucacastelli.com\/de\/produkt\/stihl-ms-181-2\/","title":{"rendered":"STIHL MS 181"},"content":{"rendered":"<p>Leicht und kompakt<\/p>\n<p>Leichte Kettens\u00e4ge mit geringen Vibrationen. Umfangreiche Ausstattung, z. B. langlebiges Luftfiltersystem und Antivibrationssystem. Hervorragend geeignet zum Schneiden von Brennholz, f\u00fcr Tischlerarbeiten und zum F\u00e4llen kleiner B\u00e4ume. 20 % weniger Kraftstoffverbrauch und 70 % weniger Abgasemissionen im Vergleich zu herk\u00f6mmlichen Kettens\u00e4gen.   <\/p>\n<p>Technische Daten<\/p>\n<p>Hubraum cm\u00b3 31.8<br \/>\nLeistung kW\/HP 1.5\/2<br \/>\nGewicht kg 1) 4.3<br \/>\nGewicht\/Leistungsverh\u00e4ltnis kg\/kW 2.9<br \/>\nGesamtgewicht kg 2) 4.88 \/ 4.98<br \/>\nSchalldruckpegel dB(A) 3) 100<br \/>\nSchallleistungspegel dB(A) 3) 112<br \/>\nSchwingungswert links\/rechts m\/s\u00b2 4) 3.5\/3<br \/>\nCO2 g\/kWh 1.039<br \/>\nKettenteilung 3\/8&#8243; P<\/p>\n<p>1) ohne Kraftstoff, F\u00fchrungsschiene und Kette<br \/>\n2) ohne Kraftstoff, mit F\u00fchrungsschiene und Kette<br \/>\n3) K-Faktor nach RL 2006\/42\/EG = 2,5 dB(A)<br \/>\n4) K-Faktor nach RL 2006\/42\/EG = 2 m\/s\u00b2<\/p>\n","protected":false},"excerpt":{"rendered":"<p>Leicht und kompakt Leichte Kettens\u00e4ge mit geringen Vibrationen. Umfangreiche Ausstattung, z. B. langlebiges Luftfiltersystem und Antivibrationssystem. Hervorragend geeignet zum Schneiden<\/p>\n","protected":false},"featured_media":560896,"template":"","meta":{"_seopress_robots_primary_cat":"none","_seopress_titles_title":"","_seopress_titles_desc":"","_seopress_robots_index":""},"product_brand":[3554],"product_cat":[169,1612,1616],"product_tag":[],"class_list":{"0":"post-560899","1":"product","2":"type-product","3":"status-publish","4":"has-post-thumbnail","6":"product_brand-stihl-de","7":"product_cat-maschinen","8":"product_cat-kettensagen","9":"product_cat-motor-kettensagen","10":"sws-gruppo-macchinari-de","11":"sws-conto-ricavi-merci-rivendita-macchinari-de","12":"sws-gruppo-iva-iva81-de","14":"first","15":"onbackorder","16":"shipping-taxable","17":"purchasable","18":"product-type-variable"},"_links":{"self":[{"href":"https:\/\/lucacastelli.com\/de\/wp-json\/wp\/v2\/product\/560899","targetHints":{"allow":["GET"]}}],"collection":[{"href":"https:\/\/lucacastelli.com\/de\/wp-json\/wp\/v2\/product"}],"about":[{"href":"https:\/\/lucacastelli.com\/de\/wp-json\/wp\/v2\/types\/product"}],"wp:featuredmedia":[{"embeddable":true,"href":"https:\/\/lucacastelli.com\/de\/wp-json\/wp\/v2\/media\/560896"}],"wp:attachment":[{"href":"https:\/\/lucacastelli.com\/de\/wp-json\/wp\/v2\/media?parent=560899"}],"wp:term":[{"taxonomy":"product_brand","embeddable":true,"href":"https:\/\/lucacastelli.com\/de\/wp-json\/wp\/v2\/product_brand?post=560899"},{"taxonomy":"product_cat","embeddable":true,"href":"https:\/\/lucacastelli.com\/de\/wp-json\/wp\/v2\/product_cat?post=560899"},{"taxonomy":"product_tag","embeddable":true,"href":"https:\/\/lucacastelli.com\/de\/wp-json\/wp\/v2\/product_tag?post=560899"}],"curies":[{"name":"wp","href":"https:\/\/api.w.org\/{rel}","templated":true}]}}