{"id":560887,"date":"2025-08-03T18:36:19","date_gmt":"2025-08-03T16:36:19","guid":{"rendered":"https:\/\/lucacastelli.com\/prodotto\/stihl-ms-211-c-be-2\/"},"modified":"2025-08-13T10:38:55","modified_gmt":"2025-08-13T08:38:55","slug":"stihl-ms-211-c-be-2","status":"publish","type":"product","link":"https:\/\/lucacastelli.com\/de\/produkt\/stihl-ms-211-c-be-2\/","title":{"rendered":"STIHL MS 211 C-BE"},"content":{"rendered":"<p>Moderne, leichte und komfortable Kettens\u00e4ge mit ErgoStart und Kettenschnellspanner<\/p>\n<p>Komfortable und vibrationsarme Benzin-Kettens\u00e4ge f\u00fcr die Rasenpflege. Bequemes Starten dank ErgoStart (E). Einfacher Kettenwechsel dank des praktischen Kettenschnellspanners (B). \u00c4u\u00dferst vibrationsarm. Umfangreiche Ausstattung. Langlebiges Filtersystem mit Vorfilter. Erf\u00fcllt die strengen Abgasvorschriften EU II und EPA II. Hervorragend geeignet f\u00fcr Brennholz, Holzbau und das F\u00e4llen von B\u00e4umen bis zu 30 cm Durchmesser.       <\/p>\n<p>Technische Daten<\/p>\n<p>Verdr\u00e4ngung cm\u00b3 35.2<br \/>\nLeistung kW\/HP 1.7\/2.3<br \/>\nGewicht kg 1) 4.6<br \/>\nGewicht\/Leistungsverh\u00e4ltnis kg\/kW 2.7<br \/>\nGesamtgewicht kg 2) 5.18 \/ 5.18 \/ 5.28 \/ 5,28<br \/>\nSchalldruckpegel dB(A) 3) 100<br \/>\nSchallleistungspegel dB(A) 3) 113<br \/>\nSchwingungswert links\/rechts m\/s\u00b2 4) 3,5\/3,5<br \/>\nCO2 g\/kWh 999<br \/>\nKettenteilung 3\/8&#8243; P<\/p>\n<p>1) ohne Kraftstoff, F\u00fchrungsschiene und Kette<br \/>\n2) ohne Kraftstoff, mit F\u00fchrungsschiene und Kette<br \/>\n3) K-Faktor nach RL 2006\/42\/EG = 2,5 dB(A)<br \/>\n4) K-Faktor nach RL 2006\/42\/EG = 2 m\/s\u00b2<\/p>\n","protected":false},"excerpt":{"rendered":"<p>Moderne, leichte und komfortable Kettens\u00e4ge mit ErgoStart und Kettenschnellspanner Komfortable und vibrationsarme Benzin-Kettens\u00e4ge f\u00fcr die Rasenpflege. Bequemes Starten dank ErgoStart<\/p>\n","protected":false},"featured_media":560884,"template":"","meta":{"_seopress_robots_primary_cat":"none","_seopress_titles_title":"","_seopress_titles_desc":"","_seopress_robots_index":""},"product_brand":[3554],"product_cat":[169,1612,1616],"product_tag":[],"class_list":{"0":"post-560887","1":"product","2":"type-product","3":"status-publish","4":"has-post-thumbnail","6":"product_brand-stihl-de","7":"product_cat-maschinen","8":"product_cat-kettensagen","9":"product_cat-motor-kettensagen","10":"sws-gruppo-macchinari-de","11":"sws-conto-ricavi-merci-rivendita-macchinari-de","12":"sws-gruppo-iva-iva81-de","14":"first","15":"onbackorder","16":"shipping-taxable","17":"purchasable","18":"product-type-variable"},"_links":{"self":[{"href":"https:\/\/lucacastelli.com\/de\/wp-json\/wp\/v2\/product\/560887","targetHints":{"allow":["GET"]}}],"collection":[{"href":"https:\/\/lucacastelli.com\/de\/wp-json\/wp\/v2\/product"}],"about":[{"href":"https:\/\/lucacastelli.com\/de\/wp-json\/wp\/v2\/types\/product"}],"wp:featuredmedia":[{"embeddable":true,"href":"https:\/\/lucacastelli.com\/de\/wp-json\/wp\/v2\/media\/560884"}],"wp:attachment":[{"href":"https:\/\/lucacastelli.com\/de\/wp-json\/wp\/v2\/media?parent=560887"}],"wp:term":[{"taxonomy":"product_brand","embeddable":true,"href":"https:\/\/lucacastelli.com\/de\/wp-json\/wp\/v2\/product_brand?post=560887"},{"taxonomy":"product_cat","embeddable":true,"href":"https:\/\/lucacastelli.com\/de\/wp-json\/wp\/v2\/product_cat?post=560887"},{"taxonomy":"product_tag","embeddable":true,"href":"https:\/\/lucacastelli.com\/de\/wp-json\/wp\/v2\/product_tag?post=560887"}],"curies":[{"name":"wp","href":"https:\/\/api.w.org\/{rel}","templated":true}]}}