{"id":560878,"date":"2025-08-03T18:25:18","date_gmt":"2025-08-03T16:25:18","guid":{"rendered":"https:\/\/lucacastelli.com\/prodotto\/stihl-set-di-mini-ugelli-2\/"},"modified":"2025-08-13T10:09:47","modified_gmt":"2025-08-13T08:09:47","slug":"stihl-set-di-mini-ugelli-2","status":"publish","type":"product","link":"https:\/\/lucacastelli.com\/de\/produkt\/stihl-set-di-mini-ugelli-2\/","title":{"rendered":"STIHL Mini-D\u00fcsen-Set"},"content":{"rendered":"<p>Zubeh\u00f6r-Set f\u00fcr den Akku-Handstaubsauger SEA 20, bestehend aus drei Verl\u00e4ngerungsschl\u00e4uchen und D\u00fcsen, die jeweils miteinander kombinierbar sind. Zur Reinigung von besonders schmalen oder schwer zug\u00e4nglichen Stellen, wie z.B. Heizk\u00f6rperfugen. <\/p>\n<p>Lieferumfang:<br \/>\n 3 x Schlauchverl\u00e4ngerung<br \/>\n3 x D\u00fcse<br \/>\n1 x Aufbewahrungskoffer<\/p>\n","protected":false},"excerpt":{"rendered":"<p>Zubeh\u00f6r-Set f\u00fcr den Akku-Handstaubsauger SEA 20, bestehend aus drei Verl\u00e4ngerungsschl\u00e4uchen und D\u00fcsen, die jeweils miteinander kombinierbar sind. Zur Reinigung von<\/p>\n","protected":false},"featured_media":560875,"template":"","meta":{"_seopress_robots_primary_cat":"none","_seopress_titles_title":"","_seopress_titles_desc":"","_seopress_robots_index":""},"product_brand":[3366],"product_cat":[29,514,517],"product_tag":[],"class_list":{"0":"post-560878","1":"product","2":"type-product","3":"status-publish","4":"has-post-thumbnail","6":"product_brand-stihl","7":"product_cat-macchinari","8":"product_cat-altri-dispositivi","9":"product_cat-aspiratori-per-la-pulizia","10":"sws-gruppo-macchinari-de","11":"sws-conto-ricavi-merci-rivendita-macchinari-de","12":"sws-gruppo-iva-iva81-de","14":"first","15":"onbackorder","16":"shipping-taxable","17":"purchasable","18":"product-type-simple"},"_links":{"self":[{"href":"https:\/\/lucacastelli.com\/de\/wp-json\/wp\/v2\/product\/560878","targetHints":{"allow":["GET"]}}],"collection":[{"href":"https:\/\/lucacastelli.com\/de\/wp-json\/wp\/v2\/product"}],"about":[{"href":"https:\/\/lucacastelli.com\/de\/wp-json\/wp\/v2\/types\/product"}],"wp:featuredmedia":[{"embeddable":true,"href":"https:\/\/lucacastelli.com\/de\/wp-json\/wp\/v2\/media\/560875"}],"wp:attachment":[{"href":"https:\/\/lucacastelli.com\/de\/wp-json\/wp\/v2\/media?parent=560878"}],"wp:term":[{"taxonomy":"product_brand","embeddable":true,"href":"https:\/\/lucacastelli.com\/de\/wp-json\/wp\/v2\/product_brand?post=560878"},{"taxonomy":"product_cat","embeddable":true,"href":"https:\/\/lucacastelli.com\/de\/wp-json\/wp\/v2\/product_cat?post=560878"},{"taxonomy":"product_tag","embeddable":true,"href":"https:\/\/lucacastelli.com\/de\/wp-json\/wp\/v2\/product_tag?post=560878"}],"curies":[{"name":"wp","href":"https:\/\/api.w.org\/{rel}","templated":true}]}}