{"id":560870,"date":"2025-08-03T18:14:20","date_gmt":"2025-08-03T16:14:20","guid":{"rendered":"https:\/\/lucacastelli.com\/prodotto\/ugello-piatto-curvo-bga-85-2\/"},"modified":"2025-08-03T18:14:24","modified_gmt":"2025-08-03T16:14:24","slug":"ugello-piatto-curvo-bga-85-2","status":"publish","type":"product","link":"https:\/\/lucacastelli.com\/de\/produkt\/ugello-piatto-curvo-bga-85-2\/","title":{"rendered":"Ugello piatto, curvo BGA 85"},"content":{"rendered":"<p>Erm\u00f6glicht gro\u00dffl\u00e4chiges Arbeiten durch weit gef\u00e4cherten, parallel zum Boden gef\u00fchrten Luftstrom. Zubeh\u00f6r f\u00fcr BGA 86 und das KombiWerkzeug Blasger\u00e4t BG-KM.<\/p>\n","protected":false},"excerpt":{"rendered":"<p>Erm\u00f6glicht gro\u00dffl\u00e4chiges Arbeiten durch weit gef\u00e4cherten, parallel zum Boden gef\u00fchrten Luftstrom. Zubeh\u00f6r f\u00fcr BGA 86 und das KombiWerkzeug Blasger\u00e4t BG-KM.<\/p>\n","protected":false},"featured_media":560864,"template":"","meta":{"_seopress_robots_primary_cat":"","_seopress_titles_title":"","_seopress_titles_desc":"","_seopress_robots_index":""},"product_brand":[3366],"product_cat":[29,485,489],"product_tag":[],"class_list":{"0":"post-560870","1":"product","2":"type-product","3":"status-publish","4":"has-post-thumbnail","6":"product_brand-stihl","7":"product_cat-macchinari","8":"product_cat-soffiatori-e-aspiratori","9":"product_cat-soffiatori-a-batteria","11":"first","12":"onbackorder","13":"shipping-taxable","14":"purchasable","15":"product-type-simple"},"_links":{"self":[{"href":"https:\/\/lucacastelli.com\/de\/wp-json\/wp\/v2\/product\/560870","targetHints":{"allow":["GET"]}}],"collection":[{"href":"https:\/\/lucacastelli.com\/de\/wp-json\/wp\/v2\/product"}],"about":[{"href":"https:\/\/lucacastelli.com\/de\/wp-json\/wp\/v2\/types\/product"}],"wp:featuredmedia":[{"embeddable":true,"href":"https:\/\/lucacastelli.com\/de\/wp-json\/wp\/v2\/media\/560864"}],"wp:attachment":[{"href":"https:\/\/lucacastelli.com\/de\/wp-json\/wp\/v2\/media?parent=560870"}],"wp:term":[{"taxonomy":"product_brand","embeddable":true,"href":"https:\/\/lucacastelli.com\/de\/wp-json\/wp\/v2\/product_brand?post=560870"},{"taxonomy":"product_cat","embeddable":true,"href":"https:\/\/lucacastelli.com\/de\/wp-json\/wp\/v2\/product_cat?post=560870"},{"taxonomy":"product_tag","embeddable":true,"href":"https:\/\/lucacastelli.com\/de\/wp-json\/wp\/v2\/product_tag?post=560870"}],"curies":[{"name":"wp","href":"https:\/\/api.w.org\/{rel}","templated":true}]}}