{"id":560798,"date":"2025-08-03T12:31:30","date_gmt":"2025-08-03T10:31:30","guid":{"rendered":"https:\/\/lucacastelli.com\/prodotto\/stihl-funktionssocken-2\/"},"modified":"2025-12-19T16:30:47","modified_gmt":"2025-12-19T15:30:47","slug":"stihl-funktionssocken-2","status":"publish","type":"product","link":"https:\/\/lucacastelli.com\/de\/produkt\/stihl-funktionssocken-2\/","title":{"rendered":"STIHL Funktionssocken"},"content":{"rendered":"<p>Sitzt, passt, rutscht nicht\u2009! Genau so m\u00fcssen Funktionssocken sein. Wir haben sie gleich in verschiedenen Farben. Der funktionale Materialmix aus 35\u2009% Baumwolle, 50\u2009% Coolmax-Polyester, 10\u2009% Polyamid und 5\u2009% Elastan leitet Feuchtigkeit nach au\u00dfen und h\u00e4lt die F\u00fc\u00dfe warm. Optimale Passform und perfekt im Schuh.<\/p>\n","protected":false},"excerpt":{"rendered":"<p>Sitzt, passt, rutscht nicht\u2009! Genau so m\u00fcssen Funktionssocken sein. Wir haben sie gleich in verschiedenen Farben. Der funktionale Materialmix aus<\/p>\n","protected":false},"featured_media":560780,"template":"","meta":{"_seopress_robots_primary_cat":"","_seopress_titles_title":"","_seopress_titles_desc":"","_seopress_robots_index":""},"product_brand":[3554],"product_cat":[175,1400],"product_tag":[],"class_list":{"0":"post-560798","1":"product","2":"type-product","3":"status-publish","4":"has-post-thumbnail","6":"product_brand-stihl-de","7":"product_cat-schuhe","8":"product_cat-zubehor-fur-schuhe","9":"sws-gruppo-abb-libero-de","10":"sws-conto-ricavi-merci-rivendita-abbigliamento-de","11":"sws-gruppo-iva-iva81-de","13":"first","14":"onbackorder","15":"shipping-taxable","16":"purchasable","17":"product-type-variable"},"_links":{"self":[{"href":"https:\/\/lucacastelli.com\/de\/wp-json\/wp\/v2\/product\/560798","targetHints":{"allow":["GET"]}}],"collection":[{"href":"https:\/\/lucacastelli.com\/de\/wp-json\/wp\/v2\/product"}],"about":[{"href":"https:\/\/lucacastelli.com\/de\/wp-json\/wp\/v2\/types\/product"}],"wp:featuredmedia":[{"embeddable":true,"href":"https:\/\/lucacastelli.com\/de\/wp-json\/wp\/v2\/media\/560780"}],"wp:attachment":[{"href":"https:\/\/lucacastelli.com\/de\/wp-json\/wp\/v2\/media?parent=560798"}],"wp:term":[{"taxonomy":"product_brand","embeddable":true,"href":"https:\/\/lucacastelli.com\/de\/wp-json\/wp\/v2\/product_brand?post=560798"},{"taxonomy":"product_cat","embeddable":true,"href":"https:\/\/lucacastelli.com\/de\/wp-json\/wp\/v2\/product_cat?post=560798"},{"taxonomy":"product_tag","embeddable":true,"href":"https:\/\/lucacastelli.com\/de\/wp-json\/wp\/v2\/product_tag?post=560798"}],"curies":[{"name":"wp","href":"https:\/\/api.w.org\/{rel}","templated":true}]}}